{"id":622,"date":"2023-05-18T18:42:13","date_gmt":"2023-05-18T16:42:13","guid":{"rendered":"http:\/\/saint-germain.us\/?page_id=622"},"modified":"2023-08-10T09:10:56","modified_gmt":"2023-08-10T07:10:56","slug":"p35","status":"publish","type":"page","link":"https:\/\/saint-germain.us\/index.php\/p35\/","title":{"rendered":"P35"},"content":{"rendered":"\n<h2 class=\"wp-block-heading\">Mare aux canes<\/h2>\n\n\n\n<hr class=\"wp-block-separator has-alpha-channel-opacity\"\/>\n\n\n\n<div style=\"height:18px\" aria-hidden=\"true\" class=\"wp-block-spacer\"><\/div>\n\n\n\n<figure class=\"wp-block-image aligncenter size-large\"><img loading=\"lazy\" decoding=\"async\" width=\"576\" height=\"1024\" src=\"http:\/\/saint-germain.us\/wp-content\/uploads\/2023\/05\/Iris-576x1024.jpg\" alt=\"\" class=\"wp-image-732\" srcset=\"https:\/\/saint-germain.us\/wp-content\/uploads\/2023\/05\/Iris-576x1024.jpg 576w, https:\/\/saint-germain.us\/wp-content\/uploads\/2023\/05\/Iris-169x300.jpg 169w, https:\/\/saint-germain.us\/wp-content\/uploads\/2023\/05\/Iris-768x1365.jpg 768w, https:\/\/saint-germain.us\/wp-content\/uploads\/2023\/05\/Iris-864x1536.jpg 864w, https:\/\/saint-germain.us\/wp-content\/uploads\/2023\/05\/Iris-1152x2048.jpg 1152w, https:\/\/saint-germain.us\/wp-content\/uploads\/2023\/05\/Iris-scaled.jpg 1440w\" sizes=\"auto, (max-width: 576px) 100vw, 576px\" \/><\/figure>\n\n\n\n<figure class=\"wp-block-table\"><table><tbody><tr><td>Sujet <\/td><td>Mare aux canes<\/td><\/tr><tr><td>Lien<\/td><td><a href=\"https:\/\/www.alltrails.com\/fr\/explore\/trail\/france\/yvelines\/la-mare-aux-canes?mobileMap=false&amp;ref=sidebar-static-map\">Ici<\/a><\/td><\/tr><tr><td>Origine<\/td><td>Alltrails<\/td><\/tr><tr><td><\/td><td>Circuit de promenade<\/td><\/tr><tr><td>Date de r\u00e9vision<\/td><td>26\/04\/2023<\/td><\/tr><\/tbody><\/table><\/figure>\n\n\n\n<p>D\u00e9couvrez cet itin\u00e9raire aller-retour de 3,9-km pr\u00e8s de Saint-Germain-en-Laye, Yvelines. G\u00e9n\u00e9ralement consid\u00e9r\u00e9 comme un parcours facile, il faut en moyenne 57 min pour le parcourir. Cet itin\u00e9raire est id\u00e9al pour la randonn\u00e9e et la balade, et vous ne croiserez s\u00fbrement pas grand monde sur les sentiers. Les chiens sont les bienvenus et peuvent \u00eatre l\u00e2ch\u00e9s \u00e0 certains endroits.<\/p>\n\n\n\n<hr class=\"wp-block-separator has-alpha-channel-opacity\"\/>\n\n\n\n<h5 class=\"wp-block-heading\">commentaires :<a href=\"http:\/\/saint-germain.us\/index.php\/page-d-exemple\/\"> ICI<\/a><\/h5>\n\n\n\n<hr class=\"wp-block-separator has-alpha-channel-opacity\"\/>\n","protected":false},"excerpt":{"rendered":"<p>Mare aux canes Sujet Mare aux canes Lien Ici Origine Alltrails Circuit de promenade Date de r\u00e9vision 26\/04\/2023 D\u00e9couvrez cet itin\u00e9raire aller-retour de 3,9-km pr\u00e8s de Saint-Germain-en-Laye, Yvelines. G\u00e9n\u00e9ralement consid\u00e9r\u00e9 comme un parcours facile, il faut en moyenne 57 min pour le parcourir. Cet itin\u00e9raire est id\u00e9al pour la randonn\u00e9e et la balade, et vous [&hellip;]<\/p>\n","protected":false},"author":1,"featured_media":0,"parent":0,"menu_order":0,"comment_status":"closed","ping_status":"closed","template":"","meta":{"footnotes":""},"class_list":["post-622","page","type-page","status-publish","hentry"],"_links":{"self":[{"href":"https:\/\/saint-germain.us\/index.php\/wp-json\/wp\/v2\/pages\/622","targetHints":{"allow":["GET"]}}],"collection":[{"href":"https:\/\/saint-germain.us\/index.php\/wp-json\/wp\/v2\/pages"}],"about":[{"href":"https:\/\/saint-germain.us\/index.php\/wp-json\/wp\/v2\/types\/page"}],"author":[{"embeddable":true,"href":"https:\/\/saint-germain.us\/index.php\/wp-json\/wp\/v2\/users\/1"}],"replies":[{"embeddable":true,"href":"https:\/\/saint-germain.us\/index.php\/wp-json\/wp\/v2\/comments?post=622"}],"version-history":[{"count":10,"href":"https:\/\/saint-germain.us\/index.php\/wp-json\/wp\/v2\/pages\/622\/revisions"}],"predecessor-version":[{"id":2198,"href":"https:\/\/saint-germain.us\/index.php\/wp-json\/wp\/v2\/pages\/622\/revisions\/2198"}],"wp:attachment":[{"href":"https:\/\/saint-germain.us\/index.php\/wp-json\/wp\/v2\/media?parent=622"}],"curies":[{"name":"wp","href":"https:\/\/api.w.org\/{rel}","templated":true}]}}