{"id":63,"date":"2023-04-29T09:07:49","date_gmt":"2023-04-29T07:07:49","guid":{"rendered":"http:\/\/saint-germain.us\/?page_id=63"},"modified":"2023-09-17T13:21:38","modified_gmt":"2023-09-17T11:21:38","slug":"p18","status":"publish","type":"page","link":"https:\/\/saint-germain.us\/index.php\/p18\/","title":{"rendered":"P18"},"content":{"rendered":"\n<h2 class=\"wp-block-heading\">La Maison du val <\/h2>\n\n\n\n<hr class=\"wp-block-separator has-alpha-channel-opacity\"\/>\n\n\n<p><span style=\"color: #333399;\">La page pr\u00e9sente :<\/span><\/p>\n<ul>\n<li><span style=\"color: #333399;\">La biblioth\u00e8que,<\/span><\/li>\n<li><span style=\"color: #333399;\">Un dessin d&rsquo;une vue sur le parc,<\/span><\/li>\n<li><span style=\"color: #333399;\">Une cour int\u00e9rieure.<\/span><\/li>\n<\/ul>\n<p><span style=\"color: #333399;\">Carte du livre : En fin de la grande terrasse<\/span><\/p>\n<p><span style=\"color: #333399;\">Adresse : Route foresti\u00e8re des Brancas<\/span><\/p>\n<p><em><span style=\"color: #333399;\">Vous pouvez ajouter des commentaires en bas de page.<\/span><\/em><\/p>\n\n\n<div style=\"height:18px\" aria-hidden=\"true\" class=\"wp-block-spacer\"><\/div>\n\n\n\n<hr class=\"wp-block-separator has-alpha-channel-opacity\"\/>\n\n\n\n<div style=\"height:18px\" aria-hidden=\"true\" class=\"wp-block-spacer\"><\/div>\n\n\n\n<figure class=\"wp-block-table\"><table><tbody><tr><td>Sujet <\/td><td>Le Ch\u00e2teau du Val<\/td><\/tr><tr><td>Lien<\/td><td><a href=\"https:\/\/www.smlh.fr\/nous-connaitre\/notre-organisation\/la-maison-du-val-1040\">Ici<\/a><\/td><\/tr><tr><td>Origine<\/td><td>Soci\u00e9t\u00e9 des membres de la l\u00e9gion d&rsquo;honneur<\/td><\/tr><tr><td><\/td><td><\/td><\/tr><tr><td>Date de r\u00e9vision<\/td><td>13\/08\/2023<\/td><\/tr><\/tbody><\/table><\/figure>\n\n\n\n<p><\/p>\n\n\n\n<figure class=\"wp-block-image\"><img decoding=\"async\" src=\"https:\/\/www.smlh.fr\/images\/carrousel\/2023094936_1683100031-2023165224-capture-d-ecran-2023-04-20-a-16-50-41.jpeg\" alt=\"\"\/><\/figure>\n\n\n\n<h5 class=\"wp-block-heading\"><strong>Histoire du Ch\u00e2teau du Val<\/strong><\/h5>\n\n\n\n<p>C\u2019est pour&nbsp;Fran\u00e7ois Ier&nbsp;que fut \u00e9difi\u00e9 ici un premier relais de chasse, o\u00f9 dormir quand la nuit tombait t\u00f4t. Henri II y prit ses habitudes, mais c\u2019est Louis XIV qui donna \u00e0 l\u2019endroit les dimensions d\u2019un ch\u00e2teau. Bouscul\u00e9 par la Fronde, le jeune souverain s\u2019installe dans le Ch\u00e2teau de Saint-Germain-en-Laye qui devient sa r\u00e9sidence principale. Opportun\u00e9ment situ\u00e9 au bout d\u2019all\u00e9e promenoir constitu\u00e9e par la Grande Terrasse, le futur Ch\u00e2teau du Val a les attraits d\u2019une retraite plus intimiste, c\u2019est l\u2019endroit parfait pour se reposer d\u2019une partie de chasse.<\/p>\n\n\n\n<p>En 1926, le ch\u00e2teau est offert au G\u00e9n\u00e9ral Dubail, Grand Chancelier de l\u2019Ordre de la L\u00e9gion d\u2019honneur et fondateur de la SEMLH (Soci\u00e9t\u00e9 d\u2019Entraide des membres de la L\u00e9gion d\u2019honneur) afin d\u2019en faire la maison de retraite de la L\u00e9gion d\u2019honneur. En 1935 et 1955, la r\u00e9sidence est agrandie par la construction de b\u00e2timents annexes. Aujourd\u2019hui le Ch\u00e2teau du Val entame une nouvelle vie sous la houlette de la marque h\u00f4teli\u00e8re Les Maisons de Campagne, qui transforme le ch\u00e2teau en maison de d\u00e9connexion id\u00e9ale.<\/p>\n\n\n\n<div style=\"height:18px\" aria-hidden=\"true\" class=\"wp-block-spacer\"><\/div>\n\n\n\n<figure class=\"wp-block-image\"><img decoding=\"async\" src=\"https:\/\/www.smlh.fr\/images\/carrousel\/2023095611_1683100553-2023114031-capture-d-ecran-2023-04-21-a-11-39-45.jpeg\" alt=\"\"\/><\/figure>\n\n\n\n<p>Avec Les Maisons de Campagne le Ch\u00e2teau du Val devient la Maison du Val. Pas question de reproduire une formule, m\u00eame si des marqueurs forts demeurent : g\u00e9n\u00e9rosit\u00e9, chaleur et authenticit\u00e9 sont les cl\u00e9s du concept. Il ne s\u2019agit pas de brusquer la grande demeure, ni de trahir ses nobles origines. La signature Les Maisons de Campagne consiste \u00e0 twister le caract\u00e8re du site. En \u00e9troite collaboration avec les architectes des b\u00e2timents de France, apr\u00e8s plusieurs croquis et \u00e9bauches, plusieurs mois de travaux la maison entre dans le si\u00e8cle en pr\u00e9servant intact le t\u00e9moignage de ses pr\u00e9c\u00e9dentes vies.<\/p>\n\n\n\n<div style=\"height:18px\" aria-hidden=\"true\" class=\"wp-block-spacer\"><\/div>\n\n\n\n<figure class=\"wp-block-image\"><img decoding=\"async\" src=\"https:\/\/www.smlh.fr\/images\/carrousel\/2023105110_capture-d-e-cran-2023-05-03-a-10-50-19.png\" alt=\"\"\/><\/figure>\n\n\n\n<p>Pr\u00e9sentation de la Maison du Val<\/p>\n\n\n\n<p><a href=\"https:\/\/www.smlh.fr\/global\/gene\/link.php?doc_id=644\" target=\"_blank\" rel=\"noreferrer noopener\">D\u00e9couvrir la pr\u00e9sentation<\/a><\/p>\n\n\n\n<div style=\"height:18px\" aria-hidden=\"true\" class=\"wp-block-spacer\"><\/div>\n\n\n\n<hr class=\"wp-block-separator has-alpha-channel-opacity\"\/>\n\n\n\n<p><\/p>\n\n\n\n<figure class=\"wp-block-table\"><table><tbody><tr><td>Sujet <\/td><td>L&rsquo;int\u00e9rieur du ch\u00e2teau<\/td><\/tr><tr><td>Lien<\/td><td><a href=\"https:\/\/fr.wikipedia.org\/wiki\/Ch\u00e2teau_du_Val_(Saint-Germain-en-Laye)\">Ici<\/a><\/td><\/tr><tr><td>Origine<\/td><td>Wikip\u00e9dia<\/td><\/tr><tr><td><\/td><td><\/td><\/tr><tr><td>Date de r\u00e9vision<\/td><td>02\/08\/2023<\/td><\/tr><\/tbody><\/table><\/figure>\n\n\n\n<p>Un seul des quatre salons du rez-de-chauss\u00e9e a conserv\u00e9 son d\u00e9cor du&nbsp;<a href=\"https:\/\/fr.wikipedia.org\/wiki\/XVIIe_si%C3%A8cle\">xvii<sup>e<\/sup>&nbsp;si\u00e8cle<\/a>&nbsp;; le reste de la d\u00e9coration date des travaux effectu\u00e9s par le prince de Beauvau au&nbsp;<a href=\"https:\/\/fr.wikipedia.org\/wiki\/XVIIIe_si%C3%A8cle\">xviii<sup>e<\/sup>&nbsp;si\u00e8cle<\/a>. \u00ab&nbsp;De nombreuses menuiseries de fen\u00eatres, remarquables de qualit\u00e9, ont conserv\u00e9 la fleur de lys d&rsquo;origine.&nbsp;\u00bb<\/p>\n\n\n\n<hr class=\"wp-block-separator has-alpha-channel-opacity\"\/>\n\n\n\n<p>Suite &#8230; <a href=\"http:\/\/saint-germain.us\/index.php\/p19\/\">ICI<\/a><\/p>\n\n\n\n<hr class=\"wp-block-separator has-alpha-channel-opacity\"\/>\n\n\n\n<p>Contact \u00ab\u00a0Maison du Val\u00a0\u00bb : <a href=\"https:\/\/www.lesmaisonsdecampagne.com\/maison-du-val\">ICI<\/a><\/p>\n\n\n\n<hr class=\"wp-block-separator has-alpha-channel-opacity\"\/>\n\n\n\n<h5 class=\"wp-block-heading\">commentaires :<a href=\"http:\/\/saint-germain.us\/index.php\/page-d-exemple\/\"> ICI<\/a><\/h5>\n\n\n\n<hr class=\"wp-block-separator has-alpha-channel-opacity\"\/>\n","protected":false},"excerpt":{"rendered":"<p>La Maison du val La page pr\u00e9sente : La biblioth\u00e8que, Un dessin d&rsquo;une vue sur le parc, Une cour int\u00e9rieure. Carte du livre : En fin de la grande terrasse Adresse : Route foresti\u00e8re des Brancas Vous pouvez ajouter des commentaires en bas de page. Sujet Le Ch\u00e2teau du Val Lien Ici Origine Soci\u00e9t\u00e9 des [&hellip;]<\/p>\n","protected":false},"author":1,"featured_media":0,"parent":0,"menu_order":0,"comment_status":"closed","ping_status":"closed","template":"","meta":{"footnotes":""},"class_list":["post-63","page","type-page","status-publish","hentry"],"_links":{"self":[{"href":"https:\/\/saint-germain.us\/index.php\/wp-json\/wp\/v2\/pages\/63","targetHints":{"allow":["GET"]}}],"collection":[{"href":"https:\/\/saint-germain.us\/index.php\/wp-json\/wp\/v2\/pages"}],"about":[{"href":"https:\/\/saint-germain.us\/index.php\/wp-json\/wp\/v2\/types\/page"}],"author":[{"embeddable":true,"href":"https:\/\/saint-germain.us\/index.php\/wp-json\/wp\/v2\/users\/1"}],"replies":[{"embeddable":true,"href":"https:\/\/saint-germain.us\/index.php\/wp-json\/wp\/v2\/comments?post=63"}],"version-history":[{"count":26,"href":"https:\/\/saint-germain.us\/index.php\/wp-json\/wp\/v2\/pages\/63\/revisions"}],"predecessor-version":[{"id":3128,"href":"https:\/\/saint-germain.us\/index.php\/wp-json\/wp\/v2\/pages\/63\/revisions\/3128"}],"wp:attachment":[{"href":"https:\/\/saint-germain.us\/index.php\/wp-json\/wp\/v2\/media?parent=63"}],"curies":[{"name":"wp","href":"https:\/\/api.w.org\/{rel}","templated":true}]}}