{"id":657,"date":"2023-05-20T18:22:23","date_gmt":"2023-05-20T16:22:23","guid":{"rendered":"http:\/\/saint-germain.us\/?page_id=657"},"modified":"2023-08-10T09:24:05","modified_gmt":"2023-08-10T07:24:05","slug":"p64","status":"publish","type":"page","link":"https:\/\/saint-germain.us\/index.php\/p64\/","title":{"rendered":"P64"},"content":{"rendered":"\n<h2 class=\"wp-block-heading\">Temple protestant<\/h2>\n\n\n\n<hr class=\"wp-block-separator has-alpha-channel-opacity\"\/>\n\n\n<p><span style=\"color: #000080;\">La page pr\u00e9sente :<\/span><\/p>\n<ul>\n<li><span style=\"color: #333399;\">L&rsquo;int\u00e9rieur du temple,<\/span><\/li>\n<li><span style=\"color: #333399;\">Une vue ext\u00e9rieure,<\/span><\/li>\n<li><span style=\"color: #333399;\">Un tableau de Pierre-Antoine (de) Labouch\u00e8re &#8211; Huile sur bois de 1868, accroch\u00e9 dans l&rsquo;arri\u00e8re salle.<\/span><\/li>\n<\/ul>\n<p><span style=\"color: #333399;\">La reine, Jeanne d&rsquo;Albite, arrive d&rsquo;Archiac avec ses deux enfants.&nbsp;<\/span><\/p>\n<p><span style=\"color: #333399;\">Sit\u00f4t descendue de sa voiture, suivie par deux de ses dames et par Victor Brodeau, son secr\u00e9taire, ou par Barbier de Francourt, le chancelier de Navarre, elle pousse de sa main droite le jeune Henri, en armure, vers son oncle, Louis de Bourbon, prince de Cond\u00e9. Sa main gauche prend celle de sa fille Catherine.<\/span><br \/><span style=\"color: #333399;\">Face \u00e0 eux, les chefs militaires sont assembl\u00e9s autour des deux grandes figures huguenotes que sont Louis de Bourbon et Gaspard de Coligny, amiral de France.<\/span><br \/><span style=\"color: #333399;\">Il y a l\u00e0 notamment, Fran\u00e7ois d&rsquo;Andelot, le fr\u00e8re de l&rsquo;amiral de Coligny, La Noue, La Rochefoucauld, Montgommery, Soubise et Rosny, le p\u00e8re du futur duc de Sully. Appuy\u00e9 sur un tabouret et sur une table recouverte d&rsquo;un drap aux armes des Cond\u00e9, Henri de Bourbon, fils du prince de Cond\u00e9 et cousin germain d&rsquo;Henri de Navarre, observe la sc\u00e8ne. Les deux jeunes gens formeront \u00ab\u00a0l&rsquo;arm\u00e9e des Princes\u00a0\u00bb au cours de la troisi\u00e8me guerre de religion.<\/span><\/p>\n<p><span style=\"color: #333399;\">Carte du livre : B<\/span><\/p>\n<p><span style=\"color: #333399;\">Adresse : 1 avenue des Loges<\/span><\/p>\n<p><span style=\"color: #333399;\"><em>Vous pouvez ajouter des commentaires en bas de page.<\/em><\/span><\/p>\n\n\n<hr class=\"wp-block-separator has-alpha-channel-opacity\"\/>\n\n\n\n<div style=\"height:18px\" aria-hidden=\"true\" class=\"wp-block-spacer\"><\/div>\n\n\n\n<figure class=\"wp-block-image size-large\"><img loading=\"lazy\" decoding=\"async\" width=\"1024\" height=\"722\" src=\"http:\/\/saint-germain.us\/wp-content\/uploads\/2023\/07\/Temple-protestant-1-1024x722.jpg\" alt=\"\" class=\"wp-image-1461\" srcset=\"https:\/\/saint-germain.us\/wp-content\/uploads\/2023\/07\/Temple-protestant-1-1024x722.jpg 1024w, https:\/\/saint-germain.us\/wp-content\/uploads\/2023\/07\/Temple-protestant-1-300x212.jpg 300w, https:\/\/saint-germain.us\/wp-content\/uploads\/2023\/07\/Temple-protestant-1-768x542.jpg 768w, https:\/\/saint-germain.us\/wp-content\/uploads\/2023\/07\/Temple-protestant-1-1536x1083.jpg 1536w, https:\/\/saint-germain.us\/wp-content\/uploads\/2023\/07\/Temple-protestant-1-2048x1444.jpg 2048w\" sizes=\"auto, (max-width: 1024px) 100vw, 1024px\" \/><figcaption class=\"wp-element-caption\">Temple protestant (ancienne photo am\u00e9lior\u00e9e@Philippe GOUT)<\/figcaption><\/figure>\n\n\n\n<figure class=\"wp-block-image size-large\"><img loading=\"lazy\" decoding=\"async\" width=\"1024\" height=\"651\" src=\"http:\/\/saint-germain.us\/wp-content\/uploads\/2023\/07\/Temple-protestant-1024x651.jpg\" alt=\"\" class=\"wp-image-1304\" srcset=\"https:\/\/saint-germain.us\/wp-content\/uploads\/2023\/07\/Temple-protestant-1024x651.jpg 1024w, https:\/\/saint-germain.us\/wp-content\/uploads\/2023\/07\/Temple-protestant-300x191.jpg 300w, https:\/\/saint-germain.us\/wp-content\/uploads\/2023\/07\/Temple-protestant-768x488.jpg 768w, https:\/\/saint-germain.us\/wp-content\/uploads\/2023\/07\/Temple-protestant-1536x977.jpg 1536w, https:\/\/saint-germain.us\/wp-content\/uploads\/2023\/07\/Temple-protestant-2048x1303.jpg 2048w\" sizes=\"auto, (max-width: 1024px) 100vw, 1024px\" \/><figcaption class=\"wp-element-caption\">Temple protestant (photo 2023@Philippe GOUT)<\/figcaption><\/figure>\n\n\n\n<figure class=\"wp-block-image size-large\"><img loading=\"lazy\" decoding=\"async\" width=\"1024\" height=\"576\" src=\"http:\/\/saint-germain.us\/wp-content\/uploads\/2023\/08\/Bible-protestant-1024x576.jpg\" alt=\"\" class=\"wp-image-1982\" srcset=\"https:\/\/saint-germain.us\/wp-content\/uploads\/2023\/08\/Bible-protestant-1024x576.jpg 1024w, https:\/\/saint-germain.us\/wp-content\/uploads\/2023\/08\/Bible-protestant-300x169.jpg 300w, https:\/\/saint-germain.us\/wp-content\/uploads\/2023\/08\/Bible-protestant-768x432.jpg 768w, https:\/\/saint-germain.us\/wp-content\/uploads\/2023\/08\/Bible-protestant-1536x864.jpg 1536w, https:\/\/saint-germain.us\/wp-content\/uploads\/2023\/08\/Bible-protestant-2048x1152.jpg 2048w\" sizes=\"auto, (max-width: 1024px) 100vw, 1024px\" \/><figcaption class=\"wp-element-caption\">Bible (@Philippe GOUT)\n<\/figcaption><\/figure>\n\n\n\n<hr class=\"wp-block-separator has-alpha-channel-opacity\"\/>\n\n\n\n<div style=\"height:18px\" aria-hidden=\"true\" class=\"wp-block-spacer\"><\/div>\n\n\n\n<figure class=\"wp-block-table\"><table><tbody><tr><td>Sujet <\/td><td>Eglise protestante unie<\/td><\/tr><tr><td>Lien<\/td><td><a href=\"https:\/\/saintgermainletemple.fr\">Ici<\/a><\/td><\/tr><tr><td>Origine<\/td><td>Site officiel<\/td><\/tr><tr><td><\/td><td><\/td><\/tr><tr><td>Date de r\u00e9vision<\/td><td>21\/05\/2023<\/td><\/tr><\/tbody><\/table><\/figure>\n\n\n\n<figure class=\"wp-block-image size-large\"><img loading=\"lazy\" decoding=\"async\" width=\"1024\" height=\"478\" src=\"http:\/\/saint-germain.us\/wp-content\/uploads\/2023\/05\/Capture-decran-2023-05-21-a-15.57.48-1024x478.png\" alt=\"\" class=\"wp-image-720\" srcset=\"https:\/\/saint-germain.us\/wp-content\/uploads\/2023\/05\/Capture-decran-2023-05-21-a-15.57.48-1024x478.png 1024w, https:\/\/saint-germain.us\/wp-content\/uploads\/2023\/05\/Capture-decran-2023-05-21-a-15.57.48-300x140.png 300w, https:\/\/saint-germain.us\/wp-content\/uploads\/2023\/05\/Capture-decran-2023-05-21-a-15.57.48-768x358.png 768w, https:\/\/saint-germain.us\/wp-content\/uploads\/2023\/05\/Capture-decran-2023-05-21-a-15.57.48-1536x717.png 1536w, https:\/\/saint-germain.us\/wp-content\/uploads\/2023\/05\/Capture-decran-2023-05-21-a-15.57.48-2048x956.png 2048w\" sizes=\"auto, (max-width: 1024px) 100vw, 1024px\" \/><\/figure>\n\n\n\n<hr class=\"wp-block-separator has-alpha-channel-opacity\"\/>\n\n\n\n<div style=\"height:18px\" aria-hidden=\"true\" class=\"wp-block-spacer\"><\/div>\n\n\n\n<figure class=\"wp-block-table\"><table><tbody><tr><td>Sujet <\/td><td>Histoire<\/td><\/tr><tr><td>Lien<\/td><td><a href=\"https:\/\/fr.wikipedia.org\/wiki\/Temple_protestant_de_Saint-Germain-en-Laye\">Ici<\/a><\/td><\/tr><tr><td>Origine<\/td><td>Wikip\u00e9dia<\/td><\/tr><tr><td><\/td><td><\/td><\/tr><tr><td>Date de r\u00e9vision<\/td><td>21\/05\/2023<\/td><\/tr><\/tbody><\/table><\/figure>\n\n\n\n<h5 class=\"wp-block-heading\">Sous l&rsquo;Ancien r\u00e9gime<\/h5>\n\n\n\n<p>Du 9 septembre au 9 octobre 1561, durant le\u00a0<a href=\"https:\/\/fr.wikipedia.org\/wiki\/Colloque_de_Poissy\">Colloque de Poissy<\/a>, le\u00a0<a href=\"https:\/\/fr.wikipedia.org\/wiki\/Ch%C3%A2teau_de_Saint-Germain-en-Laye\">ch\u00e2teau de Saint-Germain<\/a> h\u00e9berge le th\u00e9ologien calviniste\u00a0<a href=\"https:\/\/fr.wikipedia.org\/wiki\/Th%C3%A9odore_de_B%C3%A8ze\">Th\u00e9odore de B\u00e8ze<\/a>. La reine protestante de Navarre\u00a0<a href=\"https:\/\/fr.wikipedia.org\/wiki\/Jeanne_d%27Albret\">Jeanne d&rsquo;Albret<\/a>, fille de\u00a0<a href=\"https:\/\/fr.wikipedia.org\/wiki\/Marguerite_de_Valois-Angoul%C3%AAme\">Marguerite de Valois-Angoul\u00eame<\/a>\u00a0(s\u0153ur de\u00a0<a href=\"https:\/\/fr.wikipedia.org\/wiki\/Fran%C3%A7ois_Ier_(roi_de_France)\">Fran\u00e7ois Ier<\/a>) et m\u00e8re du futur\u00a0<a href=\"https:\/\/fr.wikipedia.org\/wiki\/Henri_IV_(roi_de_France)\">Henri IV<\/a>, n\u00e9e \u00e0 Saint-Germain, est re\u00e7ue au ch\u00e2teau par\u00a0<a href=\"https:\/\/fr.wikipedia.org\/wiki\/Catherine_de_M%C3%A9dicis\">Catherine de M\u00e9dicis<\/a>. Elle fait c\u00e9l\u00e9brer dans la chapelle du ch\u00e2teau la\u00a0<a href=\"https:\/\/fr.wikipedia.org\/wiki\/Sainte-C%C3%A8ne\">Sainte-C\u00e8ne<\/a>\u00a0r\u00e9form\u00e9e en alternance avec la messe catholique.<\/p>\n\n\n\n<p>Le 17 janvier 1562, la r\u00e9gente&nbsp;<a href=\"https:\/\/fr.wikipedia.org\/wiki\/Catherine_de_M%C3%A9dicis\">Catherine de M\u00e9dicis<\/a>, conseill\u00e9e par le chancelier&nbsp;<a href=\"https:\/\/fr.wikipedia.org\/wiki\/Michel_de_L%27Hospital\">Michel de L&rsquo;Hospital<\/a>, fait signer au roi&nbsp;<a href=\"https:\/\/fr.wikipedia.org\/wiki\/Charles_IX_(roi_de_France)\">Charles IX<\/a>&nbsp;l\u2019<a href=\"https:\/\/fr.wikipedia.org\/wiki\/%C3%89dit_de_janvier_1562\">\u00e9dit de janvier<\/a>, ou \u00e9dit de tol\u00e9rance de Saint-Germain, qui reconna\u00eet officiellement aux protestants le droit de s&rsquo;assembler pour leur culte dans les faubourgs des villes et \u00e0 la campagne. Le 8 ao\u00fbt 1570 est sign\u00e9 l&rsquo;<a href=\"https:\/\/fr.wikipedia.org\/wiki\/Paix_de_Saint-Germain-en-Laye\">\u00e9dit de Saint-Germain<\/a>, qui met fin \u00e0 la&nbsp;<a href=\"https:\/\/fr.wikipedia.org\/wiki\/Guerres_de_Religion_(France)\">troisi\u00e8me guerre de Religion<\/a>. Les&nbsp;<a href=\"https:\/\/fr.wikipedia.org\/wiki\/Huguenot\">Huguenots<\/a>&nbsp;obtiennent quatre places de s\u00fbret\u00e9&nbsp;:&nbsp;<a href=\"https:\/\/fr.wikipedia.org\/wiki\/La_Rochelle\">La Rochelle<\/a>,&nbsp;<a href=\"https:\/\/fr.wikipedia.org\/wiki\/Cognac_(Charente)\">Cognac<\/a>,&nbsp;<a href=\"https:\/\/fr.wikipedia.org\/wiki\/Montauban\">Montauban<\/a>&nbsp;et&nbsp;<a href=\"https:\/\/fr.wikipedia.org\/wiki\/La_Charit%C3%A9-sur-Loire\">La Charit\u00e9<\/a>. Les protestants recouvrent la libert\u00e9 de culte dans les faubourgs de deux villes par gouvernement. Les pers\u00e9cutions reprennent sous&nbsp;<a href=\"https:\/\/fr.wikipedia.org\/wiki\/Louis_XIV\">Louis XIV<\/a>, avec la&nbsp;<a href=\"https:\/\/fr.wikipedia.org\/wiki\/%C3%89dit_de_Fontainebleau_(1685)\">R\u00e9vocation de l&rsquo;\u00c9dit de Nantes<\/a>&nbsp;en 1685, jusqu&rsquo;\u00e0 la&nbsp;<a href=\"https:\/\/fr.wikipedia.org\/wiki\/R%C3%A9volution_fran%C3%A7aise\">R\u00e9volution fran\u00e7aise<\/a>.<\/p>\n\n\n\n<h5 class=\"wp-block-heading\">Depuis la R\u00e9volution<\/h5>\n\n\n\n<p>En 1844,\u00a0<a href=\"https:\/\/fr.wikipedia.org\/wiki\/Napol%C3%A9on_Peyrat\">Napol\u00e9on Peyrat<\/a>\u00a0est nomm\u00e9 pasteur auxiliaire puis titulaire de la paroisse de Saint-Germain-en-Laye. Il fait \u00e9difier le temple en 1862, sur l&#8217;emplacement de l&rsquo;ancien h\u00f4tel de Noailles, d\u00e9truit sous la\u00a0<a href=\"https:\/\/fr.wikipedia.org\/wiki\/Monarchie_de_Juillet\">Monarchie de Juillet<\/a>. Il est situ\u00e9 \u00e0 l&rsquo;entr\u00e9e de la ville.<\/p>\n\n\n\n<p>En 1870, pendant le\u00a0<a href=\"https:\/\/fr.wikipedia.org\/wiki\/Si%C3%A8ge_de_Paris_(1870-1871)\">si\u00e8ge de Paris<\/a>\u00a0par l&rsquo;arm\u00e9e prussienne, Napol\u00e9on Peyrat doit n\u00e9gocier avec les officiers allemands qui veulent r\u00e9quisitionner le lieu pour y c\u00e9l\u00e9brer leur culte. Il meurt \u00e0 Saint-Germain le 4 avril 1881, apr\u00e8s avoir \u00e9crit plusieurs ouvrages de po\u00e8mes et d&rsquo;histoire du\u00a0<a href=\"https:\/\/fr.wikipedia.org\/wiki\/Protestantisme_en_France\">protestantisme en France<\/a>. Le temple est labellis\u00e9\u00a0<a href=\"https:\/\/fr.wikipedia.org\/wiki\/Patrimoine_d%27int%C3%A9r%C3%AAt_r%C3%A9gional\">Patrimoine d&rsquo;int\u00e9r\u00eat r\u00e9gional<\/a>\u00a0le 19 novembre 2021.<\/p>\n\n\n\n<h5 class=\"wp-block-heading\">Pasteurs<\/h5>\n\n\n\n<p>Le premier pasteur est\u00a0<a href=\"https:\/\/fr.wikipedia.org\/wiki\/Napol%C3%A9on_Peyrat\">Napol\u00e9on Peyrat<\/a>. Entre 2011 et 2022, Julien Coffinet en est le pasteur. Deux plaques en marbre affich\u00e9es dans le temple conservent la m\u00e9moire des pasteurs successifs.<\/p>\n\n\n\n<hr class=\"wp-block-separator has-alpha-channel-opacity\"\/>\n\n\n\n<h5 class=\"wp-block-heading\">commentaires :<a href=\"http:\/\/saint-germain.us\/index.php\/page-d-exemple\/\"> ICI<\/a><\/h5>\n","protected":false},"excerpt":{"rendered":"<p>Temple protestant La page pr\u00e9sente : L&rsquo;int\u00e9rieur du temple, Une vue ext\u00e9rieure, Un tableau de Pierre-Antoine (de) Labouch\u00e8re &#8211; Huile sur bois de 1868, accroch\u00e9 dans l&rsquo;arri\u00e8re salle. La reine, Jeanne d&rsquo;Albite, arrive d&rsquo;Archiac avec ses deux enfants.&nbsp; Sit\u00f4t descendue de sa voiture, suivie par deux de ses dames et par Victor Brodeau, son secr\u00e9taire, [&hellip;]<\/p>\n","protected":false},"author":1,"featured_media":0,"parent":0,"menu_order":0,"comment_status":"closed","ping_status":"closed","template":"","meta":{"footnotes":""},"class_list":["post-657","page","type-page","status-publish","hentry"],"_links":{"self":[{"href":"https:\/\/saint-germain.us\/index.php\/wp-json\/wp\/v2\/pages\/657","targetHints":{"allow":["GET"]}}],"collection":[{"href":"https:\/\/saint-germain.us\/index.php\/wp-json\/wp\/v2\/pages"}],"about":[{"href":"https:\/\/saint-germain.us\/index.php\/wp-json\/wp\/v2\/types\/page"}],"author":[{"embeddable":true,"href":"https:\/\/saint-germain.us\/index.php\/wp-json\/wp\/v2\/users\/1"}],"replies":[{"embeddable":true,"href":"https:\/\/saint-germain.us\/index.php\/wp-json\/wp\/v2\/comments?post=657"}],"version-history":[{"count":25,"href":"https:\/\/saint-germain.us\/index.php\/wp-json\/wp\/v2\/pages\/657\/revisions"}],"predecessor-version":[{"id":2213,"href":"https:\/\/saint-germain.us\/index.php\/wp-json\/wp\/v2\/pages\/657\/revisions\/2213"}],"wp:attachment":[{"href":"https:\/\/saint-germain.us\/index.php\/wp-json\/wp\/v2\/media?parent=657"}],"curies":[{"name":"wp","href":"https:\/\/api.w.org\/{rel}","templated":true}]}}