{"id":67,"date":"2023-04-29T09:09:09","date_gmt":"2023-04-29T07:09:09","guid":{"rendered":"http:\/\/saint-germain.us\/?page_id=67"},"modified":"2023-08-09T17:41:01","modified_gmt":"2023-08-09T15:41:01","slug":"p20","status":"publish","type":"page","link":"https:\/\/saint-germain.us\/index.php\/p20\/","title":{"rendered":"P20"},"content":{"rendered":"\n<h2 class=\"wp-block-heading\">Pavillon de la Muette<\/h2>\n\n\n\n<hr class=\"wp-block-separator has-alpha-channel-opacity\"\/>\n\n\n<p><span style=\"color: #333399;\">La page pr\u00e9sente :<\/span><\/p>\n<ul>\n<li><span style=\"color: #333399;\">Une photo de la cuisine avec le tourne-broche,<\/span><\/li>\n<li><span style=\"color: #333399;\">Une photo du r\u00e9chauffoir dont la ressemblance avec celui du Petit Trianon est saisissante. (notamment la savante st\u00e9r\u00e9otomie des vo\u00fbtes de pierre)<\/span><\/li>\n<li><span style=\"color: #333399;\">Des dessins du site en cours de restauration en 2023.<\/span><\/li>\n<\/ul>\n<p><span style=\"color: #333399;\">Carte du livre : Au dessus de B<\/span><\/p>\n<p><span style=\"color: #333399;\"><em>Vous pouvez ajouter des commentaires en bas de page.<\/em><\/span><\/p>\n\n\n<hr class=\"wp-block-separator has-alpha-channel-opacity\"\/>\n\n\n\n<div style=\"height:18px\" aria-hidden=\"true\" class=\"wp-block-spacer\"><\/div>\n\n\n\n<figure class=\"wp-block-image size-large\"><img loading=\"lazy\" decoding=\"async\" width=\"1024\" height=\"683\" src=\"http:\/\/saint-germain.us\/wp-content\/uploads\/2023\/07\/29A4712-1024x683.jpg\" alt=\"\" class=\"wp-image-1344\" srcset=\"https:\/\/saint-germain.us\/wp-content\/uploads\/2023\/07\/29A4712-1024x683.jpg 1024w, https:\/\/saint-germain.us\/wp-content\/uploads\/2023\/07\/29A4712-300x200.jpg 300w, https:\/\/saint-germain.us\/wp-content\/uploads\/2023\/07\/29A4712-768x512.jpg 768w, https:\/\/saint-germain.us\/wp-content\/uploads\/2023\/07\/29A4712-1536x1024.jpg 1536w, https:\/\/saint-germain.us\/wp-content\/uploads\/2023\/07\/29A4712-2048x1365.jpg 2048w\" sizes=\"auto, (max-width: 1024px) 100vw, 1024px\" \/><figcaption class=\"wp-element-caption\">Int\u00e9rieur Pavillon de la Muette (@J.Paray)<\/figcaption><\/figure>\n\n\n\n<p><\/p>\n\n\n\n<figure class=\"wp-block-table\"><table><tbody><tr><td>Sujet <\/td><td>Le pavillon de la Muette &#8211; Historique &amp; Architecture<\/td><\/tr><tr><td>Lien<\/td><td><a href=\"https:\/\/fr.wikipedia.org\/wiki\/Pavillon_de_la_Muette\">Ici<\/a><\/td><\/tr><tr><td>Origine<\/td><td>Wikip\u00e9dia<\/td><\/tr><tr><td><\/td><td><\/td><\/tr><tr><td>Date de r\u00e9vision<\/td><td>02\/08\/2023<\/td><\/tr><\/tbody><\/table><\/figure>\n\n\n\n<h5 class=\"wp-block-heading\">hISTORIQUE<\/h5>\n\n\n\n<p>L&rsquo;actuel pavillon a \u00e9t\u00e9 construit sur un ancien ch\u00e2teau \u00e9difi\u00e9 pour le roi&nbsp;<a href=\"https:\/\/fr.wikipedia.org\/wiki\/Fran%C3%A7ois_Ier_(roi_de_France)\">Fran\u00e7ois&nbsp;<abbr title=\"premier\">I<sup>er<\/sup><\/abbr><\/a>, par l&rsquo;architecte&nbsp;<a href=\"https:\/\/fr.wikipedia.org\/wiki\/Pierre_Chambiges\">Pierre Chambiges<\/a>.<\/p>\n\n\n\n<p>De forme tr\u00e8s d\u00e9coup\u00e9e, il comportait alors sept niveaux, dont un en sous-sol, avec au centre un corps carr\u00e9 abritant les pi\u00e8ces de r\u00e9ception et de vie et, dans quatre tours d&rsquo;angles, de petits appartements. Il \u00e9tait compl\u00e9t\u00e9 au nord par une chapelle et au sud, lui faisant pendant, une cage d&rsquo;escalier.<\/p>\n\n\n\n<p><a href=\"https:\/\/fr.wikipedia.org\/wiki\/Fran%C3%A7ois_Ier_(roi_de_France)\">Fran\u00e7ois&nbsp;<abbr title=\"premier\">I<sup>er<\/sup><\/abbr><\/a>&nbsp;l&rsquo;utilisait pour la chasse et pour un s\u00e9jour intime avec sa famille et ses amis, \u00e0 l&rsquo;\u00e9cart de la cour du&nbsp;<a href=\"https:\/\/fr.wikipedia.org\/wiki\/Ch%C3%A2teau_de_Saint-Germain-en-Laye\">ch\u00e2teau \u00ab&nbsp;vieux&nbsp;\u00bb de Saint-Germain-en-Laye<\/a>. La construction m\u00eale alors, comme ce dernier, briques et pierres.&nbsp;<a href=\"https:\/\/fr.wikipedia.org\/wiki\/Philibert_Delorme\">Philibert Delorme<\/a>&nbsp;le sur\u00e9leva pour am\u00e9nager une salle de&nbsp;<a href=\"https:\/\/fr.wikipedia.org\/wiki\/Jeu_de_paume\">jeu de paume<\/a>surmont\u00e9e d&rsquo;une terrasse-belv\u00e9d\u00e8re en plomb, dont&nbsp;<a href=\"https:\/\/fr.wikipedia.org\/wiki\/Jacques_Ier_Androuet_du_Cerceau\">Jacques&nbsp;<abbr title=\"premier\">I<sup>er<\/sup><\/abbr>&nbsp;Androuet du Cerceau<\/a>&nbsp;nota alors, dans&nbsp;<em>Les plus excellents b\u00e2timents de France<\/em>, qu&rsquo;elle s&rsquo;enfon\u00e7ait rapidement et menace d&rsquo;entra\u00eener la ruine de l&rsquo;\u00e9difice tout entier.<\/p>\n\n\n\n<p>Abandonn\u00e9 d\u00e8s le r\u00e8gne d&rsquo;<a href=\"https:\/\/fr.wikipedia.org\/wiki\/Henri_II_(roi_de_France)\">Henri II<\/a>, ce premier ch\u00e2teau est repr\u00e9sent\u00e9 largement \u00e9croul\u00e9 sous le r\u00e8gne du roi&nbsp;<a href=\"https:\/\/fr.wikipedia.org\/wiki\/Louis_XIV\">Louis XIV<\/a>, dans une gravure de 1665, et il est d&rsquo;ailleurs ras\u00e9 peu apr\u00e8s.<\/p>\n\n\n\n<p>En 1764, le roi&nbsp;<a href=\"https:\/\/fr.wikipedia.org\/wiki\/Louis_XV\">Louis XV<\/a>&nbsp;commande \u00e0&nbsp;<a href=\"https:\/\/fr.wikipedia.org\/wiki\/Ange-Jacques_Gabriel\">Ange-Jacques Gabriel<\/a>, les plans d&rsquo;un pavillon&nbsp;; celui-ci travaille, \u00e0 ce moment-l\u00e0, \u00e0 la construction du&nbsp;<a href=\"https:\/\/fr.wikipedia.org\/wiki\/Petit_Trianon\">petit Trianon<\/a>. Ce premier projet n&rsquo;aboutit cependant pas et Gabriel dessine de nouveaux plans en 1766, o\u00f9 le b\u00e2timent se voit agr\u00e9ment\u00e9 d&rsquo;une rotonde octogonale surmont\u00e9e d&rsquo;une terrasse. La construction prend alors place sur les fondations du pr\u00e9c\u00e9dent ch\u00e2teau. Le pavillon prend alors mod\u00e8le sur celui du&nbsp;<a href=\"https:\/\/fr.wikipedia.org\/wiki\/Pavillon_du_Butard\">Butard<\/a>, et en reprend alors, \u00e0 quelques variantes pr\u00e8s, les dispositions.<\/p>\n\n\n\n<p>Au sud, sont ajout\u00e9es une vaste terrasse rectangulaire et une all\u00e9e pav\u00e9e qui ne figurent pas sur les plans d&rsquo;origine. Il est alors projet\u00e9 de construire plus au sud, en retrait de l&rsquo;all\u00e9e cavali\u00e8re, un b\u00e2timent pour l&rsquo;\u00e9quipage de&nbsp;<a href=\"https:\/\/fr.wikipedia.org\/wiki\/V%C3%A9nerie\">v\u00e9nerie<\/a>, mais c&rsquo;est finalement une d\u00e9pendance plus modeste, la maison foresti\u00e8re, qui est \u00e9rig\u00e9e imm\u00e9diatement \u00e0 l&rsquo;ouest du pavillon et r\u00e9unie, sous&nbsp;<a href=\"https:\/\/fr.wikipedia.org\/wiki\/Charles_X\">Charles X<\/a>, avec un b\u00e2timent d&rsquo;\u00e9curies. Celui-ci, \u00e0 la&nbsp;<a href=\"https:\/\/fr.wikipedia.org\/wiki\/Restauration_(histoire_de_France)\">Restauration<\/a>, fait grand usage du pavillon pour ses parties de chasse, o\u00f9 il re\u00e7oit \u00e9galement ses intimes.<\/p>\n\n\n\n<p><a href=\"https:\/\/fr.wikipedia.org\/wiki\/Napol%C3%A9on_III\">Napol\u00e9on III<\/a>, qui y maintient un \u00e9quipage de v\u00e9nerie, vient lui aussi \u00e0 plusieurs reprises au pavillon et un r\u00e9cit de chasse \u00e0 tir par&nbsp;<a href=\"https:\/\/fr.wikipedia.org\/wiki\/Marcel_de_Baillehache\">Marcel de Baillehache<\/a>, dans ses&nbsp;<em>Souvenirs d&rsquo;un lancier de la garde imp\u00e9riale<\/em>, en donne un bon aper\u00e7u.<br>Il y re\u00e7oit notamment, la reine&nbsp;<a href=\"https:\/\/fr.wikipedia.org\/wiki\/Victoria_(reine)\">Victoria<\/a>&nbsp;et le&nbsp;<a href=\"https:\/\/fr.wikipedia.org\/wiki\/Albert_de_Saxe-Cobourg-Gotha\">prince Albert<\/a>&nbsp;le&nbsp;25 ao\u00fbt 1855, lors du voyage qui scelle \u00ab&nbsp;l&rsquo;<a href=\"https:\/\/fr.wikipedia.org\/wiki\/Entente_cordiale\">entente cordiale<\/a>&nbsp;\u00bb franco-britannique.<\/p>\n\n\n\n<p>Une aquarelle d&rsquo;<a href=\"https:\/\/fr.wikipedia.org\/wiki\/Hippolyte_Bellang%C3%A9\">Hippolyte Bellang\u00e9<\/a>&nbsp;repr\u00e9sentant l&rsquo;\u00e9pisode et la pr\u00e9sentation de la meute, devant l&rsquo;entr\u00e9e nord de la salle octogonale, est conserv\u00e9 dans la collection de la reine d&rsquo;Angleterre ainsi que deux croquis de l&rsquo;\u00e9quipage de chasse qu&rsquo;ex\u00e9cute la reine sur son carnet personnel.<\/p>\n\n\n\n<p>Le pavillon est encore utilis\u00e9, dans les ann\u00e9es 1950, 1960 et 1970, pour abriter le studio \u00e9cole de l&rsquo;<a href=\"https:\/\/fr.wikipedia.org\/wiki\/Ocora_Radio_France\">OCORA<\/a>, institution d\u00e9pendant de l&rsquo;<a href=\"https:\/\/fr.wikipedia.org\/wiki\/Office_de_radiodiffusion-t%C3%A9l%C3%A9vision_fran%C3%A7aise\">ORTF<\/a>&nbsp;dirig\u00e9e par&nbsp;<a href=\"https:\/\/fr.wikipedia.org\/wiki\/Pierre_Schaeffer\">Pierre Schaeffer<\/a>&nbsp;et charg\u00e9e de former les futurs cadres des radios des colonies.<\/p>\n\n\n\n<p>\u00c0 partir du d\u00e9but ann\u00e9es 1980, le pavillon tombe dans un \u00e9tat d&rsquo;abandon avanc\u00e9. Il est acquis en 2014 par le diplomate Fr\u00e9d\u00e9ric Journ\u00e8s et l&rsquo;artiste-peintre bulgare Hristo Mavrev, \u00e0 l&rsquo;issue d&rsquo;une proc\u00e9dure d&rsquo;appel d&rsquo;offres organis\u00e9e par le service des Domaines pour le compte de l&rsquo;Office National des For\u00eats (ONF), auquel il appartient.<\/p>\n\n\n\n<p>Ces derniers entament de premi\u00e8res interventions, qui portent essentiellement sur le d\u00e9gagement des all\u00e9es et terrasses pav\u00e9es, le d\u00e9blaiement des gravats int\u00e9rieurs, le d\u00e9gagement des combles et la s\u00e9curisation du b\u00e2timent contre les effractions.<\/p>\n\n\n\n<p>Cependant ces travaux restent tr\u00e8s superficiels et sont largement insuffisants pour assurer la sauvegarde du b\u00e2timent, qui est rong\u00e9 par la m\u00e9rule et infiltr\u00e9 par les eaux pluviales.<\/p>\n\n\n\n<p>Constatant que leurs efforts sont insuffisants pour enrayer le d\u00e9clin du pavillon, Frederic Journ\u00e9e et Hristo Mavrev se d\u00e9cident \u00e0 passer la main en 2019 \u00e0 Emmanuel Basse et Benoit d&rsquo;Halluin.<\/p>\n\n\n\n<p>Issus du monde de la r\u00e9novation, et dot\u00e9s d&rsquo;un go\u00fbt prononc\u00e9 pour l&rsquo;histoire et l&rsquo;architecture, ceux-ci d\u00e9marrent un ambitieux programme de r\u00e9novation, visant \u00e0 sauver le b\u00e2timent, d\u00e9sormais en \u00e9tat de p\u00e9ril, d&rsquo;une menace d&rsquo;effondrement annonc\u00e9e.<\/p>\n\n\n\n<p>Ils sont conseill\u00e9s dans cette t\u00e2che par l&rsquo;architecte du patrimoine Florent Richard (du cabinet Perrot &amp; Richard).<\/p>\n\n\n\n<p>Depuis 2020, le pavillon a \u00e9t\u00e9 enti\u00e8rement trait\u00e9 contre la m\u00e9rule, la toiture et la charpente ont \u00e9t\u00e9 d\u00e9pos\u00e9es et int\u00e9gralement refaites, les pierres attaqu\u00e9es de la fa\u00e7ade ont \u00e9t\u00e9 chang\u00e9es et les planchers effondr\u00e9s ont \u00e9t\u00e9 reconstitu\u00e9s.<\/p>\n\n\n\n<p>De minutieux travaux d&rsquo;am\u00e9nagements int\u00e9rieurs (chemin\u00e9es, boiseries, parquets, chauffage &#8230;) sont \u00e9galement programm\u00e9s.<\/p>\n\n\n\n<p>L&rsquo;ensemble de ces interventions devraient s&rsquo;achever au cours de l&rsquo;ann\u00e9e 2024, avec un am\u00e9nagement paysager de qualit\u00e9.<\/p>\n\n\n\n<p>Le pavillon peut se visiter sur demande, notamment \u00e0 l&rsquo;occasion des&nbsp;<a href=\"https:\/\/fr.wikipedia.org\/wiki\/Journ%C3%A9es_europ%C3%A9ennes_du_patrimoine\">journ\u00e9es europ\u00e9ennes du patrimoine<\/a>.<\/p>\n\n\n\n<h5 class=\"wp-block-heading\">Architecture<\/h5>\n\n\n\n<p>En sous-sol, sont am\u00e9nag\u00e9es de vastes cuisines qui rappellent, dans leur conception, le r\u00e9chauffoir du&nbsp;<a href=\"https:\/\/fr.wikipedia.org\/wiki\/Petit_Trianon\">Petit Trianon<\/a>.<\/p>\n\n\n\n<p>Au rez-de-chauss\u00e9e, l\u00e9g\u00e8rement sur\u00e9lev\u00e9 par rapport aux terrasses, le b\u00e2timent comporte un vaste vestibule central au sud et un salon \u00e0 l&rsquo;ouest, qui conservent un remarquable pavement \u00e0 cabochon. \u00c0 l&rsquo;est, un escalier et une pi\u00e8ce de service prennent place, et le grand salon octogonal au nord, est dot\u00e9, au&nbsp;xix<sup>e<\/sup>&nbsp;si\u00e8cle, d&rsquo;un parquet dont le motif central est en forme d&rsquo;\u00e9toile.<\/p>\n\n\n\n<p>L&rsquo;\u00e9tage comporte deux chambres, au sud et \u00e0 l&rsquo;ouest, et une pi\u00e8ce de service. Au-dessus du comble, la terrasse belv\u00e9d\u00e8re am\u00e9nag\u00e9e au d\u00e9but du r\u00e8gne de&nbsp;<a href=\"https:\/\/fr.wikipedia.org\/wiki\/Louis_XVI\">Louis XVI<\/a>&nbsp;est toujours pr\u00e9sente mais est en tr\u00e8s mauvais \u00e9tat, les feuilles de plomb trop larges employ\u00e9es pour sa couverture ayant, sous l&rsquo;effet de la dilatation, fini par se d\u00e9chirer en de nombreux points, causant la d\u00e9gradation des charpentes et des plafonds sous l&rsquo;effet des infiltrations.<\/p>\n\n\n\n<p>Ses ext\u00e9rieurs sont quant a eux, beaucoup plus sobres, o\u00f9 l&rsquo;on note l&rsquo;absence de fronton triangulaire, de sculptures et de bas-reliefs, seules des cha\u00eenes d&rsquo;angles \u00e0 bossages sont pr\u00e9sentes, ainsi que les fen\u00eatres cintr\u00e9es sur fond rectangulaire, pr\u00e9sentes du c\u00f4t\u00e9 de la rotonde, celles-ci \u00e9tant la signature de Gabriel. Le parti pris d&rsquo;une ligne \u00e9pur\u00e9e est \u00e9vident dans le dessin et correspond au virage que prennent l&rsquo;architecture et les arts d\u00e9coratifs \u00e0 la fin du r\u00e8gne de&nbsp;<a href=\"https:\/\/fr.wikipedia.org\/wiki\/Louis_XV\">Louis XV<\/a>&nbsp;vers plus de sobri\u00e9t\u00e9.<\/p>\n\n\n\n<p>Sur les abords du pavillon, les plans anciens figurent une vaste all\u00e9e circulaire plant\u00e9e d&rsquo;arbres qui a aujourd&rsquo;hui disparu. Au nord, une terrasse conforme aux plans originaux a bien \u00e9t\u00e9 r\u00e9alis\u00e9e, elle a \u00e9t\u00e9 r\u00e9cemment d\u00e9gag\u00e9e.<\/p>\n\n\n\n\n\n<hr class=\"wp-block-separator has-alpha-channel-opacity\"\/>\n\n\n<p>Suite &#8230; <a href=\"http:\/\/saint-germain.us\/index.php\/p21\/\">Ici<\/a><\/p>\n\n\n<hr class=\"wp-block-separator has-alpha-channel-opacity\"\/>\n\n\n\n<h5 class=\"wp-block-heading\">commentaires :<a href=\"http:\/\/saint-germain.us\/index.php\/page-d-exemple\/\"> ICI<\/a><\/h5>\n\n\n\n<hr class=\"wp-block-separator has-alpha-channel-opacity\"\/>\n","protected":false},"excerpt":{"rendered":"<p>Pavillon de la Muette La page pr\u00e9sente : Une photo de la cuisine avec le tourne-broche, Une photo du r\u00e9chauffoir dont la ressemblance avec celui du Petit Trianon est saisissante. (notamment la savante st\u00e9r\u00e9otomie des vo\u00fbtes de pierre) Des dessins du site en cours de restauration en 2023. Carte du livre : Au dessus de [&hellip;]<\/p>\n","protected":false},"author":1,"featured_media":0,"parent":0,"menu_order":0,"comment_status":"closed","ping_status":"closed","template":"","meta":{"footnotes":""},"class_list":["post-67","page","type-page","status-publish","hentry"],"_links":{"self":[{"href":"https:\/\/saint-germain.us\/index.php\/wp-json\/wp\/v2\/pages\/67","targetHints":{"allow":["GET"]}}],"collection":[{"href":"https:\/\/saint-germain.us\/index.php\/wp-json\/wp\/v2\/pages"}],"about":[{"href":"https:\/\/saint-germain.us\/index.php\/wp-json\/wp\/v2\/types\/page"}],"author":[{"embeddable":true,"href":"https:\/\/saint-germain.us\/index.php\/wp-json\/wp\/v2\/users\/1"}],"replies":[{"embeddable":true,"href":"https:\/\/saint-germain.us\/index.php\/wp-json\/wp\/v2\/comments?post=67"}],"version-history":[{"count":14,"href":"https:\/\/saint-germain.us\/index.php\/wp-json\/wp\/v2\/pages\/67\/revisions"}],"predecessor-version":[{"id":2128,"href":"https:\/\/saint-germain.us\/index.php\/wp-json\/wp\/v2\/pages\/67\/revisions\/2128"}],"wp:attachment":[{"href":"https:\/\/saint-germain.us\/index.php\/wp-json\/wp\/v2\/media?parent=67"}],"curies":[{"name":"wp","href":"https:\/\/api.w.org\/{rel}","templated":true}]}}