{"id":69,"date":"2023-04-29T09:09:22","date_gmt":"2023-04-29T07:09:22","guid":{"rendered":"http:\/\/saint-germain.us\/?page_id=69"},"modified":"2023-09-14T18:53:51","modified_gmt":"2023-09-14T16:53:51","slug":"p23","status":"publish","type":"page","link":"https:\/\/saint-germain.us\/index.php\/p23\/","title":{"rendered":"P23"},"content":{"rendered":"\n<h2 class=\"wp-block-heading\">Maison de plaisance de Noailles<\/h2>\n\n\n\n<hr class=\"wp-block-separator has-alpha-channel-opacity\"\/>\n\n\n<p><span style=\"color: #333399;\">La page pr\u00e9sente :<\/span><\/p>\n<ul>\n<li><span style=\"color: #333399;\">Une photo g\u00e9n\u00e9ral b\u00e2timent actuel, avec l&rsquo;ombre d&rsquo;un troph\u00e9e sur une fa\u00e7ade,<\/span><\/li>\n<li><span style=\"color: #333399;\">De chaque c\u00f4t\u00e9, des dessins des troph\u00e9es ornant la fa\u00e7ade, r\u00e9alis\u00e9s par Elisabeth Reinhardt. Ils rappellent les chasses organis\u00e9es par la famille de Noailles en for\u00eat de Saint-Germain-en-Laye,<\/span><\/li>\n<li><span style=\"color: #333399;\">Une photographie du salon o\u00f9 sont notamment donn\u00e9s des concerts de Mozart, et o\u00f9, si vous avez de la chance, vous pourrez vous r\u00e9galer avec des chocolats pr\u00e9par\u00e9s avec les fruits et l\u00e9gumes du jardin&#8230;<\/span><\/li>\n<li><span style=\"color: #333399;\">Un portait du Duc de Noailles,<\/span><\/li>\n<li><span style=\"color: #333399;\">Une photographie du portail.<\/span><\/li>\n<\/ul>\n<p><span style=\"color: #333399;\">Carte du livre : B<\/span><\/p>\n<p><span style=\"color: #333399;\">Adresse : 10 rue d&rsquo;Alsace<\/span><\/p>\n<p><em><span style=\"color: #333399;\">Vous pouvez ajouter des commentaires en bas de page.<\/span><\/em><\/p>\n\n\n<hr class=\"wp-block-separator has-alpha-channel-opacity\"\/>\n\n\n\n<div style=\"height:18px\" aria-hidden=\"true\" class=\"wp-block-spacer\"><\/div>\n\n\n\n<figure class=\"wp-block-image aligncenter size-full\"><img loading=\"lazy\" decoding=\"async\" width=\"813\" height=\"544\" src=\"http:\/\/saint-germain.us\/wp-content\/uploads\/2023\/07\/Capture-decran-2023-07-30-a-11.40.35.png\" alt=\"\" class=\"wp-image-1620\" srcset=\"https:\/\/saint-germain.us\/wp-content\/uploads\/2023\/07\/Capture-decran-2023-07-30-a-11.40.35.png 813w, https:\/\/saint-germain.us\/wp-content\/uploads\/2023\/07\/Capture-decran-2023-07-30-a-11.40.35-300x201.png 300w, https:\/\/saint-germain.us\/wp-content\/uploads\/2023\/07\/Capture-decran-2023-07-30-a-11.40.35-768x514.png 768w\" sizes=\"auto, (max-width: 813px) 100vw, 813px\" \/><figcaption class=\"wp-element-caption\">Maison de plaisance de Noailles d&rsquo;apr\u00e8s un dessin d&rsquo;Elisabeth Reinhard<\/figcaption><\/figure>\n\n\n\n<hr class=\"wp-block-separator has-alpha-channel-opacity\"\/>\n\n\n\n<div style=\"height:18px\" aria-hidden=\"true\" class=\"wp-block-spacer\"><\/div>\n\n\n\n<figure class=\"wp-block-image size-large\"><img loading=\"lazy\" decoding=\"async\" width=\"1024\" height=\"576\" src=\"http:\/\/saint-germain.us\/wp-content\/uploads\/2023\/08\/Interieur-Noailles-1024x576.jpg\" alt=\"\" class=\"wp-image-1966\" srcset=\"https:\/\/saint-germain.us\/wp-content\/uploads\/2023\/08\/Interieur-Noailles-1024x576.jpg 1024w, https:\/\/saint-germain.us\/wp-content\/uploads\/2023\/08\/Interieur-Noailles-300x169.jpg 300w, https:\/\/saint-germain.us\/wp-content\/uploads\/2023\/08\/Interieur-Noailles-768x432.jpg 768w, https:\/\/saint-germain.us\/wp-content\/uploads\/2023\/08\/Interieur-Noailles-1536x864.jpg 1536w, https:\/\/saint-germain.us\/wp-content\/uploads\/2023\/08\/Interieur-Noailles-2048x1152.jpg 2048w\" sizes=\"auto, (max-width: 1024px) 100vw, 1024px\" \/><figcaption class=\"wp-element-caption\">Maison de plaisance de Noailles &#8211; Salle \u00e0 manger (@Philippe GOUT)<\/figcaption><\/figure>\n\n\n\n<figure class=\"wp-block-table\"><table><tbody><tr><td>Sujet <\/td><td>H\u00f4tel de Noailles<\/td><\/tr><tr><td>Lien<\/td><td><a href=\"https:\/\/www.seine-saintgermain.fr\/fr\/fiche\/4873832\/un-pavillon-cache-au-coeur-de-saint-germain-lhotel-de-noailles\/\">Ici<\/a><\/td><\/tr><tr><td>Origine<\/td><td>Office de Tourisme Saint Germain Boucles de Seine<\/td><\/tr><tr><td><\/td><td><\/td><\/tr><tr><td>Date de r\u00e9vision<\/td><td>10\/05\/2023<\/td><\/tr><\/tbody><\/table><\/figure>\n\n\n\n<p>Aux beaux jours,&nbsp;il est possible de d\u00e9couvrir l<strong>\u2018h\u00f4tel de Noailles<\/strong>&nbsp;<em>Une maison de plaisance au XVIII<\/em><sup><em>e<\/em><\/sup>&nbsp;<em>si\u00e8cle,&nbsp;<\/em>comme le pr\u00e9cise un ouvrage publi\u00e9 par Fran\u00e7oise Brissard en 2016.<\/p>\n\n\n\n<p>Vous pourrez y apercevoir des salons orn\u00e9s de boiseries du 18\u00e8me si\u00e8cle, ainsi que des sculptures ornant les jardins, class\u00e9s \u00e0 l&rsquo;Inventaire Suppl\u00e9mentaire des Monuments Historiques, tout comme ses toitures et fa\u00e7ades.<\/p>\n\n\n\n<hr class=\"wp-block-separator has-alpha-channel-opacity\"\/>\n\n\n\n<div style=\"height:24px\" aria-hidden=\"true\" class=\"wp-block-spacer\"><\/div>\n\n\n\n<figure class=\"wp-block-table\"><table><tbody><tr><td>Sujet <\/td><td>Domaine et H\u00f4tel de Noailles<\/td><\/tr><tr><td>Lien<\/td><td><a href=\"https:\/\/www.saintgermainenlaye.fr\/495\/domaine-et-hotel-de-noailles.htm\">Ici<\/a><\/td><\/tr><tr><td>Origine<\/td><td>Mairie de Saint-Germain-en-Laye<\/td><\/tr><tr><td><\/td><td><\/td><\/tr><tr><td>Date de r\u00e9vision<\/td><td>11\/09\/2023<\/td><\/tr><\/tbody><\/table><\/figure>\n\n\n\n<p><\/p>\n\n\n\n<hr class=\"wp-block-separator has-alpha-channel-opacity\"\/>\n\n\n\n<div style=\"height:18px\" aria-hidden=\"true\" class=\"wp-block-spacer\"><\/div>\n\n\n\n<figure class=\"wp-block-table\"><table><tbody><tr><td>Sujet <\/td><td>H\u00f4tel de Noailles<\/td><\/tr><tr><td>Lien<\/td><td><a href=\"https:\/\/hotel-de-noailles-saint-germain.fr\">Ici<\/a><\/td><\/tr><tr><td>Origine<\/td><td>Fond Gis\u00e8le et Roger Brissard<\/td><\/tr><tr><td><\/td><td><\/td><\/tr><tr><td>Date de r\u00e9vision<\/td><td>10\/05\/2023<\/td><\/tr><\/tbody><\/table><\/figure>\n\n\n\n<h5 class=\"wp-block-heading\">L&rsquo;H\u00d4TEL DE NOAILLES<\/h5>\n\n\n\n<figure class=\"wp-block-image\"><img decoding=\"async\" src=\"https:\/\/hotel-de-noailles-saint-germain.fr\/sites\/default\/files\/styles\/large\/public\/blocs\/Ch.1.5_FB2_Fig.1_g_0.jpg?itok=YzGtec6h\" alt=\"\u00c9lisabeth Reinhardt, la fa\u00e7ade sur jardin, b\u00e2timent sud, \u00e9tat actuel.\" title=\"\u00c9lisabeth Reinhardt, la fa\u00e7ade sur jardin, b\u00e2timent sud, \u00e9tat actuel.\"\/><figcaption class=\"wp-element-caption\">\u00c9lisabeth Reinhardt, la fa\u00e7ade sur jardin, b\u00e2timent sud, \u00e9tat actuel.<\/figcaption><\/figure>\n\n\n\n<p>De facture simple et \u00e9l\u00e9gante, l\u2019h\u00f4tel de Noailles a \u00e9t\u00e9 d\u00e8s son \u00e9dification le b\u00e2timent aristocratique le plus important de Saint-Germain-en-Laye par son envergure et son prestige. Au XVIIIe si\u00e8cle, alors que le ch\u00e2teau royal est d\u00e9laiss\u00e9, il est la demeure du&nbsp;<em>capitaine-gouverneur<\/em>&nbsp;des&nbsp;<em>ch\u00e2teaux, jardins, parcs, for\u00eats, plaines, garennes et chasses de Saint-Germain<\/em> au sens large, puisque la capitainerie elle-m\u00eame couvre 90 000 hectares de Massy \u00e0 Mantes, l\u2019autorit\u00e9 du gouverneur s\u2019exer\u00e7ant sur la ville de Saint-Germain, Le V\u00e9sinet, Poissy et Maisons.&nbsp;Cette maison a re\u00e7u la visite de trois rois, Louis XIV, Louis XV et Louis XVI, ainsi que de deux futurs pr\u00e9sidents des \u00c9tats-Unis d\u2019Am\u00e9rique, Thomas Jefferson et John Quincy Adams.&nbsp;<\/p>\n\n\n\n<p>Il fut aussi un lieu embl\u00e9matique de l\u2019esprit des Lumi\u00e8res, accueillant les grands noms de la pens\u00e9e et des arts ainsi que de nombreux musiciens dont Jean-Chr\u00e9tien Bach et Wolfgang Amadeus Mozart.<\/p>\n\n\n\n<p>Ce qui subsiste aujourd\u2019hui de l\u2019h\u00f4tel \u2013 soit les deux tiers du corps du b\u00e2timent amput\u00e9 de sa partie centrale par le percement de la rue d\u2019Alsace (vers 1836) \u2013 permet d\u2019en appr\u00e9cier l\u2019architecture, l\u2019implantation, et d\u2019approcher l\u2019art de vivre qui y a r\u00e9gn\u00e9 pendant un si\u00e8cle. Ce go\u00fbt pour l&rsquo;art et la culture a \u00e9t\u00e9 relay\u00e9, d\u00e8s la seconde moiti\u00e9 du 19\u00e8me si\u00e8cle, par les diff\u00e9rents propri\u00e9taires de cette demeure.<\/p>\n\n\n\n<figure class=\"wp-block-image\"><img decoding=\"async\" src=\"https:\/\/hotel-de-noailles-saint-germain.fr\/sites\/default\/files\/styles\/large_1200\/public\/2022-09\/Ch.1.0_FB1_Fig.1_g_1.jpg?itok=BaAPoMYj\" alt=\"\u00c9lisabeth Reinhardt, la fa\u00e7ade sur jardin de L'h\u00f4tel de Noailles avant 1836\" title=\"\u00c9lisabeth Reinhardt, la fa\u00e7ade sur jardin de L'h\u00f4tel de Noailles avant 1836\"\/><figcaption class=\"wp-element-caption\">\u00c9lisabeth Reinhardt, la fa\u00e7ade sur jardin de L&rsquo;h\u00f4tel de Noailles avant 1836<\/figcaption><\/figure>\n\n\n\n<h5 class=\"wp-block-heading\">LE FONDS GIS\u00c8LE ET ROGER BRISSARD<\/h5>\n\n\n\n<figure class=\"wp-block-image\"><img decoding=\"async\" src=\"https:\/\/hotel-de-noailles-saint-germain.fr\/sites\/default\/files\/styles\/large\/public\/blocs\/Exterieur.jpg?itok=crQ8EpTA\" alt=\"L'aile sud de l'h\u00f4tel de Noailles aujourd'hui. \" title=\"L'aile sud de l'h\u00f4tel de Noailles aujourd'hui. \"\/><figcaption class=\"wp-element-caption\">L&rsquo;aile sud de l&rsquo;h\u00f4tel de Noailles aujourd&rsquo;hui.&nbsp;<\/figcaption><\/figure>\n\n\n\n<p>Gis\u00e8le et Roger Brissard, en prenant possession de l\u2019appartement au rez-de-chauss\u00e9e de l\u2019aile sud en 1990, ont entrepris la restauration compl\u00e8te des d\u00e9cors int\u00e9rieurs, et contribu\u00e9 \u00e0 la restauration ext\u00e9rieure du b\u00e2timent. Ils ont orn\u00e9 les lieux d\u2019un ensemble mobilier et d\u00e9coratif qui leur semblait en harmonie avec l\u2019esprit de ce site historique. Ils y ont en outre&nbsp; organis\u00e9, pendant vingt ans, des concerts qui r\u00e9unissaient, deux fois par an, un public m\u00e9lomane et fid\u00e8le.<\/p>\n\n\n\n<p>L\u2019ouverture \u00e0 la visite a \u00e9t\u00e9 initi\u00e9e par Fran\u00e7oise Brissard le 14 juillet 2010 pour permettre au public de d\u00e9couvrir, de mani\u00e8re vivante et famili\u00e8re, l\u2019\u00e9vocation de plusieurs personnages historiques, les d\u00e9buts de l\u2019architecture classique, l\u2019\u00e9volution du go\u00fbt et de l\u2019art des jardins.<\/p>\n\n\n\n<p>Compte tenu du succ\u00e8s de cette op\u00e9ration et de sa volont\u00e9 de perp\u00e9tuer l\u2019oeuvre de ses parents et le go\u00fbt pour l\u2019art et la culture qui a toujours habit\u00e9 les diff\u00e9rents propri\u00e9taires des lieux,&nbsp;<a href=\"https:\/\/hotel-de-noailles-saint-germain.fr\/francoise-brissard\">Fran\u00e7oise Brissard<\/a>&nbsp;a ainsi d\u00e9cid\u00e9 de cr\u00e9er&nbsp;<a href=\"https:\/\/hotel-de-noailles-saint-germain.fr\/le-fonds-gisele-et-roger-brissard\">le Fonds Gis\u00e8le et Roger Brissard<\/a>&nbsp;destin\u00e9 \u00e0 prot\u00e9ger ce lieu historique unique et \u00e0 mettre en oeuvre un projet culturel durable.<\/p>\n\n\n\n<p>Vous pouvez lire le blog de Fran\u00e7oise Brissard sur la vie et activit\u00e9s du Fonds&nbsp;<a href=\"http:\/\/coteduchesse.blogspot.com\/\" target=\"_blank\" rel=\"noreferrer noopener\">ici<\/a>.<\/p>\n\n\n\n<p>Pour en savoir d&rsquo;avantage ou faire un don&#8230;&nbsp;<a href=\"https:\/\/hotel-de-noailles-saint-germain.fr\/le-fonds-gisele-et-roger-brissard\">Fonds Gis\u00e8le et Roger Brissard<\/a><\/p>\n\n\n\n<h5 class=\"wp-block-heading\">FRAN\u00c7OISE BRISSARD<\/h5>\n\n\n\n<figure class=\"wp-block-image\"><img decoding=\"async\" src=\"https:\/\/hotel-de-noailles-saint-germain.fr\/sites\/default\/files\/styles\/large\/public\/blocs\/Screen%20Shot%202022-09-25%20at%2011.00.10%20PM_0.png?itok=HxDprLM0\" alt=\"Fran\u00e7oise Brissard dans le salon dor\u00e9\" title=\"Fran\u00e7oise Brissard dans le salon dor\u00e9\"\/><figcaption class=\"wp-element-caption\">Fran\u00e7oise Brissard dans le salon dor\u00e9<\/figcaption><\/figure>\n\n\n\n<p>Fran\u00e7oise Brissard, fondatrice du fonds Gis\u00e8le et Roger Brissard nous a quitt\u00e9s en octobre 2022. Normalienne, ma\u00eetre de conf\u00e9rences \u00e0 l\u2019universit\u00e9 Paris Descartes, consultante en communication, Fran\u00e7oise \u00e9tait une passionn\u00e9e d\u2019art, une m\u00e9lomane enthousiaste et une m\u00e9c\u00e8ne avertie.<\/p>\n\n\n\n<p>Avec une distinction rare, elle faisait vivre l\u2019esprit et l\u2019agr\u00e9ment de l\u2019appartement de la duchesse de Noailles. Elle y accueillait r\u00e9guli\u00e8rement les meilleurs interpr\u00e8tes du r\u00e9pertoire baroque et pr\u00e9romantique, qu\u2019elle affectionnait tout particuli\u00e8rement. Son livre&nbsp;<em>Une maison de plaisance au XVIIIe&nbsp;si\u00e8cle&nbsp;: l\u2019h\u00f4tel de Noailles \u00e0 Saint-Germain-en-Laye<\/em>&nbsp;offre un pr\u00e9cieux t\u00e9moignage sur l\u2019art de vivre au si\u00e8cle des Lumi\u00e8res.<\/p>\n\n\n\n<p>Son \u00e9l\u00e9gance, sa g\u00e9n\u00e9rosit\u00e9 et son intelligence manquent \u00e0 tous ceux qui ont eu le privil\u00e8ge de la conna\u00eetre. Avant sa disparition, soucieuse de pr\u00e9server l\u2019\u00e9lan culturel et artistique que ses parents et elle-m\u00eame avaient insuffl\u00e9, elle a pass\u00e9 le flambeau \u00e0 la jeune \u00e9quipe du fonds de dotation, qui aujourd\u2019hui poursuit et d\u00e9veloppe la saison musicale et les projets de recherche.<\/p>\n\n\n\n<h5 class=\"wp-block-heading\">COMIT\u00c9 SCIENTIFIQUE DU FONDS<\/h5>\n\n\n\n<ul class=\"wp-block-list\">\n<li>Gabriel Wick (pr\u00e9sident du comit\u00e9) est docteur en histoire et enseignant \u00e0 New York University &#8211; Paris.<\/li>\n<\/ul>\n\n\n\n<ul class=\"wp-block-list\">\n<li>Cl\u00e9ment Dionet (directeur de la programmation musicale) est ancien \u00e9l\u00e8ve normalien (ENS Ulm) et ancien chanteur lyrique (Guildhall School, Dutch National Opera Academy). Il est aujourd&rsquo;hui fonctionnaire parlementaire du S\u00e9nat.<\/li>\n<\/ul>\n\n\n\n<ul class=\"wp-block-list\">\n<li>Emmanuel El Khoury est enseignant et fondateur de Les Mathos.<\/li>\n<\/ul>\n\n\n\n<ul class=\"wp-block-list\">\n<li>Vincent Freylin est responsable de la communication interne du Centre des monuments nationaux.<\/li>\n<\/ul>\n\n\n\n<ul class=\"wp-block-list\">\n<li>Fran\u00e7ois Gilles est sculpteur, ancien \u00e9l\u00e8ve normalien (ENS Cachan) et doctorant en Histoire de l\u2019Art.<\/li>\n<\/ul>\n\n\n\n<ul class=\"wp-block-list\">\n<li>Isabelle Gerard est fondatrice du journal de quartier&nbsp;<em>La gazette de la rue de Lorraine<\/em>, et coauteur avec Elisabeth Reinhardt du livre \u00ab Promenade rue de Lorraine \u00bb.&nbsp;<\/li>\n<\/ul>\n\n\n\n<ul class=\"wp-block-list\">\n<li>Anne-Madeleine Goulet est directrice de recherche au CNRS (Centre d\u2019\u00e9tudes sup\u00e9rieures de la Renaissance de Tours).<\/li>\n<\/ul>\n\n\n\n<ul class=\"wp-block-list\">\n<li>Francesco Guidoboni, architecte et docteur en histoire de l&rsquo;architecture, est charg\u00e9 de missions au P\u00f4le Sauvegarde et Transmission des Patrimoines du D\u00e9partement des Yvelines.&nbsp;<\/li>\n<\/ul>\n\n\n\n<ul class=\"wp-block-list\">\n<li>Louis-Joseph Lamborot est directeur de la soci\u00e9t\u00e9 H\u00e9r\u00e8s Architecture.<\/li>\n<\/ul>\n\n\n\n<ul class=\"wp-block-list\">\n<li>Gabriela Lamy est Historienne des jardins, service des ressources domaniales, direction du patrimoine et des jardins, ch\u00e2teau de Versailles<\/li>\n<\/ul>\n\n\n\n<hr class=\"wp-block-separator has-alpha-channel-opacity\"\/>\n\n\n\n<p><\/p>\n\n\n\n<figure class=\"wp-block-table\"><table><tbody><tr><td>Sujet <\/td><td>H\u00f4tel de Noailles<\/td><\/tr><tr><td>Lien<\/td><td><a href=\"https:\/\/www.saintgermainenlaye.fr\/495\/domaine-et-hotel-de-noailles.htm\">Ici<\/a><\/td><\/tr><tr><td>Origine<\/td><td>Mairie de Saint Germain<\/td><\/tr><tr><td><\/td><td><\/td><\/tr><tr><td>Date de r\u00e9vision<\/td><td>10\/05\/2023<\/td><\/tr><\/tbody><\/table><\/figure>\n\n\n\n<p>Cette demeure est au centre d\u2019un vaste domaine qui, dans son extension maximale \u00e0 la fin du XVIIIe si\u00e8cle, s\u2019\u00e9tendait de l\u2019actuelle place \u00c9douard-Detaille jusqu\u2019\u00e0 la route de la Mare-d\u2019Ayen. Ce domaine est compos\u00e9 du logis et de b\u00e2timents annexes, d\u2019un jardin et d\u2019un parc. L\u2019h\u00f4tel de Noailles est construit entre 1679 et 1682 par l\u2019architecte du roi, Jules Hardouin-Mansart (1646-1708), pour Anne-Jules de Noailles (1650-1708), mar\u00e9chal de France. Il fut la r\u00e9sidence de trois ducs de Noailles. Adrien-Maurice (1678-1766) et Louis (1713-1793) furent gouverneurs successifs de la ville et capitaines des chasses royales jusqu\u2019\u00e0 la R\u00e9volution. En 1751, Louis de Noailles duc d\u2019Ayen acquiert l\u2019h\u00f4tel voisin, celui d\u2019Aumont, et le fait d\u00e9truire pour construire une place (actuelle place \u00c9douard-Detaille) et une avenue menant du parc du ch\u00e2teau \u00e0 son h\u00f4tel (actuelle rue d\u2019Alsace). Des quatre pavillons originels, deux seulement sont encore visibles aujourd\u2019hui dans leurs caract\u00e9ristiques du XVIIIe si\u00e8cle. Du corps central subsistent deux b\u00e2timents de part et d\u2019autre de la rue d\u2019Alsace, aux num\u00e9ros 10 et 11. Vers 1780, le duc transforme le jardin, qui fut initialement g\u00e9om\u00e9trique dit \u00ab \u00e0 la fran\u00e7aise \u00bb, en jardin pittoresque dit \u00ab anglo-chinois \u00bb ou \u00ab anglais \u00bb. Des voies actuelles comme la rue du Parc-de-Noailles, la route de la Mare-d\u2019Ayen ou encore route du Pavillon chinois sont un t\u00e9moignage du trac\u00e9 des anciennes all\u00e9es du jardin. Le parc, plant\u00e9 d\u2019esp\u00e8ces rares, refl\u00e9tant la passion pour la botanique de Louis de Noailles, conserve aujourd\u2019hui quelques sujets, dont des c\u00e8dres du Liban formant un \u00ab Ensemble arbor\u00e9 remarquable \u00bb labellis\u00e9 par l\u2019association Arbres en 2015.<\/p>\n\n\n\n<p>Con\u00e7u et \u00e9difi\u00e9 en 1679 par l\u2019architecte du roi, Jules Hardouin-Mansart \u00e0 la demande d\u2019Anne-Jules de Noailles, cet h\u00f4tel, entour\u00e9 d\u2019un vaste jardin, a \u00e9t\u00e9 le b\u00e2timent aristocratique le plus important de la ville au XVIIIe si\u00e8cle.<\/p>\n\n\n\n<h6 class=\"wp-block-heading\">Description actuelle<\/h6>\n\n\n\n<p>De l&rsquo;h\u00f4tel actuel au 10 et 11 de la rue d\u2019Alsace subsistent les deux-tiers du b\u00e2timent, amput\u00e9 de sa partie centrale par le percement de la rue en 1836 : le pavillon nord correspond \u00e0 ce qui \u00e9tait l\u2019appartement du duc, le pavillon sud \u00e0 celui de la duchesse, surmont\u00e9s d\u2019un \u00e9tage attique l\u00e9g\u00e8rement remani\u00e9 ainsi que la toiture.<br>Fa\u00e7ades et toitures sont inscrites au titre des Monuments historiques, ainsi que les groupes sculpt\u00e9s, le grand et le petit salon de l\u2019appartement \u00ab de la duchesse \u00bb. Celui-ci est ouvert \u00e0 la visite pendant l\u2019\u00e9t\u00e9 et sur demande pour des groupes.<\/p>\n\n\n\n<figure class=\"wp-block-image\"><img decoding=\"async\" src=\"https:\/\/www.saintgermainenlaye.fr\/fileadmin\/_processed_\/7\/8\/csm_noailles_1_4f6b818206.jpeg\" alt=\"\" title=\"\"\/><\/figure>\n\n\n\n<p>Place \u00c9douard-Detaille subsistent \u00e9galement les b\u00e2timents d\u2019\u00e9curie et de remise, ainsi que deux pavillons d\u2019angle r\u00e9alis\u00e9s vers 1760 au moment de la cr\u00e9ation de la nouvelle entr\u00e9e du domaine.<br>Le quartier s\u2019\u00e9tendant de la place Detaille \u00e0 la route de la mare d\u2019Ayen a \u00e9t\u00e9 loti sur l\u2019emplacement de l\u2019ancien parc.<\/p>\n\n\n\n<h6 class=\"wp-block-heading\">HistoirE<\/h6>\n\n\n\n<figure class=\"wp-block-image\"><img decoding=\"async\" src=\"https:\/\/www.saintgermainenlaye.fr\/fileadmin\/_processed_\/f\/a\/csm_Noailles_1_f41bae4ba4.jpg\" alt=\"\" title=\"\"\/><figcaption class=\"wp-element-caption\">Anne-Jules de Noailles. Gravure anonyme d&rsquo;apr\u00e8s F. de Troy. \u00a9 Collection priv\u00e9e<\/figcaption><\/figure>\n\n\n\n<p>Le commanditaire de l\u2019h\u00f4tel est Anne-Jules de Noailles, comte d\u2019Ayen puis duc de Noailles (1650-1708), nomm\u00e9 mar\u00e9chal de France en 1693. Sa valeur militaire en fait un proche du roi, qui lui confie la direction du cort\u00e8ge devant mener son petit-fils, le futur roi Philippe V, jusqu\u2019\u00e0 la fronti\u00e8re espagnole.<br>Son fils Adrien-Maurice (1675-1766) exerce des fonctions importantes pendant la R\u00e9gence et sous Louis XV. Il est nomm\u00e9 en 1717 capitaine et gouverneur des ch\u00e2teaux, jardins, parcs, for\u00eats et chasses de Saint-Germain-en-Laye.<br>En 1746, il le c\u00e8de de son vivant \u00e0 son fils a\u00een\u00e9 Louis (1713-1793), \u00e9galement tr\u00e8s proche du roi et d\u2019ailleurs capitaine des gardes du corps de service le soir de l\u2019attentat de Damiens en 1757. F\u00e9ru de botanique, Louis de Noailles met en \u0153uvre une politique d\u2019agrandissement de sa propri\u00e9t\u00e9 pour y cr\u00e9er un jardin pittoresque, anim\u00e9 de fabriques et de grottes, et y introduit de nombreuses essences rares ainsi que des arbres et des plantes venus de pays lointains.<br><br>Le mariage de l\u2019une des petites-filles du duc, Adrienne, avec le marquis de La Fayette, facilite d\u2019ailleurs l\u2019introduction de plantes \u00ab am\u00e9ricaines \u00bb dans le domaine.&nbsp;<\/p>\n\n\n\n<p>Louis de Noailles n\u2019\u00e9migre pas au moment de l\u2019\u00e9clatement de la R\u00e9volution mais meurt de vieillesse \u00e0 Saint-Germain en 1793, \u00e9chappant au sort r\u00e9serv\u00e9 \u00e0 la duchesse, guillotin\u00e9e deux ans plus tard en compagnie d\u2019une de ses filles et d\u2019une de ses petites-filles. L\u2019\u00e9migration de plusieurs membres de la famille de Noailles conduit \u00e0 la saisie de l\u2019H\u00f4tel et \u00e0 un projet de division en 86 lots, dont l\u2019essentiel est achet\u00e9 sous l\u2019Empire par Pierre Antoine B\u00e9zuchet. Son successeur vendra les lots \u00e0 des particuliers entre 1830 et 1839 : vers 1836 les rues d\u2019Alsace et de Tourville sont perc\u00e9es, et la partie centrale de l\u2019H\u00f4tel d\u00e9truite.<\/p>\n\n\n\n<h6 class=\"wp-block-heading\">RESIDENTS ET VISITEURS CELEBRES<\/h6>\n\n\n\n<p>Sous l\u2019ancien R\u00e9gime, l\u2019H\u00f4tel a accueilli nombre d\u2019illustres visiteurs :&nbsp;<\/p>\n\n\n\n<ul class=\"wp-block-list\">\n<li>Les trois rois, Louis XIV, Louis XV et Louis XVI y faisaient r\u00e9guli\u00e8rement halte \u00e0 la fin des chasses en for\u00eat de Saint-Germain ; habitude reprise par Louis XVIII \u00e0 la Restauration.<\/li>\n\n\n\n<li>Deux futurs pr\u00e9sidents des \u00c9tats-Unis d\u2019Am\u00e9rique, Thomas Jefferson et John Quincy Adams, y ont \u00e9galement \u00e9t\u00e9 re\u00e7us.<\/li>\n\n\n\n<li>Elisabeth Vig\u00e9e-Lebrun comme Hubert Robert \u00e9taient des familiers des lieux.<\/li>\n\n\n\n<li>De nombreux compositeurs et musiciens ont particip\u00e9 \u00e0 la vie musicale de l\u2019H\u00f4tel, en particulier Jean-Chr\u00e9tien Bach, le castrat Giusto Ferdinando Tenducci et Wolfgang Amadeus Mozart en ao\u00fbt 1778. Plus r\u00e9cemment, le fonds Debussy a \u00e9t\u00e9 conserv\u00e9 dans les lieux avant de trouver place dans sa maison natale rue au Pain.<\/li>\n<\/ul>\n\n\n\n<h6 class=\"wp-block-heading\">ARCHITECTURE<\/h6>\n\n\n\n<figure class=\"wp-block-image\"><img decoding=\"async\" src=\"https:\/\/www.saintgermainenlaye.fr\/fileadmin\/_processed_\/2\/3\/csm_IMG_9944ok_f3380e79b2.jpg\" alt=\"\" title=\"\"\/><\/figure>\n\n\n\n<p>Cette demeure est construite entre 1679 et 1682 par l\u2019architecte Jules Hardouin-Mansart qui avait r\u00e9alis\u00e9 pour le roi \u00e0 Saint-Germain-en-Laye le ch\u00e2teau du Val. \u00c0 cette date le tout nouvel architecte du roi est en charge des projets de modifications du ch\u00e2teau royal. Ce b\u00e2timent est connu par un plan de 1701 et des gravures de Mariette de 1681 et 1686. Les travaux de d\u00e9coration se terminent en 1683.<br>Par la suite, le duc demande \u00e0 l\u2019architecte du roi Robert de Cotte des ornements pour ses fa\u00e7ades : sans doute des vases sculpt\u00e9s, des bustes et troph\u00e9es d\u2019armes qui pourraient \u00eatre ceux pr\u00e9sents sur le porche de l\u2019entr\u00e9e du pavillon sud. Des travaux dans le domaine sont confi\u00e9s \u00e0 Pierre Cailleteau dit Lassurance, contr\u00f4leur des B\u00e2timents du roi \u00e0 Saint-Germain. De 1754 et 1756, une nouvelle place (actuelle place Detaille) est r\u00e9alis\u00e9e changeant l\u2019axe d\u2019entr\u00e9e du domaine sur le dessin de l\u2019architecte du roi Ange-Jacques Gabriel. Entre 1770 et 1780, de nombreux travaux sont r\u00e9alis\u00e9s dans le jardin avec le concours du peintre Hubert Robert.&nbsp;<\/p>\n\n\n\n<p>Source :&nbsp;<em>Une maison de plaisance au XVIII\u00e8me si\u00e8cle, l\u2019H\u00f4tel de Noailles \u00e0 Saint-Germain-en-Laye<\/em>, sous la direction de Fran\u00e7oise Brissard et Gabriel Wick,&nbsp;<br>\u00a9 Editions Artlys, Paris, 2016&nbsp;<br>\u00a9 Photos : Fran\u00e7oise Brissard<\/p>\n\n\n\n<hr class=\"wp-block-separator has-alpha-channel-opacity\"\/>\n\n\n\n<h5 class=\"wp-block-heading\">commentaires :<a href=\"http:\/\/saint-germain.us\/index.php\/page-d-exemple\/\"> ICI<\/a><\/h5>\n\n\n\n<hr class=\"wp-block-separator has-alpha-channel-opacity\"\/>\n","protected":false},"excerpt":{"rendered":"<p>Maison de plaisance de Noailles La page pr\u00e9sente : Une photo g\u00e9n\u00e9ral b\u00e2timent actuel, avec l&rsquo;ombre d&rsquo;un troph\u00e9e sur une fa\u00e7ade, De chaque c\u00f4t\u00e9, des dessins des troph\u00e9es ornant la fa\u00e7ade, r\u00e9alis\u00e9s par Elisabeth Reinhardt. Ils rappellent les chasses organis\u00e9es par la famille de Noailles en for\u00eat de Saint-Germain-en-Laye, Une photographie du salon o\u00f9 sont [&hellip;]<\/p>\n","protected":false},"author":1,"featured_media":0,"parent":0,"menu_order":0,"comment_status":"closed","ping_status":"closed","template":"","meta":{"footnotes":""},"class_list":["post-69","page","type-page","status-publish","hentry"],"_links":{"self":[{"href":"https:\/\/saint-germain.us\/index.php\/wp-json\/wp\/v2\/pages\/69","targetHints":{"allow":["GET"]}}],"collection":[{"href":"https:\/\/saint-germain.us\/index.php\/wp-json\/wp\/v2\/pages"}],"about":[{"href":"https:\/\/saint-germain.us\/index.php\/wp-json\/wp\/v2\/types\/page"}],"author":[{"embeddable":true,"href":"https:\/\/saint-germain.us\/index.php\/wp-json\/wp\/v2\/users\/1"}],"replies":[{"embeddable":true,"href":"https:\/\/saint-germain.us\/index.php\/wp-json\/wp\/v2\/comments?post=69"}],"version-history":[{"count":15,"href":"https:\/\/saint-germain.us\/index.php\/wp-json\/wp\/v2\/pages\/69\/revisions"}],"predecessor-version":[{"id":3052,"href":"https:\/\/saint-germain.us\/index.php\/wp-json\/wp\/v2\/pages\/69\/revisions\/3052"}],"wp:attachment":[{"href":"https:\/\/saint-germain.us\/index.php\/wp-json\/wp\/v2\/media?parent=69"}],"curies":[{"name":"wp","href":"https:\/\/api.w.org\/{rel}","templated":true}]}}