{"id":71,"date":"2023-04-29T09:09:34","date_gmt":"2023-04-29T07:09:34","guid":{"rendered":"http:\/\/saint-germain.us\/?page_id=71"},"modified":"2023-09-15T13:35:35","modified_gmt":"2023-09-15T11:35:35","slug":"p21","status":"publish","type":"page","link":"https:\/\/saint-germain.us\/index.php\/p21\/","title":{"rendered":"P21"},"content":{"rendered":"\n<h2 class=\"wp-block-heading\">Pavillon royal de la Muette<\/h2>\n\n\n\n<hr class=\"wp-block-separator has-alpha-channel-opacity\"\/>\n\n\n<p><span style=\"color: #333399;\">La page pr\u00e9sente :<\/span><\/p>\n<ul>\n<li><span style=\"color: #333399;\">Une vue a\u00e9rienne du pavillon en 2024,<\/span><\/li>\n<li><span style=\"color: #333399;\">Le dessin du puits situ\u00e9 \u00e0 l&rsquo;entr\u00e9e du site. Avec les souterrains et les couloirs, il fait partie des vestiges de l&rsquo;\u00e9poque de Fran\u00e7ois 1er.<\/span><\/li>\n<\/ul>\n<p><span style=\"color: #333399;\">Carte du livre : Au-dessus de B<\/span><\/p>\n<p><span style=\"color: #333399;\">Adresse : Route foresti\u00e8re des Pavillons<\/span><\/p>\n<p><span style=\"color: #333399;\"><em>Vous pouvez ajouter des commentaires en bas de page.<\/em><\/span><\/p>\n\n\n<hr class=\"wp-block-separator has-alpha-channel-opacity\"\/>\n\n\n\n<div style=\"height:18px\" aria-hidden=\"true\" class=\"wp-block-spacer\"><\/div>\n\n\n\n<figure class=\"wp-block-image aligncenter size-large\"><img loading=\"lazy\" decoding=\"async\" width=\"1024\" height=\"768\" src=\"http:\/\/saint-germain.us\/wp-content\/uploads\/2023\/09\/Pavillon-de-la-Muette-1024x768.jpg\" alt=\"\" class=\"wp-image-3074\" srcset=\"https:\/\/saint-germain.us\/wp-content\/uploads\/2023\/09\/Pavillon-de-la-Muette-1024x768.jpg 1024w, https:\/\/saint-germain.us\/wp-content\/uploads\/2023\/09\/Pavillon-de-la-Muette-300x225.jpg 300w, https:\/\/saint-germain.us\/wp-content\/uploads\/2023\/09\/Pavillon-de-la-Muette-768x576.jpg 768w, https:\/\/saint-germain.us\/wp-content\/uploads\/2023\/09\/Pavillon-de-la-Muette-1536x1152.jpg 1536w, https:\/\/saint-germain.us\/wp-content\/uploads\/2023\/09\/Pavillon-de-la-Muette-2048x1536.jpg 2048w\" sizes=\"auto, (max-width: 1024px) 100vw, 1024px\" \/><figcaption class=\"wp-element-caption\">Pavillon de La Muette (@Philippe GOUT)<\/figcaption><\/figure>\n\n\n\n<div style=\"height:18px\" aria-hidden=\"true\" class=\"wp-block-spacer\"><\/div>\n\n\n\n<figure class=\"wp-block-image aligncenter size-large\"><img loading=\"lazy\" decoding=\"async\" width=\"1024\" height=\"683\" src=\"http:\/\/saint-germain.us\/wp-content\/uploads\/2023\/07\/914A3572-1024x683.jpg\" alt=\"\" class=\"wp-image-1343\" srcset=\"https:\/\/saint-germain.us\/wp-content\/uploads\/2023\/07\/914A3572-1024x683.jpg 1024w, https:\/\/saint-germain.us\/wp-content\/uploads\/2023\/07\/914A3572-300x200.jpg 300w, https:\/\/saint-germain.us\/wp-content\/uploads\/2023\/07\/914A3572-768x512.jpg 768w, https:\/\/saint-germain.us\/wp-content\/uploads\/2023\/07\/914A3572-1536x1024.jpg 1536w, https:\/\/saint-germain.us\/wp-content\/uploads\/2023\/07\/914A3572-2048x1365.jpg 2048w\" sizes=\"auto, (max-width: 1024px) 100vw, 1024px\" \/><figcaption class=\"wp-element-caption\">Pavillon de la Muette (@J.Paray)<\/figcaption><\/figure>\n\n\n\n<figure class=\"wp-block-table aligncenter\"><table><tbody><tr><td>Sujet <\/td><td>PAVILLON DE LA MUETTE<\/td><\/tr><tr><td>Lien<\/td><td><a href=\"https:\/\/www.pavillondelamuette.com\">Ici<\/a><\/td><\/tr><tr><td>Origine<\/td><td>Brochure Muette M\u00e9c\u00e9nat Culturel<\/td><\/tr><tr><td><\/td><td>www.pavillondelamuette.com<\/td><\/tr><tr><td>Date de r\u00e9vision<\/td><td>02\/08\/2023<\/td><\/tr><\/tbody><\/table><\/figure>\n\n\n\n<p><\/p>\n\n\n\n<p><\/p>\n\n\n\n<hr class=\"wp-block-separator has-alpha-channel-opacity\"\/>\n\n\n<ul>\n<li><a href=\"https:\/\/www.pavillondelamuette.com\/histoire-du-pavillon-royal-de-la-muette\/\">Histoire<\/a><\/li>\n<li><a href=\"https:\/\/www.pavillondelamuette.com\/architecture\/\">Architecture<\/a><\/li>\n<li><a href=\"https:\/\/www.pavillondelamuette.com\/travaux\/\">Travaux<\/a><\/li>\n<li><a href=\"https:\/\/www.pavillondelamuette.com\/galerie-photos\/\">La Muette dans tous ses \u00e9tats<\/a><\/li>\n<li><a href=\"https:\/\/www.pavillondelamuette.com\/le-blog-de-la-muette\/\">Les bavardages de La Muette<\/a><\/li>\n<li><a href=\"https:\/\/www.pavillondelamuette.com\/organiser-un-evenement\/\">Organiser un \u00e9v\u00e9nement<\/a><\/li>\n<\/ul>\n\n\n<hr class=\"wp-block-separator has-alpha-channel-opacity\"\/>\n\n\n<p>Pr\u00e9c\u00e9demment &#8230; <a href=\"http:\/\/saint-germain.us\/index.php\/p20\/\">Ici<\/a><\/p>\n\n\n<hr class=\"wp-block-separator has-alpha-channel-opacity\"\/>\n\n\n\n<h5 class=\"wp-block-heading\">commentaires :<a href=\"http:\/\/saint-germain.us\/index.php\/page-d-exemple\/\"> ICI<\/a><\/h5>\n\n\n\n<hr class=\"wp-block-separator has-alpha-channel-opacity\"\/>\n","protected":false},"excerpt":{"rendered":"<p>Pavillon royal de la Muette La page pr\u00e9sente : Une vue a\u00e9rienne du pavillon en 2024, Le dessin du puits situ\u00e9 \u00e0 l&rsquo;entr\u00e9e du site. Avec les souterrains et les couloirs, il fait partie des vestiges de l&rsquo;\u00e9poque de Fran\u00e7ois 1er. Carte du livre : Au-dessus de B Adresse : Route foresti\u00e8re des Pavillons Vous [&hellip;]<\/p>\n","protected":false},"author":1,"featured_media":0,"parent":0,"menu_order":0,"comment_status":"closed","ping_status":"closed","template":"","meta":{"footnotes":""},"class_list":["post-71","page","type-page","status-publish","hentry"],"_links":{"self":[{"href":"https:\/\/saint-germain.us\/index.php\/wp-json\/wp\/v2\/pages\/71","targetHints":{"allow":["GET"]}}],"collection":[{"href":"https:\/\/saint-germain.us\/index.php\/wp-json\/wp\/v2\/pages"}],"about":[{"href":"https:\/\/saint-germain.us\/index.php\/wp-json\/wp\/v2\/types\/page"}],"author":[{"embeddable":true,"href":"https:\/\/saint-germain.us\/index.php\/wp-json\/wp\/v2\/users\/1"}],"replies":[{"embeddable":true,"href":"https:\/\/saint-germain.us\/index.php\/wp-json\/wp\/v2\/comments?post=71"}],"version-history":[{"count":39,"href":"https:\/\/saint-germain.us\/index.php\/wp-json\/wp\/v2\/pages\/71\/revisions"}],"predecessor-version":[{"id":3076,"href":"https:\/\/saint-germain.us\/index.php\/wp-json\/wp\/v2\/pages\/71\/revisions\/3076"}],"wp:attachment":[{"href":"https:\/\/saint-germain.us\/index.php\/wp-json\/wp\/v2\/media?parent=71"}],"curies":[{"name":"wp","href":"https:\/\/api.w.org\/{rel}","templated":true}]}}