{"id":75,"date":"2023-04-29T09:09:53","date_gmt":"2023-04-29T07:09:53","guid":{"rendered":"http:\/\/saint-germain.us\/?page_id=75"},"modified":"2023-08-13T18:32:39","modified_gmt":"2023-08-13T16:32:39","slug":"p26","status":"publish","type":"page","link":"https:\/\/saint-germain.us\/index.php\/p26\/","title":{"rendered":"P26"},"content":{"rendered":"\n<h2 class=\"wp-block-heading\">de Courtomer &amp; de Crequi<\/h2>\n\n\n\n<hr class=\"wp-block-separator has-alpha-channel-opacity\"\/>\n\n\n<p><span style=\"color: #333399;\">La page pr\u00e9sente :<\/span><\/p>\n<ul>\n<li><span style=\"color: #000080;\">L&rsquo;h\u00f4tel de Courtomer,<\/span><\/li>\n<li><span style=\"color: #000080;\">L&rsquo;h\u00f4tel de Cr\u00e9quy.<\/span><\/li>\n<\/ul>\n<p><span style=\"color: #333399;\">Carte du livre : B &amp;D<\/span><\/p>\n<p><span style=\"color: #333399;\">Adresse : 34 rue de Lorraine &amp; 10-12 rue de Paris<\/span><\/p>\n<p><em><span style=\"color: #333399;\">Vous pouvez ajouter des commentaires en bas de page.<\/span><\/em><\/p>\n\n\n<hr class=\"wp-block-separator has-alpha-channel-opacity\"\/>\n\n\n\n<div style=\"height:18px\" aria-hidden=\"true\" class=\"wp-block-spacer\"><\/div>\n\n\n\n<figure class=\"wp-block-image size-large\"><img loading=\"lazy\" decoding=\"async\" width=\"908\" height=\"1024\" src=\"http:\/\/saint-germain.us\/wp-content\/uploads\/2023\/07\/2009-09-StG-dessin-Elisabeth-Courtomer-9a-copie-908x1024.jpg\" alt=\"\" class=\"wp-image-1763\" srcset=\"https:\/\/saint-germain.us\/wp-content\/uploads\/2023\/07\/2009-09-StG-dessin-Elisabeth-Courtomer-9a-copie-908x1024.jpg 908w, https:\/\/saint-germain.us\/wp-content\/uploads\/2023\/07\/2009-09-StG-dessin-Elisabeth-Courtomer-9a-copie-266x300.jpg 266w, https:\/\/saint-germain.us\/wp-content\/uploads\/2023\/07\/2009-09-StG-dessin-Elisabeth-Courtomer-9a-copie-768x866.jpg 768w, https:\/\/saint-germain.us\/wp-content\/uploads\/2023\/07\/2009-09-StG-dessin-Elisabeth-Courtomer-9a-copie-1362x1536.jpg 1362w, https:\/\/saint-germain.us\/wp-content\/uploads\/2023\/07\/2009-09-StG-dessin-Elisabeth-Courtomer-9a-copie.jpg 1397w\" sizes=\"auto, (max-width: 908px) 100vw, 908px\" \/><figcaption class=\"wp-element-caption\">H\u00f4tel de Courtomer d&rsquo;apr\u00e8s un dessin d&rsquo;Elisabeth Reinhard<\/figcaption><\/figure>\n\n\n\n<figure class=\"wp-block-image size-large\"><img loading=\"lazy\" decoding=\"async\" width=\"1024\" height=\"724\" src=\"http:\/\/saint-germain.us\/wp-content\/uploads\/2023\/07\/Courtomer-colore-1024x724.jpg\" alt=\"\" class=\"wp-image-1805\" srcset=\"https:\/\/saint-germain.us\/wp-content\/uploads\/2023\/07\/Courtomer-colore-1024x724.jpg 1024w, https:\/\/saint-germain.us\/wp-content\/uploads\/2023\/07\/Courtomer-colore-300x212.jpg 300w, https:\/\/saint-germain.us\/wp-content\/uploads\/2023\/07\/Courtomer-colore-768x543.jpg 768w, https:\/\/saint-germain.us\/wp-content\/uploads\/2023\/07\/Courtomer-colore-1536x1085.jpg 1536w, https:\/\/saint-germain.us\/wp-content\/uploads\/2023\/07\/Courtomer-colore.jpg 1800w\" sizes=\"auto, (max-width: 1024px) 100vw, 1024px\" \/><figcaption class=\"wp-element-caption\">H\u00f4tel de Courtomer (@E.R.)<\/figcaption><\/figure>\n\n\n\n<figure class=\"wp-block-image size-large\"><img loading=\"lazy\" decoding=\"async\" width=\"1024\" height=\"603\" src=\"http:\/\/saint-germain.us\/wp-content\/uploads\/2023\/07\/Hotel-de-Queri-1024x603.jpg\" alt=\"\" class=\"wp-image-1291\" srcset=\"https:\/\/saint-germain.us\/wp-content\/uploads\/2023\/07\/Hotel-de-Queri-1024x603.jpg 1024w, https:\/\/saint-germain.us\/wp-content\/uploads\/2023\/07\/Hotel-de-Queri-300x177.jpg 300w, https:\/\/saint-germain.us\/wp-content\/uploads\/2023\/07\/Hotel-de-Queri-768x452.jpg 768w, https:\/\/saint-germain.us\/wp-content\/uploads\/2023\/07\/Hotel-de-Queri-1536x904.jpg 1536w, https:\/\/saint-germain.us\/wp-content\/uploads\/2023\/07\/Hotel-de-Queri-2048x1206.jpg 2048w\" sizes=\"auto, (max-width: 1024px) 100vw, 1024px\" \/><figcaption class=\"wp-element-caption\">H\u00f4tel de Cr\u00e9quy (@Philippe GOUT)\n<\/figcaption><\/figure>\n\n\n\n<hr class=\"wp-block-separator has-alpha-channel-opacity\"\/>\n\n\n\n<div style=\"height:18px\" aria-hidden=\"true\" class=\"wp-block-spacer\"><\/div>\n\n\n\n<figure class=\"wp-block-table\"><table><tbody><tr><td>Sujet <\/td><td>H\u00f4tel de Cr\u00e9quy<\/td><\/tr><tr><td>Lien<\/td><td><a href=\"https:\/\/www.saintgermainenlaye.fr\/492\/hotel-de-crequy-ou-crequi.htm\">Ici<\/a><\/td><\/tr><tr><td>Origine<\/td><td>Mairie de Saint-Germain-en-Laye<\/td><\/tr><tr><td><\/td><td><\/td><\/tr><tr><td>Date de r\u00e9vision<\/td><td>30\/07\/2023<\/td><\/tr><\/tbody><\/table><\/figure>\n\n\n\n<p>Cet h\u00f4tel du XVIIe si\u00e8cle fut vraisemblablement achet\u00e9 par Charles III de Cr\u00e9quy (1624-1687). Son fr\u00e8re Fran\u00e7ois de Cr\u00e9quy (1629-1687) dit le \u00ab mar\u00e9chal de Cr\u00e9quy \u00bb loge rue de Pontoise. L\u2019h\u00f4tel de la rue de Paris est totalement remani\u00e9 au XVIIIe si\u00e8cle avec la construction d\u2019une aile sur cour et d\u2019un bel escalier en ferronnerie ainsi que la cr\u00e9ation d\u2019un nouvel immeuble en prolongement. C\u2019est au sein de ces murs, sous la R\u00e9volution, que les bureaux du District de Saint-Germain, ancienne division administrative, sont install\u00e9s. En tr\u00e8s mauvais \u00e9tat dans les ann\u00e9es 1970, le b\u00e2timent est restaur\u00e9 et agrandi en 1979-1980. La fa\u00e7ade, class\u00e9e au titre des Monuments historiques depuis 1972, ainsi que le logis et les toitures, disposent de nombreux atouts architecturaux. Les balconnets en fer forg\u00e9 des premier et deuxi\u00e8me \u00e9tages seraient de la m\u00eame p\u00e9riode.<\/p>\n\n\n\n<hr class=\"wp-block-separator has-alpha-channel-opacity\"\/>\n\n\n\n<p><\/p>\n\n\n\n<figure class=\"wp-block-table\"><table><tbody><tr><td>Sujet <\/td><td>H\u00f4tel de Courtomer<\/td><\/tr><tr><td>Lien<\/td><td>Aucun<\/td><\/tr><tr><td>Origine<\/td><td>Promenade  \u00e0 Saint-Germain-en-Laye &#8211; Autour de la rue de Lorraine<\/td><\/tr><tr><td><\/td><td>Elisabeth Reinhardt &#8211; Isabelle G\u00e9rard<\/td><\/tr><tr><td>Date de r\u00e9vision<\/td><td>12\/08\/2023<\/td><\/tr><\/tbody><\/table><\/figure>\n\n\n\n<p>Cet h\u00f4tel particulier est l&rsquo;un des plus anciens et des mieux pr\u00e9serv\u00e9s du quartier : il a conserv\u00e9 sa structure d&rsquo;origine, une belle rampe en fer forg\u00e9, un escalier \u00e0 balustre de bois au dernier \u00e9tage, de belles caves vo\u00fbt\u00e9es avec un puits et ses \u00e9l\u00e9ments de d\u00e9coration int\u00e9rieure. Son jardin et ses communs abritent encore r\u00e9guli\u00e8rement des chevaux.<\/p>\n\n\n\n<p>A l&rsquo;origine la propri\u00e9t\u00e9 \u00e9tait compos\u00e9e de deux b\u00e2timents c\u00f4te \u00e0 c\u00f4te. Au num\u00e9ro 32 (portail droit), s&rsquo;\u00e9levait l&rsquo;h\u00f4tel de Gordes d\u00e9moli vers 1860, au num\u00e9ro 34, (portail gauche) le bureau du collecteur des aides (imp\u00f4ts indirects du pouvoir royal).<\/p>\n\n\n\n<p>La date de 1773 mentionn\u00e9e sur la plaque au-dessus du porche d&rsquo;entr\u00e9e n&rsquo;est pas la date de sa construction mais celle de sa r\u00e9novation et de son agrandissement par Elisabeth Bernard de Coubert, veuve de Jacques de Saint-Simon-Courtomer descendant de Claude-Antoine de Saint-Simon, premier \u00e9cuyer de Louis XIII et gouverneur de Saint-Germain.En r\u00e9alit\u00e9, la construction de cette maison est bien ant\u00e9rieure \u00e0 cette date puisque Claude Legrand procureur du roi en \u00e9tail propri\u00e9taire jusqu&rsquo;\u00e0 son d\u00e9c\u00e8s en 1750. A son d\u00e9c\u00e8s, trois de ses enfants en deviennent propri\u00e9taires. Ils vendent la maisor en 1773 \u00e0 Elisabeth de Courtomer, d\u00e9j\u00e0 veuve depuis 1768.<\/p>\n\n\n\n<p>Au moment de la r\u00e9volution, Elisabeth de Courtomer qui s&rsquo;est retir\u00e9e chez les soeurs de Saint-Thomas de Villeneuve, 15 rue des Louviers vend la propri\u00e9t\u00e9le 15 mars 1791 \u00e0 un mercier parisien Pierre-Antoine Bezuchet, devenu marchand de biens \u00e0 la r\u00e9volution qui avait \u00e9galement achet\u00e9 l&rsquo;h\u00f4tel de Noailles, ainsi qu&rsquo;une partie du Ch\u00e2teau Neuf. La r\u00e9volution a fait sa fortune mais il finira ses jours ruin\u00e9.<\/p>\n\n\n\n<p>En 1823, Pierre Joseph Boyer magistrat d&rsquo;origine toulousaine lach\u00e8te aux h\u00e9ritiers de M. B\u00e9zuchet. Pierre Boyer sera pr\u00e9sident d&rsquo;une chambre civile \u00e0 la Cour de cassation en 1829 et nomm\u00e9 pair de France en 1832. Il habitait rue Cassette \u00e0 Paris mais venait passer ses cong\u00e9s dans sa maison de Saint-Germain o\u00f9 il se plaisait \u00e0 retrouver une soci\u00e9t\u00e9 distingu\u00e9e. Auteur de \u00ab Souvenirs et causeries \u00bb, il laisse le r\u00e9cit d&rsquo;une vie mouvement\u00e9e d&rsquo;avocat et de magistrat \u00e0 travers 6 r\u00e9gimes politiques diff\u00e9rents : l&rsquo;ancien r\u00e9gime, la premi\u00e8re r\u00e9publique, la restauration, le premier empire, la monarchie de Juillet et la seconde r\u00e9publique. Au d\u00e9c\u00e8s du Pr\u00e9sident Boyer en 1853, \u013eh\u00f4tel est vendu \u00e0 la comtesse de Verthamont. Son l\u00e9gataire universel le vend \u00e0 la ville en 1856 pour permettre le percement d&rsquo;une rue entre la rue de l&rsquo;Orangerie (aujourd&rsquo;hui rue Moli\u00e8re) et la rue Gaucher, ce sera la rue Brancion.<\/p>\n\n\n\n<p>La ville ne conservera cette propri\u00e9t\u00e9 que le temps de percer la rue puisqu&rsquo;elle la remettra en vente aux ench\u00e8res le 11 janvier 1857. L&rsquo;h\u00f4tel de Courtomer est alors achet\u00e9 par Agathe de Mortemer, veuve de Fran\u00e7ois Le Chartier de Beuzevillette. Elle ach\u00e8te \u00e9galement l&rsquo;h\u00f4tel de Gordes, mitoyen situ\u00e9 \u00e0 sa droite, afin de le d\u00e9molir pour agrandir le jardin. Il n&rsquo;en reste que le pavillon de gardien et le portail \u00e0 droite (en faisant face \u00e0 l&rsquo;h\u00f4tel de Courtomer). Elle ne l&rsquo;habitera que cinq ans et le l\u00e8gue \u00e0 son d\u00e9c\u00e8s en 1863 \u00e0 Henriette Mannoury de Croisilles qui l&rsquo;occupera 60 ans. A son d\u00e9c\u00e8s en 1903, son fils unique Louis en h\u00e9rite. Son \u00e9pouse y vivra ensuite avec ses quatre enfants jusq\u01b0&rsquo;\u00e0 son d\u00e9c\u00e8s en 1917.<\/p>\n\n\n\n<p>L&rsquo;h\u00f4tel de Courtomer est vendu par ses h\u00e9ritiers \u00e0 Maurice et Juliette Franck en 1921 qui ne la conserveront que peu de temps malgr\u00e9 l&rsquo;int\u00e9r\u00eat qu&rsquo;ils lui ont port\u00e9 puisque Maurice Franck laissera aux archives municipales une note assez compl\u00e8te sur l&rsquo;histoire de la maison.<\/p>\n\n\n\n<p>En 1926, s&rsquo;ouvre une p\u00e9riode plus prosp\u00e8re et festive : l&rsquo;h\u00f4tel de Courtomer est achet\u00e9 par Margaret Strong, petite-fille de John Rockefeller, fondateur de la Standard Oil Company, \u00e9pouse de Jorge de Piedrablanca plus connu sous le nom du marquis de Cuevas en 1929. Une voisine aujourd&rsquo;hui disparue se souvenait des d\u00e9fil\u00e9s de voitures des invit\u00e9s se rendant \u00e0 des r\u00e9ceptions fastueuses. En 1944, le marquis de Cuevas, personnage fantasque, extravagant et inflexible, animait l&rsquo;International Ballet de New York puis gr\u00e2ce \u00e0 la fortune de son \u00e9pouse, il acheta en 1946 le Grand Ballet de Monte-Carlo qui prendra en 1950 le nom de \u00ab Grand Ballet du marquis de Cuevas \u00bb. Ce couple a eu un r\u00f4le important dans la restauration de l&rsquo;h\u00f4tel de Courtomer dont l&rsquo;entretien avait \u00e9t\u00e9 progressivement abandonn\u00e9 depuis la r\u00e9volution. Des ouvriers qui travaillaient \u00e0 la restauration du ch\u00e2teau de Versailles financ\u00e9e en grande partie par John Rockefeller, son principal m\u00e9c\u00e8ne, ont particip\u00e9 \u00e0 la restauration de cet h\u00f4tel. Du mois de d\u00e9cembre 1940 au mois d&rsquo;ao\u00fbt 1944, la maison a \u00e9t\u00e9 r\u00e9quisitionn\u00e9e par l&rsquo;arm\u00e9e allemande et occup\u00e9e par la Feldgendarmerie qui avait pour mission de traquer les d\u00e9serteurs et vers la fin de la guerre d&rsquo;occuper des territoires pour d\u00e9charger la Wehrmacht, \u013earm\u00e9e allemande. Des inscriptions de prisonniers sont encore visibles dans les caves. Elle fut ensuite r\u00e9quisitionn\u00e9e par les alli\u00e9s. Margaret Strong (1897-1985) est rest\u00e9e propri\u00e9taire de \u013e&rsquo;h\u00f4tel de Courtomer jusqu&rsquo;en 1983. Ses deux enfants John et Elizabeth ont v\u00e9cu dans la maison une partie de leur enfance.<\/p>\n\n\n\n<hr class=\"wp-block-separator has-alpha-channel-opacity\"\/>\n\n\n\n<h5 class=\"wp-block-heading\">commentaires :<a href=\"http:\/\/saint-germain.us\/index.php\/page-d-exemple\/\"> ICI<\/a><\/h5>\n\n\n\n<hr class=\"wp-block-separator has-alpha-channel-opacity\"\/>\n","protected":false},"excerpt":{"rendered":"<p>de Courtomer &amp; de Crequi La page pr\u00e9sente : L&rsquo;h\u00f4tel de Courtomer, L&rsquo;h\u00f4tel de Cr\u00e9quy. Carte du livre : B &amp;D Adresse : 34 rue de Lorraine &amp; 10-12 rue de Paris Vous pouvez ajouter des commentaires en bas de page. Sujet H\u00f4tel de Cr\u00e9quy Lien Ici Origine Mairie de Saint-Germain-en-Laye Date de r\u00e9vision 30\/07\/2023 [&hellip;]<\/p>\n","protected":false},"author":1,"featured_media":0,"parent":0,"menu_order":0,"comment_status":"closed","ping_status":"closed","template":"","meta":{"footnotes":""},"class_list":["post-75","page","type-page","status-publish","hentry"],"_links":{"self":[{"href":"https:\/\/saint-germain.us\/index.php\/wp-json\/wp\/v2\/pages\/75","targetHints":{"allow":["GET"]}}],"collection":[{"href":"https:\/\/saint-germain.us\/index.php\/wp-json\/wp\/v2\/pages"}],"about":[{"href":"https:\/\/saint-germain.us\/index.php\/wp-json\/wp\/v2\/types\/page"}],"author":[{"embeddable":true,"href":"https:\/\/saint-germain.us\/index.php\/wp-json\/wp\/v2\/users\/1"}],"replies":[{"embeddable":true,"href":"https:\/\/saint-germain.us\/index.php\/wp-json\/wp\/v2\/comments?post=75"}],"version-history":[{"count":20,"href":"https:\/\/saint-germain.us\/index.php\/wp-json\/wp\/v2\/pages\/75\/revisions"}],"predecessor-version":[{"id":2443,"href":"https:\/\/saint-germain.us\/index.php\/wp-json\/wp\/v2\/pages\/75\/revisions\/2443"}],"wp:attachment":[{"href":"https:\/\/saint-germain.us\/index.php\/wp-json\/wp\/v2\/media?parent=75"}],"curies":[{"name":"wp","href":"https:\/\/api.w.org\/{rel}","templated":true}]}}