{"id":77,"date":"2023-04-29T09:10:03","date_gmt":"2023-04-29T07:10:03","guid":{"rendered":"http:\/\/saint-germain.us\/?page_id=77"},"modified":"2023-09-11T11:34:31","modified_gmt":"2023-09-11T09:34:31","slug":"p27","status":"publish","type":"page","link":"https:\/\/saint-germain.us\/index.php\/p27\/","title":{"rendered":"P27"},"content":{"rendered":"\n<h2 class=\"wp-block-heading\">De Cireux &amp; de la Rochefoucauld<\/h2>\n\n\n\n<hr class=\"wp-block-separator has-alpha-channel-opacity\"\/>\n\n\n<p><span style=\"color: #333399;\">La page pr\u00e9sente :<\/span><\/p>\n<ul>\n<li><span style=\"color: #000080;\">H\u00f4tel de Cireux,<\/span><\/li>\n<li><span style=\"color: #000080;\">L&rsquo;h\u00f4tel de la Rochefoucauld devenu l&rsquo;H\u00f4tel de ville.<\/span><\/li>\n<\/ul>\n<p><span style=\"color: #333399;\">Carte du livre : &#8230;<\/span><\/p>\n<p><span style=\"color: #333399;\">Adresse : &#8230;<\/span><\/p>\n<p><em><span style=\"color: #333399;\">Vous pouvez ajouter des commentaires en bas de page.<\/span><\/em><\/p>\n\n\n<hr class=\"wp-block-separator has-alpha-channel-opacity\"\/>\n\n\n\n<div style=\"height:18px\" aria-hidden=\"true\" class=\"wp-block-spacer\"><\/div>\n\n\n\n<figure class=\"wp-block-image size-large\"><img loading=\"lazy\" decoding=\"async\" width=\"1024\" height=\"684\" src=\"http:\/\/saint-germain.us\/wp-content\/uploads\/2023\/07\/Hotel-de-ville-1024x684.jpg\" alt=\"\" class=\"wp-image-1491\" srcset=\"https:\/\/saint-germain.us\/wp-content\/uploads\/2023\/07\/Hotel-de-ville-1024x684.jpg 1024w, https:\/\/saint-germain.us\/wp-content\/uploads\/2023\/07\/Hotel-de-ville-300x201.jpg 300w, https:\/\/saint-germain.us\/wp-content\/uploads\/2023\/07\/Hotel-de-ville-768x513.jpg 768w, https:\/\/saint-germain.us\/wp-content\/uploads\/2023\/07\/Hotel-de-ville-1536x1027.jpg 1536w, https:\/\/saint-germain.us\/wp-content\/uploads\/2023\/07\/Hotel-de-ville-2048x1369.jpg 2048w\" sizes=\"auto, (max-width: 1024px) 100vw, 1024px\" \/><figcaption class=\"wp-element-caption\">H\u00f4tel de Ville (Am\u00e9lior\u00e9e @Philippe GOUT)<\/figcaption><\/figure>\n\n\n\n<p><\/p>\n\n\n\n<figure class=\"wp-block-table\"><table><tbody><tr><td>Sujet <\/td><td>H\u00f4tel de La Rochefoucauld<\/td><\/tr><tr><td>Lien<\/td><td><a href=\"https:\/\/www.saintgermainenlaye.fr\/485\/hotel-de-la-rochefoucauld.htm\">Ici<\/a><\/td><\/tr><tr><td>Origine<\/td><td>Mairie de Saint-Germain-en-Laye<\/td><\/tr><tr><td><\/td><td><\/td><\/tr><tr><td>Date de r\u00e9vision<\/td><td>11\/09\/2023<\/td><\/tr><\/tbody><\/table><\/figure>\n\n\n\n<hr class=\"wp-block-separator has-alpha-channel-opacity\"\/>\n\n\n\n<p><\/p>\n\n\n\n<figure class=\"wp-block-table aligncenter\"><table><tbody><tr><td>Sujet <\/td><td>H\u00f4tel de La Rochefoucauld<\/td><\/tr><tr><td>Lien<\/td><td><a href=\"http:\/\/stgermaincommerce.over-blog.com\/article-hotel-de-la-rochefoucauld-hotel-de-ville-16-rue-de-pontoise-saint-germain-en-laye-122030947.html\">Ici<\/a><\/td><\/tr><tr><td>Origine<\/td><td>Saintgermaincommerce.over-blog<\/td><\/tr><tr><td><\/td><td><\/td><\/tr><tr><td>Date de r\u00e9vision<\/td><td>12\/08\/2023<\/td><\/tr><\/tbody><\/table><\/figure>\n\n\n\n<p>Cet h\u00f4tel, mentionn\u00e9 sur les plans de Nicolas de Fer en 1705, est reconstruit en 1777 par son propri\u00e9taire&nbsp;Charles-Antoine Jombert, libraire, sur l&#8217;emplacement de l&rsquo;h\u00f4tel de la Rochefoucauld.<\/p>\n\n\n\n<p>L&rsquo;\u00e9difice comprend initialement le \u00ab grand h\u00f4tel \u00bb,qui donne directement sur la rue,&nbsp;et le \u00ab petit h\u00f4tel \u00bb.<\/p>\n\n\n\n<p>Achet\u00e9 en 1842 par la ville pour y installer l&rsquo;h\u00f4tel de ville ainsi qu&rsquo;une biblioth\u00e8que et un mus\u00e9e.<\/p>\n\n\n\n<p>Concours des architectes Jean-Baptiste Lesueur et Adam pour certains projets de r\u00e9am\u00e9nagement.<\/p>\n\n\n\n<p>En 1883 et 1884 les travaux d&rsquo;agrandissement sont r\u00e9alis\u00e9s avec de plus,la construction de l&rsquo;actuelle partie sud-est de la fa\u00e7ade sur jardin.<\/p>\n\n\n\n<p>Entre 1893 et 1897 le d\u00e9cor de&nbsp;la salle des mariages&nbsp;est r\u00e9alis\u00e9&nbsp;par l&rsquo;architecte Henri Choret (architecte pour le&nbsp;Lyc\u00e9e Poquelin&nbsp;et le Bureau de poste) et le d\u00e9corateur Hista.&nbsp;<\/p>\n\n\n\n<p>Le d\u00e9cor des corniches et des consoles qui encadraient autrefois les fen\u00eatres, a disparu.<\/p>\n\n\n\n<p><\/p>\n\n\n\n<hr class=\"wp-block-separator has-alpha-channel-opacity\"\/>\n\n\n\n<div style=\"height:18px\" aria-hidden=\"true\" class=\"wp-block-spacer\"><\/div>\n\n\n\n<figure class=\"wp-block-table\"><table><tbody><tr><td>Sujet <\/td><td>H\u00f4tel de Civrieux<\/td><\/tr><tr><td>Lien<\/td><td>Aucun<\/td><\/tr><tr><td>Origine<\/td><td>Promenade  \u00e0 Saint-Germain-en-Laye &#8211; Autour de la rue de Lorraine<\/td><\/tr><tr><td><\/td><td>Elisabeth Reinhardt &#8211; Isabelle G\u00e9rard<\/td><\/tr><tr><td>Date de r\u00e9vision<\/td><td>12\/08\/2023<\/td><\/tr><\/tbody><\/table><\/figure>\n\n\n\n<p>Cet imposant h\u00f4tel particulier en pierre de taille a \u00e9t\u00e9 construit en 1862 \u00e0 l&#8217;emplacement de l&rsquo;h\u00f4tel de Lorges. Les \u00e9tendards, les lauriers, le glaive et le casque au-dessus du portail \u00e9voquent la carri\u00e8re militaire de son propri\u00e9taire car cette maison est l&rsquo;un des signes de r\u00e9ussite \u010f&rsquo;un jeune cadet d&#8217;empire, Sylvain Larreguy.<\/p>\n\n\n\n<p>Dernier fils d&rsquo;une famille d&rsquo;origine basque de neuf enfants, Sylvain Larreguy s&rsquo;engage dans l&rsquo;infanterie de l&rsquo;arm\u00e9e de Napol\u00e9on \u00e0 l&rsquo;\u00e2ge de 16 ans. Dans ses M\u00e9moires publi\u00e9s par son petit-fils sous le titre \u00ab Souvenirs d&rsquo;un cadet 1812-1823\u00bb, il relate la campagne d&rsquo;Espagne sous les ordres du g\u00e9n\u00e9ral Harispe, basque comme lui, puis du commandant Bugeaud. Il participe \u00e0 l&rsquo;attaque de Villafranca en septembre 1813. Traversant I&rsquo;Europe avec les arm\u00e9es de Napol\u00e9on, il assiste \u00e0 la bataille de Waterloo. A la chute de l&#8217;empire, il entre dans la garde royale sous la Restauration et connait une deuxi\u00e8me campagne militaire en Espagne en 1823. Il d\u00e9missionne de l&rsquo;arm\u00e9e pour \u00e9pouser en 1828, Marie de Sarran, propri\u00e9taire du ch\u00e2teau de Civrieux.<\/p>\n\n\n\n<p>En 1859, il obtient l&rsquo;autorisation d&rsquo;adjoindre \u00e0 son nom celui de Civrieux. Devenu marquis Sylvain Larreguy de Civrieux, il lance la construction de cette imposante maison en 1862.I1 habitait au 10 rue de Lorraine pendant la construction de son h\u00f4tel particulier.<\/p>\n\n\n\n<hr class=\"wp-block-separator has-alpha-channel-opacity\"\/>\n\n\n\n<h5 class=\"wp-block-heading\">commentaires :<a href=\"http:\/\/saint-germain.us\/index.php\/page-d-exemple\/\"> ICI<\/a><\/h5>\n\n\n\n<hr class=\"wp-block-separator has-alpha-channel-opacity\"\/>\n","protected":false},"excerpt":{"rendered":"<p>De Cireux &amp; de la Rochefoucauld La page pr\u00e9sente : H\u00f4tel de Cireux, L&rsquo;h\u00f4tel de la Rochefoucauld devenu l&rsquo;H\u00f4tel de ville. Carte du livre : &#8230; Adresse : &#8230; Vous pouvez ajouter des commentaires en bas de page. Sujet H\u00f4tel de La Rochefoucauld Lien Ici Origine Mairie de Saint-Germain-en-Laye Date de r\u00e9vision 11\/09\/2023 Sujet H\u00f4tel [&hellip;]<\/p>\n","protected":false},"author":1,"featured_media":0,"parent":0,"menu_order":0,"comment_status":"closed","ping_status":"closed","template":"","meta":{"footnotes":""},"class_list":["post-77","page","type-page","status-publish","hentry"],"_links":{"self":[{"href":"https:\/\/saint-germain.us\/index.php\/wp-json\/wp\/v2\/pages\/77","targetHints":{"allow":["GET"]}}],"collection":[{"href":"https:\/\/saint-germain.us\/index.php\/wp-json\/wp\/v2\/pages"}],"about":[{"href":"https:\/\/saint-germain.us\/index.php\/wp-json\/wp\/v2\/types\/page"}],"author":[{"embeddable":true,"href":"https:\/\/saint-germain.us\/index.php\/wp-json\/wp\/v2\/users\/1"}],"replies":[{"embeddable":true,"href":"https:\/\/saint-germain.us\/index.php\/wp-json\/wp\/v2\/comments?post=77"}],"version-history":[{"count":20,"href":"https:\/\/saint-germain.us\/index.php\/wp-json\/wp\/v2\/pages\/77\/revisions"}],"predecessor-version":[{"id":2873,"href":"https:\/\/saint-germain.us\/index.php\/wp-json\/wp\/v2\/pages\/77\/revisions\/2873"}],"wp:attachment":[{"href":"https:\/\/saint-germain.us\/index.php\/wp-json\/wp\/v2\/media?parent=77"}],"curies":[{"name":"wp","href":"https:\/\/api.w.org\/{rel}","templated":true}]}}