{"id":81,"date":"2023-04-29T09:10:25","date_gmt":"2023-04-29T07:10:25","guid":{"rendered":"http:\/\/saint-germain.us\/?page_id=81"},"modified":"2023-08-15T16:29:19","modified_gmt":"2023-08-15T14:29:19","slug":"p29","status":"publish","type":"page","link":"https:\/\/saint-germain.us\/index.php\/p29\/","title":{"rendered":"P29"},"content":{"rendered":"\n<h2 class=\"wp-block-heading\">L&rsquo;apothicairerie<\/h2>\n\n\n\n<hr class=\"wp-block-separator has-alpha-channel-opacity\"\/>\n\n\n<p><span style=\"color: #333399;\">La page pr\u00e9sente :<\/span><\/p>\n<ul>\n<li><span style=\"color: #000080;\">L&rsquo;apothicairerie.<\/span><\/li>\n<\/ul>\n<p><span style=\"color: #333399;\">Carte du livre : D<\/span><\/p>\n<p><span style=\"color: #333399;\">Adresse : Jardin des Arts, 3 rue Henri IV<\/span><\/p>\n<p><em><span style=\"color: #333399;\">Vous pouvez ajouter des commentaires en bas de page.<\/span><\/em><\/p>\n\n\n<hr class=\"wp-block-separator has-alpha-channel-opacity\"\/>\n\n\n\n<div style=\"height:18px\" aria-hidden=\"true\" class=\"wp-block-spacer\"><\/div>\n\n\n\n<figure class=\"wp-block-image aligncenter size-large\"><img loading=\"lazy\" decoding=\"async\" width=\"1024\" height=\"965\" src=\"http:\/\/saint-germain.us\/wp-content\/uploads\/2023\/07\/IMG_4042-1024x965.jpg\" alt=\"\" class=\"wp-image-1322\" srcset=\"https:\/\/saint-germain.us\/wp-content\/uploads\/2023\/07\/IMG_4042-1024x965.jpg 1024w, https:\/\/saint-germain.us\/wp-content\/uploads\/2023\/07\/IMG_4042-300x283.jpg 300w, https:\/\/saint-germain.us\/wp-content\/uploads\/2023\/07\/IMG_4042-768x724.jpg 768w, https:\/\/saint-germain.us\/wp-content\/uploads\/2023\/07\/IMG_4042-1536x1447.jpg 1536w, https:\/\/saint-germain.us\/wp-content\/uploads\/2023\/07\/IMG_4042-2048x1929.jpg 2048w\" sizes=\"auto, (max-width: 1024px) 100vw, 1024px\" \/><figcaption class=\"wp-element-caption\">Apothicairerie<\/figcaption><\/figure>\n\n\n\n<figure class=\"wp-block-image aligncenter size-large\"><img loading=\"lazy\" decoding=\"async\" width=\"656\" height=\"1024\" src=\"http:\/\/saint-germain.us\/wp-content\/uploads\/2023\/08\/Apothicairerie-656x1024.jpg\" alt=\"\" class=\"wp-image-2005\" srcset=\"https:\/\/saint-germain.us\/wp-content\/uploads\/2023\/08\/Apothicairerie-656x1024.jpg 656w, https:\/\/saint-germain.us\/wp-content\/uploads\/2023\/08\/Apothicairerie-192x300.jpg 192w, https:\/\/saint-germain.us\/wp-content\/uploads\/2023\/08\/Apothicairerie-768x1199.jpg 768w, https:\/\/saint-germain.us\/wp-content\/uploads\/2023\/08\/Apothicairerie-984x1536.jpg 984w, https:\/\/saint-germain.us\/wp-content\/uploads\/2023\/08\/Apothicairerie-1312x2048.jpg 1312w, https:\/\/saint-germain.us\/wp-content\/uploads\/2023\/08\/Apothicairerie.jpg 1374w\" sizes=\"auto, (max-width: 656px) 100vw, 656px\" \/><figcaption class=\"wp-element-caption\">Vierge de l&rsquo;apothicairerie (@Philippe GOUT)<\/figcaption><\/figure>\n\n\n\n<hr class=\"wp-block-separator has-alpha-channel-opacity\"\/>\n\n\n\n<div style=\"height:18px\" aria-hidden=\"true\" class=\"wp-block-spacer\"><\/div>\n\n\n\n<figure class=\"wp-block-table\"><table><tbody><tr><td>Sujet <\/td><td>Apothicairerie &#8211; Visite avec Victoria Bernard<\/td><\/tr><tr><td>Lien<\/td><td><a href=\"https:\/\/www.leparisien.fr\/yvelines-78\/saint-germain-en-laye-l-apothicairerie-royale-devoile-ses-tresors-04-11-2018-7934874.php\">Ici<\/a><\/td><\/tr><tr><td>Origine<\/td><td>Le Parisien<\/td><\/tr><tr><td><\/td><td><\/td><\/tr><tr><td>Date de r\u00e9vision<\/td><td>08\/08\/2023<\/td><\/tr><\/tbody><\/table><\/figure>\n\n\n\n<p>Cette collection provient des anciens h\u00f4pitaux de Saint-Germain, l&rsquo;h\u00f4pital de la Charit\u00e9 et l&rsquo;h\u00f4pital g\u00e9n\u00e9ral royal \u00bb, explique Victoria Bernard, la guide charg\u00e9e de vous les faire d\u00e9couvrir. Les pots ont \u00e9t\u00e9 r\u00e9cup\u00e9r\u00e9s par l&rsquo;Office de tourisme il y a quatre ans alors qu&rsquo;ils \u00e9taient entrepos\u00e9s dans l&rsquo;actuel h\u00f4pital de la ville et n&rsquo;\u00e9taient seulement montr\u00e9s que lors des Journ\u00e9es du Patrimoine. Ils ont, entre-temps, subi une restauration de la part d&rsquo;un expert des Monuments historiques. La collection est d&rsquo;ailleurs inscrite \u00e0 ce titre depuis 1904.<\/p>\n\n\n\n<hr class=\"wp-block-separator has-alpha-channel-opacity\"\/>\n\n\n\n<div style=\"height:18px\" aria-hidden=\"true\" class=\"wp-block-spacer\"><\/div>\n\n\n\n<figure class=\"wp-block-table\"><table><tbody><tr><td>Sujet <\/td><td>Apothicairerie<\/td><\/tr><tr><td>Lien<\/td><td><a href=\"https:\/\/www.seine-saintgermain.fr\/fr\/fiche\/5101652\/lapothicairerie-royale\/\">Ici<\/a><\/td><\/tr><tr><td>Origine<\/td><td>Office du tourisme<\/td><\/tr><tr><td><\/td><td><\/td><\/tr><tr><td>Date de r\u00e9vision<\/td><td>23\/07\/2023<\/td><\/tr><\/tbody><\/table><\/figure>\n\n\n\n<p>L&rsquo;apothicairerie de l&rsquo;h\u00f4pital de Saint-Germain-en-Laye constitue une remarquable collection de fa\u00efences et de verres des XVIIe et XVIIIe si\u00e8cles. Cette salle, admirablement d\u00e9cor\u00e9e provient de I&rsquo;H\u00f4pital G\u00e9n\u00e9ral Royal cr\u00e9\u00e9 et fond\u00e9 par Madame de Montespan, enrichie de quelques vestiges de l&rsquo;ancien H\u00f4pital de la Charit\u00e9.<\/p>\n\n\n\n<p>Plus de deux cents pots d\u00e9cor\u00e9s, des flacons de toute taille en verre de Venise et de S\u00e8vres, et des bo\u00eetes rectangulaires et cylindriques, d\u00e9licatement peintes, recr\u00e9ent l&rsquo;atmosph\u00e8re de myst\u00e8re et de science o\u00f9 baignaient les vieilles pharmacies d&rsquo;antan. Ces pots, piluliers, chevrettes ou vases sont dispos\u00e9s sur des boise-ries de style Louis XVI dont la patine fait ressortir les admirables tons bleu et noir sur fond blanc, parfois r\u00e9hauss\u00e9s de discr\u00e8tes touches jaunes.<\/p>\n\n\n\n<p>La plupart de ces pots sont en fa\u00efence de Saint-Cloud qu&rsquo;il s&rsquo;agisse de grosses cruches \u00e0 eau distill\u00e9e marqu\u00e9es&nbsp;de&nbsp;fleurs de lys bleues, ou de vases et chevrettes au d\u00e9cor rappelant le Rouen. Saint-Cloud a fourni les principales apothicaireries de la r\u00e9gion parisienne et on trouve ces fa\u00efences \u00e9galement \u00e0 Versailles, Saint-Denis et au Mus\u00e9e de l&rsquo;Assistance Publique de Paris.<\/p>\n\n\n\n<p>D&rsquo;autres pots proviennent de Nevers, certains r\u00e9hauss\u00e9s d&rsquo;une discr\u00e8te touche brune ou jaune. Deux grands vases \u00e0 Th\u00e9riaque, superbes, sont \u00e9galement de Nevers, \u00e0 d\u00e9cors chinois.<\/p>\n\n\n\n<p>Certains pots sont orn\u00e9s d&rsquo;un paon et d&rsquo;un coq qui rappelleraient les amours de Madame de Montespan et du Roi Louis XIV. On doit noter l&rsquo;orthographe approximative et le graphisme na\u00eff de certains pots de Saint-Cloud.<\/p>\n\n\n\n<hr class=\"wp-block-separator has-alpha-channel-opacity\"\/>\n\n\n\n<div style=\"height:18px\" aria-hidden=\"true\" class=\"wp-block-spacer\"><\/div>\n\n\n\n<figure class=\"wp-block-table\"><table><tbody><tr><td>Sujet <\/td><td>Apothicairerie<\/td><\/tr><tr><td>Lien<\/td><td><a href=\"https:\/\/www.sortir-yvelines.fr\/Art-et-culture\/Art-et-culture-dans-les-Yvelines\/visite-decouverte-yvelines\/apothicairerie-royale-saint-germain-en-laye\">Ici<\/a><\/td><\/tr><tr><td>Origine<\/td><td>Sortir en Yvelines<\/td><\/tr><tr><td><\/td><td><\/td><\/tr><tr><td>Date de r\u00e9vision<\/td><td>23\/07\/2023<\/td><\/tr><\/tbody><\/table><\/figure>\n\n\n\n<p>La collection de pots en fa\u00efence orn\u00e9s de motifs bleus, de bocaux en verre et de bo\u00eetes \u00e0 plantes m\u00e9dicinales en bois d\u00e9cor\u00e9es \u00e0 la main est rassembl\u00e9e dans son plus bel \u00e9crin au Jardin des Arts !<\/p>\n\n\n\n<h5 class=\"wp-block-heading\" id=\"eztoc2322104_1\">Les pr\u00e9curseurs de la pharmacie moderne<\/h5>\n\n\n\n<p>L&rsquo;apothicaire tenait boutique. C&rsquo;est \u00e0 la fois l&rsquo;origine de son nom, du latin apothecarius qui signifie \u00ab boutiquier \u00bb, et ce qui le distingue des charlatans ambulants.<\/p>\n\n\n\n<p>Pr\u00e9curseur des pharmaciens modernes, il pr\u00e9parait et vendait des breuvages et m\u00e9dicaments pour les malades. On a retrouv\u00e9 la trace de textes m\u00e9dicaux, m\u00eal\u00e9s \u00e0 des incantations religieuses, attestant que cette nouvelle fonction serait n\u00e9e aux alentours de &#8211; 2 600 avant J\u00e9sus-Christ \u00e0 Sumer, une r\u00e9gion de l&rsquo;Irak.<\/p>\n\n\n\n<p>C&rsquo;est en 1258 en France que Saint-Louis donna un v\u00e9ritable statut aux apothicaires. Durant les si\u00e8cles suivant, ceux-ci se sont vus attribuer de nouvelles pr\u00e9rogatives comme le droit de d\u00e9tenir des drogues rares et prestigieuses ou de vendre du tabac en poudre.<\/p>\n\n\n\n<p>En 1777, Louis XVI cr\u00e9a le Coll\u00e8ge royal de pharmacie et les apothicaires chang\u00e8rent de noms. Ils obtinrent le droit exclusif de concocter des rem\u00e8des mais le m\u00e9tier changea au XIXe si\u00e8cle, les \u00e9volutions de la chimie entra\u00eenant la fabrication industrielle des m\u00e9dicaments.<\/p>\n\n\n\n<h5 class=\"wp-block-heading\" id=\"eztoc2322104_2\">L\u2019Apothicairerie Royale d\u00e9voile ses tr\u00e9sors<\/h5>\n\n\n\n<p>C&rsquo;est un \u00ab voyage \u00bb \u00e0 travers le m\u00e9tier d&rsquo;apothicaire auquel vous \u00eates donc convi\u00e9 en vous rendant au premier \u00e9tage de l&rsquo;Office de tourisme de Saint-Germain-en-Laye.&nbsp;<\/p>\n\n\n\n<p>Une collection extraordinaire, inscrite aux Monuments historiques vous y attend, provenant des deux h\u00f4pitaux royaux fond\u00e9s \u00e0 Saint-Germain-en-Laye (l&rsquo;h\u00f4pital g\u00e9n\u00e9ral et l&rsquo;h\u00f4pital de la Charit\u00e9). Mise en sc\u00e8ne dans un d\u00e9cor en bois de style Louis XVI, il y a \u00e9galement les bo\u00eetes en bois qui servaient pour les pr\u00e9parations v\u00e9g\u00e9tales. Dans les pots, on effectuait surtout les pr\u00e9parations min\u00e9rales et animales, notamment de l&rsquo;huile de petit chien ou encore du vin de cloporte ! La premi\u00e8re \u00e9tait cens\u00e9e r\u00e9soudre les probl\u00e8mes de paralysie, le second les soucis de voies urinaires obstru\u00e9es.&nbsp;<\/p>\n\n\n\n<p>La collection de pots en fa\u00efence orn\u00e9s a b\u00e9n\u00e9fici\u00e9 d&rsquo;une restauration compl\u00e8te et exceptionnelle, d\u00e9marr\u00e9e en 2014.<\/p>\n\n\n\n<h5 class=\"wp-block-heading\" id=\"eztoc2322104_3\">XVIIe, XVIIIe et XIXe si\u00e8cles : l&rsquo;esprit retrouv\u00e9<\/h5>\n\n\n\n<p>Cette restauration concerne notamment les boiseries anciennes du XVIIe si\u00e8cle \u00e0 d\u00e9cors polychromes, ainsi que l&rsquo;ensemble pharmaceutique de 600 pots de fa\u00efence et de bocaux de verre. Vous d\u00e9couvrirez aussi des objets fabriqu\u00e9s dans trois ateliers anciens de Paris, Saint-Cloud et Nevers \u00e0 la fin du XVIIe et au d\u00e9but du XVIIIe si\u00e8cle, \u00e0 savoir les cruches, les chevrettes ou encore les pots-canons. Enfin, la reconstitution choisie s&rsquo;appuie sur la description du XIXe si\u00e8cle, lorsque les deux h\u00f4pitaux de la ville ont fusionn\u00e9.<\/p>\n\n\n\n<hr class=\"wp-block-separator has-alpha-channel-opacity\"\/>\n\n\n\n<h5 class=\"wp-block-heading\">commentaires :<a href=\"http:\/\/saint-germain.us\/index.php\/page-d-exemple\/\"> ICI<\/a><\/h5>\n\n\n\n<hr class=\"wp-block-separator has-alpha-channel-opacity\"\/>\n","protected":false},"excerpt":{"rendered":"<p>L&rsquo;apothicairerie La page pr\u00e9sente : L&rsquo;apothicairerie. Carte du livre : D Adresse : Jardin des Arts, 3 rue Henri IV Vous pouvez ajouter des commentaires en bas de page. Sujet Apothicairerie &#8211; Visite avec Victoria Bernard Lien Ici Origine Le Parisien Date de r\u00e9vision 08\/08\/2023 Cette collection provient des anciens h\u00f4pitaux de Saint-Germain, l&rsquo;h\u00f4pital de [&hellip;]<\/p>\n","protected":false},"author":1,"featured_media":0,"parent":0,"menu_order":0,"comment_status":"closed","ping_status":"closed","template":"","meta":{"footnotes":""},"class_list":["post-81","page","type-page","status-publish","hentry"],"_links":{"self":[{"href":"https:\/\/saint-germain.us\/index.php\/wp-json\/wp\/v2\/pages\/81","targetHints":{"allow":["GET"]}}],"collection":[{"href":"https:\/\/saint-germain.us\/index.php\/wp-json\/wp\/v2\/pages"}],"about":[{"href":"https:\/\/saint-germain.us\/index.php\/wp-json\/wp\/v2\/types\/page"}],"author":[{"embeddable":true,"href":"https:\/\/saint-germain.us\/index.php\/wp-json\/wp\/v2\/users\/1"}],"replies":[{"embeddable":true,"href":"https:\/\/saint-germain.us\/index.php\/wp-json\/wp\/v2\/comments?post=81"}],"version-history":[{"count":15,"href":"https:\/\/saint-germain.us\/index.php\/wp-json\/wp\/v2\/pages\/81\/revisions"}],"predecessor-version":[{"id":2555,"href":"https:\/\/saint-germain.us\/index.php\/wp-json\/wp\/v2\/pages\/81\/revisions\/2555"}],"wp:attachment":[{"href":"https:\/\/saint-germain.us\/index.php\/wp-json\/wp\/v2\/media?parent=81"}],"curies":[{"name":"wp","href":"https:\/\/api.w.org\/{rel}","templated":true}]}}