{"id":876,"date":"2023-06-01T16:45:59","date_gmt":"2023-06-01T14:45:59","guid":{"rendered":"http:\/\/saint-germain.us\/?page_id=876"},"modified":"2023-08-15T08:39:04","modified_gmt":"2023-08-15T06:39:04","slug":"p51-2","status":"publish","type":"page","link":"https:\/\/saint-germain.us\/index.php\/p51-2\/","title":{"rendered":"P51"},"content":{"rendered":"\n<h2 class=\"wp-block-heading\">Maisons de Saint-Germain-en-Laye<\/h2>\n\n\n\n<hr class=\"wp-block-separator has-alpha-channel-opacity\"\/>\n\n\n\n<div style=\"height:18px\" aria-hidden=\"true\" class=\"wp-block-spacer\"><\/div>\n\n\n\n<figure class=\"wp-block-image size-large\"><img loading=\"lazy\" decoding=\"async\" width=\"1024\" height=\"677\" src=\"http:\/\/saint-germain.us\/wp-content\/uploads\/2023\/07\/Pavillon-de-Chavignac-nb-1024x677.jpg\" alt=\"\" class=\"wp-image-1823\" srcset=\"https:\/\/saint-germain.us\/wp-content\/uploads\/2023\/07\/Pavillon-de-Chavignac-nb-1024x677.jpg 1024w, https:\/\/saint-germain.us\/wp-content\/uploads\/2023\/07\/Pavillon-de-Chavignac-nb-300x198.jpg 300w, https:\/\/saint-germain.us\/wp-content\/uploads\/2023\/07\/Pavillon-de-Chavignac-nb-768x508.jpg 768w, https:\/\/saint-germain.us\/wp-content\/uploads\/2023\/07\/Pavillon-de-Chavignac-nb-1536x1016.jpg 1536w, https:\/\/saint-germain.us\/wp-content\/uploads\/2023\/07\/Pavillon-de-Chavignac-nb.jpg 1686w\" sizes=\"auto, (max-width: 1024px) 100vw, 1024px\" \/><figcaption class=\"wp-element-caption\">Pavillon de Chavignac (@E.R)<\/figcaption><\/figure>\n\n\n\n<figure class=\"wp-block-image aligncenter size-large\"><img loading=\"lazy\" decoding=\"async\" width=\"527\" height=\"1024\" src=\"http:\/\/saint-germain.us\/wp-content\/uploads\/2023\/07\/Maison-FD-bas-croq-527x1024.jpg\" alt=\"\" class=\"wp-image-1820\" srcset=\"https:\/\/saint-germain.us\/wp-content\/uploads\/2023\/07\/Maison-FD-bas-croq-527x1024.jpg 527w, https:\/\/saint-germain.us\/wp-content\/uploads\/2023\/07\/Maison-FD-bas-croq-155x300.jpg 155w, https:\/\/saint-germain.us\/wp-content\/uploads\/2023\/07\/Maison-FD-bas-croq-768x1491.jpg 768w, https:\/\/saint-germain.us\/wp-content\/uploads\/2023\/07\/Maison-FD-bas-croq-791x1536.jpg 791w, https:\/\/saint-germain.us\/wp-content\/uploads\/2023\/07\/Maison-FD-bas-croq-1055x2048.jpg 1055w, https:\/\/saint-germain.us\/wp-content\/uploads\/2023\/07\/Maison-FD-bas-croq-scaled.jpg 1319w\" sizes=\"auto, (max-width: 527px) 100vw, 527px\" \/><figcaption class=\"wp-element-caption\">\u00ab\u00a0Pavillon bon accueil\u00a0\u00bb &#8211; rue F\u00e9licien David (@Philippe GOUT) &#8211;<\/figcaption><\/figure>\n\n\n\n<figure class=\"wp-block-image aligncenter size-large\"><img loading=\"lazy\" decoding=\"async\" width=\"576\" height=\"1024\" src=\"http:\/\/saint-germain.us\/wp-content\/uploads\/2023\/08\/Maison-rue-Diderot-576x1024.jpg\" alt=\"\" class=\"wp-image-1904\" srcset=\"https:\/\/saint-germain.us\/wp-content\/uploads\/2023\/08\/Maison-rue-Diderot-576x1024.jpg 576w, https:\/\/saint-germain.us\/wp-content\/uploads\/2023\/08\/Maison-rue-Diderot-169x300.jpg 169w, https:\/\/saint-germain.us\/wp-content\/uploads\/2023\/08\/Maison-rue-Diderot-768x1365.jpg 768w, https:\/\/saint-germain.us\/wp-content\/uploads\/2023\/08\/Maison-rue-Diderot-864x1536.jpg 864w, https:\/\/saint-germain.us\/wp-content\/uploads\/2023\/08\/Maison-rue-Diderot-1152x2048.jpg 1152w, https:\/\/saint-germain.us\/wp-content\/uploads\/2023\/08\/Maison-rue-Diderot-scaled.jpg 1440w\" sizes=\"auto, (max-width: 576px) 100vw, 576px\" \/><figcaption class=\"wp-element-caption\">Maison rue Raymond Gr\u00e9ban  (@Philippe GOUT)<\/figcaption><\/figure>\n\n\n\n<hr class=\"wp-block-separator has-alpha-channel-opacity\"\/>\n\n\n\n<div style=\"height:18px\" aria-hidden=\"true\" class=\"wp-block-spacer\"><\/div>\n\n\n\n<figure class=\"wp-block-table\"><table><tbody><tr><td>Sujet <\/td><td>Maisons de Saint-Germain-en-Laye<\/td><\/tr><tr><td>Lien<\/td><td><a href=\"https:\/\/nouveautes-editeurs.bnf.fr\/annonces.html?id_declaration=10000000849794&amp;titre_livre=Promenade_\u00e0_Saint-Germain-en-Laye_\">Ici<\/a><\/td><\/tr><tr><td>Origine<\/td><td>Autour de la rue de Lorraine <\/td><\/tr><tr><td><\/td><td>Promenade \u00e0 Saint-Germain-en-Laye<\/td><\/tr><tr><td>Date de r\u00e9vision<\/td><td>06\/05\/2023<\/td><\/tr><\/tbody><\/table><\/figure>\n\n\n\n<hr class=\"wp-block-separator has-alpha-channel-opacity\"\/>\n\n\n\n<h5 class=\"wp-block-heading\">DESSINS REPRESENTES<\/h5>\n\n\n<ul>\n<li>Rue de Lorraine (E.R)<\/li>\n<li>Maison du 14 rue de Lorraine (E.R)<\/li>\n<li>Rue F\u00e9licien David (P.G)<\/li>\n<li>Maisons des 1,3,5 rue Henri Robbe (E.R)<\/li>\n<li>Maison du 17 rue de Lorraine (E.R)<\/li>\n<\/ul>\n\n\n<hr class=\"wp-block-separator has-alpha-channel-opacity\"\/>\n\n\n\n<h5 class=\"wp-block-heading\">iNTRODUCTION &#8211; AUTOUR DE LA RUE DE LORRAINE<\/h5>\n\n\n<p>La rue de Lorraine et les rues qui l&rsquo;entourent offrent tous les plaisirs que l&rsquo;on peut attendre d&rsquo;une promenade: la vari\u00e9t\u00e9 des espaces, des jeux de lumi\u00e8re, les proportions harmonieuses des maisons modestes ou imposantes souvent entrecoup\u00e9es par des entr\u00e9es sur jardin d&rsquo;o\u00f9 d\u00e9borde la v\u00e9g\u00e9tation. On y rencontre toute une vari\u00e9t\u00e9 de mati\u00e8res : la pierre calcaire, la pierre meuli\u00e8re, la brique, les enduits color\u00e9s ainsi que des \u00e9l\u00e9ments d\u00e9coratifs, grilles, bas-reliefs, volets aux tons pastel variant du bleu au gris vert. En entrant dans la rue de Lorraine depuis la rue des B\u00fbcherons, nous sommes accueillis au printemps par l&rsquo;odeur des seringuas et des roses qui d\u00e9bordent d&rsquo;un mur au-dessus de la plus ancienne plaque de rue de la ville. La rue de Lorraine se d\u00e9hanche dans son premier tron\u00e7on pour ensuite s&rsquo;\u00e9largir progressivement jusqu&rsquo;\u00e0 un carrefour de quatre petites rues et d&rsquo;un square agr\u00e9ment\u00e9 de quelques arbres, de bancs de pierre et de la statue de notre bon roi Henri. C&rsquo;est le lieu de pr\u00e9dilection des jeunes sortant de l&rsquo;\u00e9cole, des ma\u00eetres promenant leurs chiens, et de ceux qui ont le plaisir d&rsquo;y rencontrer leurs voisins. En empruntant la petite rue Brancion, nous devinons les contours du parc de Noailles, voisin du parc du ch\u00e2teau et de la for\u00eat. Les rues de notre quartier sont jalonn\u00e9es de charmantes maisons ainsi que de beaux h\u00f4tels qui nous parlent d&rsquo;histoire : l&rsquo;h\u00f4tel de Richelieu, l&rsquo;h\u00f4tel de Chevreuse, le Pavillon de Chabrignac, l&rsquo;h\u00f4tel de Courtomer, l&rsquo;h\u00f4tel de Noailles&#8230;<\/p>\n<p>Laissez-vous guider dans notre promenade autour de la rue de Lorraine.<span style=\"font-weight: 400;\">&nbsp;<\/span><\/p>\n\n\n<hr class=\"wp-block-separator has-alpha-channel-opacity\"\/>\n\n\n\n<h5 class=\"wp-block-heading\">commentaires :<a href=\"http:\/\/saint-germain.us\/index.php\/page-d-exemple\/\"> ICI<\/a><\/h5>\n\n\n\n<hr class=\"wp-block-separator has-alpha-channel-opacity\"\/>\n","protected":false},"excerpt":{"rendered":"<p>Maisons de Saint-Germain-en-Laye Sujet Maisons de Saint-Germain-en-Laye Lien Ici Origine Autour de la rue de Lorraine Promenade \u00e0 Saint-Germain-en-Laye Date de r\u00e9vision 06\/05\/2023 DESSINS REPRESENTES Rue de Lorraine (E.R) Maison du 14 rue de Lorraine (E.R) Rue F\u00e9licien David (P.G) Maisons des 1,3,5 rue Henri Robbe (E.R) Maison du 17 rue de Lorraine (E.R) iNTRODUCTION [&hellip;]<\/p>\n","protected":false},"author":1,"featured_media":0,"parent":0,"menu_order":0,"comment_status":"closed","ping_status":"closed","template":"","meta":{"footnotes":""},"class_list":["post-876","page","type-page","status-publish","hentry"],"_links":{"self":[{"href":"https:\/\/saint-germain.us\/index.php\/wp-json\/wp\/v2\/pages\/876","targetHints":{"allow":["GET"]}}],"collection":[{"href":"https:\/\/saint-germain.us\/index.php\/wp-json\/wp\/v2\/pages"}],"about":[{"href":"https:\/\/saint-germain.us\/index.php\/wp-json\/wp\/v2\/types\/page"}],"author":[{"embeddable":true,"href":"https:\/\/saint-germain.us\/index.php\/wp-json\/wp\/v2\/users\/1"}],"replies":[{"embeddable":true,"href":"https:\/\/saint-germain.us\/index.php\/wp-json\/wp\/v2\/comments?post=876"}],"version-history":[{"count":15,"href":"https:\/\/saint-germain.us\/index.php\/wp-json\/wp\/v2\/pages\/876\/revisions"}],"predecessor-version":[{"id":2502,"href":"https:\/\/saint-germain.us\/index.php\/wp-json\/wp\/v2\/pages\/876\/revisions\/2502"}],"wp:attachment":[{"href":"https:\/\/saint-germain.us\/index.php\/wp-json\/wp\/v2\/media?parent=876"}],"curies":[{"name":"wp","href":"https:\/\/api.w.org\/{rel}","templated":true}]}}