{"id":9,"date":"2023-04-17T16:42:54","date_gmt":"2023-04-17T14:42:54","guid":{"rendered":"http:\/\/saint-germain.us\/?page_id=9"},"modified":"2023-09-10T11:45:51","modified_gmt":"2023-09-10T09:45:51","slug":"discours-des-maires","status":"publish","type":"page","link":"https:\/\/saint-germain.us\/index.php\/discours-des-maires\/","title":{"rendered":"P7"},"content":{"rendered":"\n<h2 class=\"wp-block-heading\">DISCOURS DES MAIRES et +<\/h2>\n\n\n\n<hr class=\"wp-block-separator has-alpha-channel-opacity\"\/>\n\n\n\n<h4 class=\"wp-block-heading\">Les maires de Saint-Germain-en-Laye<\/h4>\n\n\n\n<div style=\"height:18px\" aria-hidden=\"true\" class=\"wp-block-spacer\"><\/div>\n\n\n\n<figure class=\"wp-block-image size-large\"><img loading=\"lazy\" decoding=\"async\" width=\"1024\" height=\"675\" src=\"http:\/\/saint-germain.us\/wp-content\/uploads\/2023\/04\/Maires-1024x675.jpg\" alt=\"\" class=\"wp-image-10\" srcset=\"https:\/\/saint-germain.us\/wp-content\/uploads\/2023\/04\/Maires-1024x675.jpg 1024w, https:\/\/saint-germain.us\/wp-content\/uploads\/2023\/04\/Maires-300x198.jpg 300w, https:\/\/saint-germain.us\/wp-content\/uploads\/2023\/04\/Maires-768x506.jpg 768w, https:\/\/saint-germain.us\/wp-content\/uploads\/2023\/04\/Maires-1536x1012.jpg 1536w, https:\/\/saint-germain.us\/wp-content\/uploads\/2023\/04\/Maires-2048x1349.jpg 2048w\" sizes=\"auto, (max-width: 1024px) 100vw, 1024px\" \/><\/figure>\n\n\n\n<div style=\"height:18px\" aria-hidden=\"true\" class=\"wp-block-spacer\"><\/div>\n\n\n\n<hr class=\"wp-block-separator has-alpha-channel-opacity\"\/>\n\n\n\n<h4 class=\"wp-block-heading\"><strong>La commune o\u00f9 il fait bon vivre &#8230;<\/strong><\/h4>\n\n\n\n<div style=\"height:18px\" aria-hidden=\"true\" class=\"wp-block-spacer\"><\/div>\n\n\n\n<figure class=\"wp-block-table\"><table><tbody><tr><td>Sujet <\/td><td>La commune o\u00f9 il fait bon vivre<\/td><\/tr><tr><td>Lien<\/td><td><a href=\"https:\/\/www.francebleu.fr\/emissions\/la-commune-ou-il-fait-bon-vivre-en-ile-de-france\/la-commune-ou-il-fait-bon-vivre-saint-germain-en-laye-2435970\">Ici<\/a><\/td><\/tr><tr><td>Origine<\/td><td>Francebleu<\/td><\/tr><tr><td>Date de r\u00e9vision<\/td><td>10\/08\/2023<\/td><\/tr><\/tbody><\/table><\/figure>\n\n\n\n<p>Ce mardi 24 janvier janvier 2023,&nbsp;<strong>Saint-Germain-en-Laye<\/strong>&nbsp;fut la douzi\u00e8me des quinze communes finalistes de notre grande op\u00e9ration de \u00ab&nbsp;<strong><em>La commune o\u00f9 il fait bon vivre en \u00cele-de-France&nbsp;!<\/em>&nbsp;<\/strong>\u00bb mise \u00e0 l\u2019honneur sur l\u2019antenne de France Bleu Paris.<\/p>\n\n\n\n<p>Dans&nbsp;<em><strong>Bonjour Monsieur le Maire,<\/strong><\/em>&nbsp;<strong>Arnaud P\u00e9ricard<\/strong>,&nbsp;<strong>maire de Saint-Germain-en-Laye<\/strong>, a r\u00e9pondu \u00e0 Romain Ambro et nous a expliqu\u00e9 pourquoi Saint-Germain-en-Laye est une commune o\u00f9 il fait bon vivre&nbsp;: \u00ab&nbsp;<em>C\u2019est une des villes les plus historiques d\u2019\u00cele-de-France, la ville de Louis XIV et du PSG. C\u2019est la ville de l\u2019\u00e9quilibre, ouverte sur le monde, ouverte sur les autres, une ville de la bienveillance, de la solidarit\u00e9. C\u2019est une ville avec une communaut\u00e9 internationale tr\u00e8s importante. Vous pouvez entendre toutes les langues du monde dans les rues de Saint-Germain<\/em>&nbsp;\u00bb.<\/p>\n\n\n\n<p>Puis,&nbsp;<strong>Priscille Peugnet<\/strong>, maire-adjointe charg\u00e9e du Tourisme, de la Vie associative et de la Citoyennet\u00e9, et \u00e9galement pr\u00e9sidente de l&rsquo;<a href=\"https:\/\/www.seine-saintgermain.fr\/fr\/\" target=\"_blank\" rel=\"noreferrer noopener\"><strong>Office de Tourisme Intercommunal de Saint-Germain Boucles de Seine<\/strong><\/a>, a r\u00e9pondu aux questions de&nbsp;<strong>Laurent Petitguillaume<\/strong>&nbsp;pour pr\u00e9senter les activit\u00e9s culturelles et de loisirs dans la commune. L\u2019apr\u00e8s-midi, notre animateur&nbsp;<strong>David Kolski<\/strong>&nbsp;s\u2019est rendu dans les rues de Saint-Germain-en-Laye \u00e0 la rencontre de plusieurs acteurs de la vie locale.<\/p>\n\n\n\n<p><strong>David Kolski<\/strong>&nbsp;a retrouv\u00e9&nbsp;<strong>Priscille Peugnet<\/strong>&nbsp;\u00e0 l\u2019H\u00f4tel de Ville pour une pr\u00e9sentation de cette commune qui depuis&nbsp;<a href=\"https:\/\/www.saintgermainenlaye.fr\/1386\/domaine-national-parc-du-chateau-de-saint-germain-en-laye-une-vue-incomparable-sur-la-vallee-de-la-seine.htm\" target=\"_blank\" rel=\"noreferrer noopener\"><strong>sa terrasse du ch\u00e2teau surplombe la vall\u00e9e de la Seine sur l\u2019ouest de Paris<\/strong><\/a>&nbsp;et dans le nord-est du d\u00e9partement des Yvelines. Sa for\u00eat domaniale, sur plus de 4\u2009800 hectares, est un poumon de verdure, mais ce n\u2019est pas le seul atout de Saint-Germain-en-Laye, puisqu\u2019avec six-cents commerces, la commune est le premier centre commercial \u00e0 ciel ouvert de l\u2019ouest parisien.<\/p>\n\n\n\n<p><strong>Alain de Chamborant<\/strong>, pr\u00e9sident de la CLEF, et&nbsp;<strong>Franck Michaut<\/strong>, son directeur g\u00e9n\u00e9ral, ont expliqu\u00e9 \u00e0&nbsp;<strong>David Kolski<\/strong>&nbsp;l\u2019esprit de cette&nbsp;<a rel=\"noreferrer noopener\" href=\"https:\/\/www.laclef.asso.fr\/\" target=\"_blank\"><strong>association, la&nbsp;<em>CLEF<\/em>,<\/strong>&nbsp;pour<\/a>Culture Loisirs et Formation. Cr\u00e9\u00e9e en 1984 lors de la transformation de la MJC de St-Germain-en-Laye, la CLEF contribue \u00e0 la vie culturelle et \u00e0 l\u2019animation de la commune, en organisant pr\u00e8s de quatre-vingts spectacles par saison, principalement des concerts, des spectacles ainsi que des expositions, et en proposant une cinquantaine d\u2019activit\u00e9 \u00e0 plus de deux-mille-cinq-cents adh\u00e9rents (de cours de sports, de langues, d\u2019arts plastiques, de th\u00e9\u00e2tre, de danse, \u2026).<\/p>\n\n\n\n<p><strong>\u00c9tienne Bertrand<\/strong>, pr\u00e9sident de l<a rel=\"noreferrer noopener\" href=\"https:\/\/www.mas.asso.fr\/\" target=\"_blank\"><strong>a Maison des Associations (MAS)<\/strong><\/a>&nbsp;a pr\u00e9sent\u00e9 \u00e0&nbsp;<strong>David Kolski<\/strong>&nbsp;le riche tissu associatif Saint-germanois, avec plus de trois-cent-cinquante associations sur la commune, repr\u00e9sentant tous les domaines, le culturel, le sportif, les loisirs, le handicap, la solidarit\u00e9 \u2026 Vous pouvez vous renseigner sur l\u2019ensemble de ces structures en vous rendant au 3 rue de la R\u00e9publique, o\u00f9 la mairie met \u00e0 disposition un h\u00f4tel particulier pour accueillir la MAS et ses associations adh\u00e9rentes, parmis lesquelles ces structures embl\u00e9matiques&nbsp;: <a rel=\"noreferrer noopener\" href=\"http:\/\/arbreapain.org\/\" target=\"_blank\">l\u2019Arbre \u00e0 Pain<\/a>&nbsp;(centre de distribution alimentaire)&nbsp;:&nbsp;<a rel=\"noreferrer noopener\" href=\"https:\/\/imagineformargo.org\/\" target=\"_blank\"><em><strong>Imagine For Margo<\/strong><\/em><\/a>&nbsp;(qui se mobilise contre le cancer des infos)&nbsp;<a rel=\"noreferrer noopener\" href=\"https:\/\/www.women-safe.org\/\" target=\"_blank\"><em><strong>Women Safe &amp; Children<\/strong><\/em><\/a>&nbsp;(agit au quotidien pour les femmes et les enfants victimes ou t\u00e9moins de violences) et&nbsp;<a rel=\"noreferrer noopener\" href=\"http:\/\/www.cheminsdeleveil.com\/\" target=\"_blank\"><em><strong>Les Chemins de l\u2019Eveil<\/strong><\/em><\/a>&nbsp;(accueil et prise en charge d&rsquo;enfants et de jeunes adultes polyhandicap\u00e9s).<\/p>\n\n\n\n<p>Puis&nbsp;<strong>David Kolski<\/strong>&nbsp;s\u2019est entretenu avec&nbsp;<strong>Fr\u00e9d\u00e9ric Lubszynski<\/strong>,&nbsp;<a href=\"https:\/\/www.cab-lub.fr\/\" target=\"_blank\" rel=\"noreferrer noopener\">assureur de profession<\/a>, qui est \u00e9galement membre de l\u2019<a href=\"https:\/\/www.helloasso.com\/associations\/cap-sgl\" target=\"_blank\" rel=\"noreferrer noopener\"><strong>Union Commer\u00e7ants Artisans Professionnels de Saint-Germain-en-Laye (CAP SGL)<\/strong><\/a>&nbsp;et le principal lien entre la mairie et les six-cents commerces en ville, dont beaucoup de commerces de bouche.<\/p>\n\n\n\n<p>Parmi eux,&nbsp;<strong>Antoine Amadei<\/strong>, propri\u00e9taire du restaurant \u00e0&nbsp;<a rel=\"noreferrer noopener\" href=\"https:\/\/www.lacantinedemarius.fr\/\" target=\"_blank\"><em><strong>La Cantine de Marius<\/strong><\/em><\/a>, au 1 place Andr\u00e9 Malraux, \u00e0 proximit\u00e9 imm\u00e9diate du Ch\u00e2teau. Le chef&nbsp;<strong>Romain CAZAL<\/strong>&nbsp;y propose une cuisine inspir\u00e9e notamment du sud et de la Corse \u00e9labor\u00e9e \u00e0 partir de produits frais. Dans une ambiance bistro chaleureuse et conviviale, vous aurez chaque soir une carte enrichie par de nouvelles suggestions, et chaque midi en semaine une formule adapt\u00e9e.<\/p>\n\n\n\n<p><strong>David Kolski<\/strong>&nbsp;a ensuite parl\u00e9 culture avec&nbsp;<strong>Beno\u00eet Battistelli<\/strong>, maire-adjoint charg\u00e9 de la Culture. En plus du&nbsp;<strong>ch\u00e2teau, Saint-Germain-en-Laye<\/strong>&nbsp;c\u2019est aussi le&nbsp;<a href=\"https:\/\/tad.saintgermainenlaye.fr\/\" target=\"_blank\" rel=\"noreferrer noopener\"><strong>Th\u00e9\u00e2tre Alexandre-Dumas<\/strong><\/a>, le&nbsp;<a href=\"https:\/\/www.saintgermainenlaye.fr\/150\/le-conservatoire-claude-debussy-crd.htm\" target=\"_blank\" rel=\"noreferrer noopener\"><strong>Conservatoire Claude Debussy<\/strong><\/a>, une&nbsp;<a href=\"https:\/\/www.saintgermainenlaye.fr\/209\/micro-folie.htm\" target=\"_blank\" rel=\"noreferrer noopener\"><strong>Micro-Folie<\/strong><\/a>, deux&nbsp;<a href=\"https:\/\/mediatheques.saintgermainenlaye.fr\/fr\/\" target=\"_blank\" rel=\"noreferrer noopener\"><strong>m\u00e9diath\u00e8ques<\/strong><\/a>, plusieurs mus\u00e9es, ou encore&nbsp;<a href=\"https:\/\/www.saintgermainenlaye.fr\/1063\/la-villa-eugenie-desoyer.htm\" target=\"_blank\" rel=\"noreferrer noopener\"><strong>la Villa Eug\u00e9nie D\u00e9soyer<\/strong><\/a>. Avec 25&nbsp;000 \u00e9tudiants, Saint-Germain est aussi une ville d\u2019\u00e9ducation, avec de nombreux lyc\u00e9es, coll\u00e8ges, \u00e9coles. Beno\u00eet Battistelli a \u00e9galement tenu \u00e0 mettre en avant&nbsp;<a href=\"https:\/\/culture-en-laye.fr\/\" target=\"_blank\" rel=\"noreferrer noopener\"><strong>l\u2019association&nbsp;<em>Culture en Laye<\/em><\/strong><\/a>, dont le slogan \u00ab&nbsp;<em>Tous pour l\u2019art, l\u2019art pour tous<\/em>&nbsp;\u00bb ne sont pas que de belles paroles. La mission de cette association est de proposer des actions et des \u00e9v\u00e8nements inspirants, en visant \u00e0 faire conna\u00eetre et aimer la culture \u00e0 tous ceux qui n\u2019en n\u2019ont pas un acc\u00e8s imm\u00e9diat mais qui en ont la volont\u00e9 et l\u2019envie.<\/p>\n\n\n\n<p><strong>David Kolski<\/strong>&nbsp;a termin\u00e9 sa visite avec&nbsp;<strong>Fran\u00e7ois Boulet<\/strong>, professeur d&rsquo;histoire et v\u00e9ritable passionn\u00e9 de la commune. Il y fut bien s\u00fbr question du&nbsp;<a rel=\"noreferrer noopener\" href=\"https:\/\/www.saintgermainenlaye.fr\/1383\/chateau-de-saint-germain-en-laye-un-lieu-a-l-histoire-riche.htm\" target=\"_blank\"><strong>Ch\u00e2teau de Saint-Germain-en-Laye<\/strong><\/a>, le neuf et le vieux, l\u00e0 o\u00f9 Louis XIV est n\u00e9 le 5 septembre 1638. Outre de magnifiques jardins, on y trouve d\u00e9sormais&nbsp;<a rel=\"noreferrer noopener\" href=\"https:\/\/musee-archeologienationale.fr\/\" target=\"_blank\"><strong>le MAN, le Mus\u00e9e d&rsquo;arch\u00e9ologie nationale<\/strong><\/a>&nbsp;au Domaine national de Saint-Germain-en-Laye. C\u2019est un mus\u00e9e consacr\u00e9 \u00e0 l&rsquo;arch\u00e9ologie de la France. Il pr\u00e9sente \u00e9galement une riche collection d&rsquo;arch\u00e9ologie compar\u00e9e des cinq continents. On y trouve jusqu\u2019au 22 mai 2023&nbsp;<a rel=\"noreferrer noopener\" href=\"https:\/\/musee-archeologienationale.fr\/actualite\/le-monde-de-clovis-lexposition-dont-vous-etes-le-heros\" target=\"_blank\"><strong><em>Le monde de Clovis<\/em>, une exposition<\/strong><\/a>&nbsp;tr\u00e8s vivante dont vous \u00eates le h\u00e9ros, en vous glissant dans la peau d\u2019un des quatre personnages propos\u00e9s.<\/p>\n\n\n\n<p><\/p>\n\n\n\n<hr class=\"wp-block-separator has-alpha-channel-opacity\"\/>\n\n\n\n<div style=\"height:18px\" aria-hidden=\"true\" class=\"wp-block-spacer\"><\/div>\n\n\n\n<figure class=\"wp-block-table\"><table><tbody><tr><td>Sujet <\/td><td><strong>Discours d&rsquo;Arnaud P\u00e9ricard<\/strong><\/td><\/tr><tr><td>Lien<\/td><td><a href=\"https:\/\/www.villesetvillagesouilfaitbonvivre.com\/vivre-a-Saint-Germain-en-Laye-78100\/78551\/78\">Ici<\/a><\/td><\/tr><tr><td>Origine<\/td><td>Villes &amp; villages o\u00f9 il fait bon vivre<\/td><\/tr><tr><td>Date de r\u00e9vision<\/td><td>19\/04\/2023<\/td><\/tr><\/tbody><\/table><\/figure>\n\n\n<p style=\"font-weight: 400;\">\u00a0 \u00a0L\u2019avenir s\u2019\u00e9crit \u00e0 Saint-Germain-en-Laye, avec une volont\u00e9 d\u2019action et une vision partag\u00e9es. Celles qui nous permettent de nous retrouver avec nos habitants sur l\u2019essentiel, l\u2019amour de notre ville et la d\u00e9fense de l\u2019int\u00e9r\u00eat g\u00e9n\u00e9ral. L\u2019ouverture \u00e0 l\u2019autre, \u00e0 l\u2019international, l\u2019esprit constructif qui nous anime et le respect de la tradition n\u2019hypoth\u00e8quent en rien notre engagement vers la modernit\u00e9.<\/p>\n<p style=\"font-weight: 400;\">\u00a0\u00a0 Nous relevons ensemble ce d\u00e9fi de l\u2019audace et de l\u2019avenir, en respectant ce qui fait Saint-Germain-en-Laye, son caract\u00e8re patrimoniale, culturel et naturel, son excellence \u00e9ducative et sa vocation universitaire.<\/p>\n<p style=\"font-weight: 400;\">\u00a0\u00a0 Nous relevons le d\u00e9fi des transports avec une ville remarquablement desservie, celui du cadre de vie avec la qualit\u00e9 de nos commerces de proximit\u00e9 qui font notre identit\u00e9.<\/p>\n<p style=\"font-weight: 400;\">\u00a0\u00a0 Nous relevons le d\u00e9fi de la transition \u00e9cologique. Nous portons ce bouillonnement culturel, ce dialogue permanent avec nos administr\u00e9s. Prenons-les comme une chance de nous r\u00e9inventer.<\/p>\n\n\n<hr class=\"wp-block-separator has-alpha-channel-opacity\"\/>\n\n\n\n<div style=\"height:18px\" aria-hidden=\"true\" class=\"wp-block-spacer\"><\/div>\n\n\n\n<figure class=\"wp-block-table\"><table><tbody><tr><td>Sujet <\/td><td><strong>Discours de Michel P\u00e9ricard<\/strong><\/td><\/tr><tr><td>Lien<\/td><td>Aucun<\/td><\/tr><tr><td>Origine<\/td><td>Ville d&rsquo;art et d&rsquo;histoire<\/td><\/tr><tr><td>Date de r\u00e9vision<\/td><td>19\/04\/2023<\/td><\/tr><\/tbody><\/table><\/figure>\n\n\n\n<figure class=\"wp-block-image aligncenter size-large is-resized has-custom-border wp-duotone-primary-and-tertiary\"><img loading=\"lazy\" decoding=\"async\" src=\"http:\/\/saint-germain.us\/wp-content\/uploads\/2023\/08\/mp-1024x642.jpg\" alt=\"\" class=\"wp-image-2568\" style=\"border-width:3px;width:446px;height:280px\" width=\"446\" height=\"280\" srcset=\"https:\/\/saint-germain.us\/wp-content\/uploads\/2023\/08\/mp-1024x642.jpg 1024w, https:\/\/saint-germain.us\/wp-content\/uploads\/2023\/08\/mp-300x188.jpg 300w, https:\/\/saint-germain.us\/wp-content\/uploads\/2023\/08\/mp-768x481.jpg 768w, https:\/\/saint-germain.us\/wp-content\/uploads\/2023\/08\/mp-1536x963.jpg 1536w, https:\/\/saint-germain.us\/wp-content\/uploads\/2023\/08\/mp-2048x1284.jpg 2048w\" sizes=\"auto, (max-width: 446px) 100vw, 446px\" \/><figcaption class=\"wp-element-caption\">Message de Michel P\u00e9ricard (Photo@Philippe GOUT) <\/figcaption><\/figure>\n\n\n<p><strong>\u201c<em>Saint-Germain, lieu unique pour rassembler les merveilles de la vue, l&rsquo;immense plain-pied d&rsquo;une for\u00eat toute joignante, unique encore par la beaut\u00e9 de ses <\/em><em>arbres, de son terrain, de sa situation.<\/em>..<\/strong>\u00ab\u00a0.<\/p>\n<p><strong><em>Saint-Simon,M\u00e9moires<\/em><\/strong><\/p>\n<p>Bienvenue \u00e0 Saint-Germain-en-Laye, ville d&rsquo;art et d&rsquo;histoire que cette plaquette vous invite \u00e0 conna\u00eetre &#8211; il faut remercier tous ceux qui en ont permis l&rsquo;\u00e9dition.<\/p>\n<p>Je souhaite que vous parcouriez les rues de Saint-Germain anim\u00e9es par de multiples et attrayantes vitrines, que vous regardiez ces vieilles maisons, souvent sans pr\u00e9tention mais qui expriment bien l&rsquo;\u00e2me de notre ville.<\/p>\n<p>La pr\u00e9servation des sites et des monuments les plus c\u00e9l\u00e8bres, for\u00eat, terrasse, ch\u00e2teau, suppose \u00e9galement la pr\u00e9servation de leur environnement, m\u00eame le plus modeste. Voil\u00e0 pourquoi la municipalit\u00e9 a multipli\u00e9 les efforts pour embellir et fleurir la ville, pour que nos vieilles demeures soient prot\u00e9g\u00e9es, mieux: restaur\u00e9es et r\u00e9habilit\u00e9es.<\/p>\n<p>Que serait, par exemple, notre terrasse dont Stendhal dans \u00abLe Rouge et le Noir\u00bb souligne en passant la beaut\u00e9, sans la for\u00eat et sans la pr\u00e9sence du ch\u00e2teau et de nos maisons t\u00e9moins de la vie de notre cit\u00e9, au long de son histoire si riche ?<\/p>\n<p>Puisse aussi cet ouvrage inciter les Saint-Germanois \u00e0 appr\u00e9cier leur exceptionnel patrimoine commun et mesurer que bien des progr\u00e8s ont \u00e9t\u00e9 r\u00e9alis\u00e9s depuis cinq ans pour vivre mieux, dans une ville plus belle.<\/p>\n<p><strong>Michel P\u00e9ricard<\/strong><\/p>\n<p>D\u00e9put\u00e9-maire de Saint-Germain-en-Laye<\/p>\n\n\n<hr class=\"wp-block-separator has-alpha-channel-opacity\"\/>\n\n\n\n<h5 class=\"wp-block-heading\">commentaires :<a href=\"http:\/\/saint-germain.us\/index.php\/page-d-exemple\/\"> ICI<\/a><\/h5>\n\n\n\n<hr class=\"wp-block-separator has-alpha-channel-opacity\"\/>\n","protected":false},"excerpt":{"rendered":"<p>DISCOURS DES MAIRES et + Les maires de Saint-Germain-en-Laye La commune o\u00f9 il fait bon vivre &#8230; Sujet La commune o\u00f9 il fait bon vivre Lien Ici Origine Francebleu Date de r\u00e9vision 10\/08\/2023 Ce mardi 24 janvier janvier 2023,&nbsp;Saint-Germain-en-Laye&nbsp;fut la douzi\u00e8me des quinze communes finalistes de notre grande op\u00e9ration de \u00ab&nbsp;La commune o\u00f9 il fait [&hellip;]<\/p>\n","protected":false},"author":1,"featured_media":0,"parent":0,"menu_order":0,"comment_status":"closed","ping_status":"closed","template":"","meta":{"footnotes":""},"class_list":["post-9","page","type-page","status-publish","hentry"],"_links":{"self":[{"href":"https:\/\/saint-germain.us\/index.php\/wp-json\/wp\/v2\/pages\/9","targetHints":{"allow":["GET"]}}],"collection":[{"href":"https:\/\/saint-germain.us\/index.php\/wp-json\/wp\/v2\/pages"}],"about":[{"href":"https:\/\/saint-germain.us\/index.php\/wp-json\/wp\/v2\/types\/page"}],"author":[{"embeddable":true,"href":"https:\/\/saint-germain.us\/index.php\/wp-json\/wp\/v2\/users\/1"}],"replies":[{"embeddable":true,"href":"https:\/\/saint-germain.us\/index.php\/wp-json\/wp\/v2\/comments?post=9"}],"version-history":[{"count":27,"href":"https:\/\/saint-germain.us\/index.php\/wp-json\/wp\/v2\/pages\/9\/revisions"}],"predecessor-version":[{"id":2831,"href":"https:\/\/saint-germain.us\/index.php\/wp-json\/wp\/v2\/pages\/9\/revisions\/2831"}],"wp:attachment":[{"href":"https:\/\/saint-germain.us\/index.php\/wp-json\/wp\/v2\/media?parent=9"}],"curies":[{"name":"wp","href":"https:\/\/api.w.org\/{rel}","templated":true}]}}