{"id":900,"date":"2023-06-01T17:15:48","date_gmt":"2023-06-01T15:15:48","guid":{"rendered":"http:\/\/saint-germain.us\/?page_id=900"},"modified":"2023-09-05T09:45:10","modified_gmt":"2023-09-05T07:45:10","slug":"p40","status":"publish","type":"page","link":"https:\/\/saint-germain.us\/index.php\/p40\/","title":{"rendered":"P40"},"content":{"rendered":"\n<h2 class=\"wp-block-heading\">Les rues de Saint-Germain-en-Laye<\/h2>\n\n\n\n<hr class=\"wp-block-separator has-alpha-channel-opacity\"\/>\n\n\n<p><span style=\"color: #333399;\">La page pr\u00e9sente :<\/span><\/p>\n<ul>\n<li><span style=\"color: #333399;\">Un dessin de Juliette Talahari inspir\u00e9 du livre \u00ab\u00a0Au fil des rues\u00a0\u00bb de Robert Ha\u00efat et Jacques Berlie (Editions Les presses Franciliennes\u00a0\u00bb.<\/span><\/li>\n<li><span style=\"color: #333399;\">Derri\u00e8re l&rsquo;avenue de Winchester.<\/span><\/li>\n<\/ul>\n<p><span style=\"color: #333399; font-size: revert; font-family: var(--wp--preset--font-family--system-font); background-color: var(--wp--preset--color--background);\">Carte du livre : Toutes<\/span><\/p>\n<p><span style=\"color: #333399;\"><em>Vous pouvez laisser des commentaires en bas de page.<\/em><\/span><\/p>\n\n\n<hr class=\"wp-block-separator has-alpha-channel-opacity\"\/>\n\n\n\n<div style=\"height:18px\" aria-hidden=\"true\" class=\"wp-block-spacer\"><\/div>\n\n\n\n<figure class=\"wp-block-image size-large\"><img loading=\"lazy\" decoding=\"async\" width=\"1024\" height=\"640\" src=\"http:\/\/saint-germain.us\/wp-content\/uploads\/2023\/08\/Rue-dAlsace-c-1024x640.jpg\" alt=\"\" class=\"wp-image-2465\" srcset=\"https:\/\/saint-germain.us\/wp-content\/uploads\/2023\/08\/Rue-dAlsace-c-1024x640.jpg 1024w, https:\/\/saint-germain.us\/wp-content\/uploads\/2023\/08\/Rue-dAlsace-c-300x188.jpg 300w, https:\/\/saint-germain.us\/wp-content\/uploads\/2023\/08\/Rue-dAlsace-c-768x480.jpg 768w, https:\/\/saint-germain.us\/wp-content\/uploads\/2023\/08\/Rue-dAlsace-c-1536x960.jpg 1536w, https:\/\/saint-germain.us\/wp-content\/uploads\/2023\/08\/Rue-dAlsace-c-2048x1280.jpg 2048w\" sizes=\"auto, (max-width: 1024px) 100vw, 1024px\" \/><figcaption class=\"wp-element-caption\">Rue d&rsquo;Alsace (Am\u00e9lior\u00e9e @Philippe GOUT)<\/figcaption><\/figure>\n\n\n\n<figure class=\"wp-block-image size-full\"><img loading=\"lazy\" decoding=\"async\" width=\"1024\" height=\"632\" src=\"http:\/\/saint-germain.us\/wp-content\/uploads\/2023\/08\/Vieux-marche.jpg\" alt=\"\" class=\"wp-image-2466\" srcset=\"https:\/\/saint-germain.us\/wp-content\/uploads\/2023\/08\/Vieux-marche.jpg 1024w, https:\/\/saint-germain.us\/wp-content\/uploads\/2023\/08\/Vieux-marche-300x185.jpg 300w, https:\/\/saint-germain.us\/wp-content\/uploads\/2023\/08\/Vieux-marche-768x474.jpg 768w\" sizes=\"auto, (max-width: 1024px) 100vw, 1024px\" \/><figcaption class=\"wp-element-caption\">Rue du Vieux march\u00e9 (Am\u00e9lior\u00e9e @Philippe GOUT) <\/figcaption><\/figure>\n\n\n\n<figure class=\"wp-block-image size-large\"><img loading=\"lazy\" decoding=\"async\" width=\"1024\" height=\"751\" src=\"http:\/\/saint-germain.us\/wp-content\/uploads\/2023\/07\/Rue-de-Lorraine-e1690881064878-1024x751.jpg\" alt=\"\" class=\"wp-image-1814\" srcset=\"https:\/\/saint-germain.us\/wp-content\/uploads\/2023\/07\/Rue-de-Lorraine-e1690881064878-1024x751.jpg 1024w, https:\/\/saint-germain.us\/wp-content\/uploads\/2023\/07\/Rue-de-Lorraine-e1690881064878-300x220.jpg 300w, https:\/\/saint-germain.us\/wp-content\/uploads\/2023\/07\/Rue-de-Lorraine-e1690881064878-768x563.jpg 768w, https:\/\/saint-germain.us\/wp-content\/uploads\/2023\/07\/Rue-de-Lorraine-e1690881064878.jpg 1264w\" sizes=\"auto, (max-width: 1024px) 100vw, 1024px\" \/><figcaption class=\"wp-element-caption\">Rue de Lorraine (@E.R.)<\/figcaption><\/figure>\n\n\n\n<figure class=\"wp-block-image aligncenter size-large\"><img loading=\"lazy\" decoding=\"async\" width=\"768\" height=\"1024\" src=\"http:\/\/saint-germain.us\/wp-content\/uploads\/2023\/07\/Impasse-St-Vincent-bd-768x1024.jpg\" alt=\"\" class=\"wp-image-1816\" srcset=\"https:\/\/saint-germain.us\/wp-content\/uploads\/2023\/07\/Impasse-St-Vincent-bd-768x1024.jpg 768w, https:\/\/saint-germain.us\/wp-content\/uploads\/2023\/07\/Impasse-St-Vincent-bd-225x300.jpg 225w, https:\/\/saint-germain.us\/wp-content\/uploads\/2023\/07\/Impasse-St-Vincent-bd-1152x1536.jpg 1152w, https:\/\/saint-germain.us\/wp-content\/uploads\/2023\/07\/Impasse-St-Vincent-bd-1536x2048.jpg 1536w, https:\/\/saint-germain.us\/wp-content\/uploads\/2023\/07\/Impasse-St-Vincent-bd-scaled.jpg 1920w\" sizes=\"auto, (max-width: 768px) 100vw, 768px\" \/><figcaption class=\"wp-element-caption\">Impasse Saint-Vincent (@Philippe GOUT)<\/figcaption><\/figure>\n\n\n\n<hr class=\"wp-block-separator has-alpha-channel-opacity\"\/>\n\n\n\n<div style=\"height:18px\" aria-hidden=\"true\" class=\"wp-block-spacer\"><\/div>\n\n\n\n<figure class=\"wp-block-table\"><table><tbody><tr><td>Sujet <\/td><td>Au fil des rues<\/td><\/tr><tr><td>Lien<\/td><td><a href=\"http:\/\/www.lespressesfranciliennes.com\/au%20fil%20des%20rues.html\">Ici<\/a><\/td><\/tr><tr><td>Origine<\/td><td>Les Presses Franciliennes<\/td><\/tr><tr><td>Date du document<\/td><td><\/td><\/tr><tr><td>Date de r\u00e9vision<\/td><td>15\/05\/2023<\/td><\/tr><\/tbody><\/table><\/figure>\n\n\n\n<p><\/p>\n\n\n\n<p>Ce livre, Michel P\u00e9ricard l&rsquo;avait voulu, le concevant comme devant \u00eatre r\u00e9alis\u00e9 \u00e0 partir des t\u00e9moignages des Saint-Germanois, assortis des photographies qu&rsquo;ils ont bien voulu nous confier.<\/p>\n\n\n\n<p>C&rsquo;est donc l&rsquo;histoire telle que ses habitants l&rsquo;ont v\u00e9cue qui estici pr\u00e9sent\u00e9e ; une sorte de saisie de la m\u00e9moire imm\u00e9diate.<\/p>\n\n\n\n<p>Michel P\u00e9ricard devait bien \u00e9videmment apporter son propre t\u00e9moignage.<\/p>\n\n\n\n<p>Malgr\u00e9 sa disparition pr\u00e9matur\u00e9e, l&rsquo;interview t\u00e9l\u00e9vis\u00e9e qu&rsquo;il avait donn\u00e9e \u00e0 l&rsquo;\u00e9quipe d&rsquo;Yvelines Premi\u00e8re nous permet de faire revivre l&rsquo;attachement profond qu&rsquo;il portait \u00e0 notre ville, dont la phrase qui ouvre cet ouvrage est le symbole.<\/p>\n\n\n\n<p>N\u00e9 dans notre ville et profond\u00e9ment attach\u00e9 \u00e0 elle, j&rsquo;ai tenu \u00e0 assurer la continuit\u00e9 et la r\u00e9alisation de ce projet qui me tenait aussi \u00e0 c\u0153ur.<\/p>\n\n\n\n<p>Sous la conduite du Docteur Jacques Berlie, maire-adjoint charg\u00e9 des affaires culturelles, Madame Nathalie Forteau, historienne, a r\u00e9alis\u00e9 l&rsquo;enqu\u00eate, le recueil de t\u00e9moignages et la r\u00e9daction de l&rsquo;ouvrage \u00ab Saint-Germain-en-Laye au XX si\u00e8cle. Images et t\u00e9moignages\u00bb.<\/p>\n\n\n\n<p>Au travers de ces pages et de nombreux t\u00e9moignages, le lecteur pourra surtout comprendre l&rsquo;\u00e9volution de notre ville, lente d&rsquo;abord puis acc\u00e9l\u00e9r\u00e9e apr\u00e8s la Lib\u00e9ration. Il pourra mieux comprendre ses mutations profondes et leurs cons\u00e9quences sur la vie quotidienne de ses habitants.<\/p>\n\n\n\n<p>Je veux remercier toutes celles et ceux qui, par la qualit\u00e9 de leurs t\u00e9moignages, par les documents qu&rsquo;ils ont mis \u00e0 notre disposition, ont permis la r\u00e9alisation de cet ouvrage.<\/p>\n\n\n\n<p>Alors que le XX\u00e8me si\u00e8cle s&rsquo;estompe, la mise en perspective de notre pass\u00e9 imm\u00e9diat ne manquera pas d&rsquo;int\u00e9resser tous ceux pour qui Saint-Germain ne sera jamais une ville tout \u00e0 fait comme les autres.<\/p>\n\n\n\n<p><\/p>\n\n\n\n<p><em>Emmanuel Lamy, ancien maire de Saint-Germain-en-Laye<\/em><\/p>\n\n\n\n<div style=\"height:18px\" aria-hidden=\"true\" class=\"wp-block-spacer\"><\/div>\n\n\n\n<figure class=\"wp-block-image size-large\"><img loading=\"lazy\" decoding=\"async\" width=\"812\" height=\"1024\" src=\"http:\/\/saint-germain.us\/wp-content\/uploads\/2023\/05\/Fil-des-rues-812x1024.jpg\" alt=\"\" class=\"wp-image-544\" srcset=\"https:\/\/saint-germain.us\/wp-content\/uploads\/2023\/05\/Fil-des-rues-812x1024.jpg 812w, https:\/\/saint-germain.us\/wp-content\/uploads\/2023\/05\/Fil-des-rues-238x300.jpg 238w, https:\/\/saint-germain.us\/wp-content\/uploads\/2023\/05\/Fil-des-rues-768x968.jpg 768w, https:\/\/saint-germain.us\/wp-content\/uploads\/2023\/05\/Fil-des-rues-1218x1536.jpg 1218w, https:\/\/saint-germain.us\/wp-content\/uploads\/2023\/05\/Fil-des-rues-1624x2048.jpg 1624w, https:\/\/saint-germain.us\/wp-content\/uploads\/2023\/05\/Fil-des-rues-scaled.jpg 2030w\" sizes=\"auto, (max-width: 812px) 100vw, 812px\" \/><\/figure>\n\n\n\n<p>\u00ab Au fil des rues de Saint-Germain-en-Laye \u00bb, livre-passion, vous entra\u00eene \u00e0 parcourir la ville guid\u00e9 par Robert Ha\u00efat, Jacques Berlie et les membres du Groupe de travail du Patrimoine.&nbsp;<\/p>\n\n\n\n<p>C\u2019est en cheminant rue par rue dans ce livre, au travers des quelque 300 voies r\u00e9pertori\u00e9es, accompagn\u00e9 dans votre p\u00e9riple par plus d\u2019un millier de personnages aux nombreuses anecdotes, que vous d\u00e9couvrirez comment si\u00e8cle apr\u00e8s si\u00e8cle Saint-Germain-en-Laye s\u2019est constitu\u00e9 depuis plus de mille ans.<\/p>\n\n\n\n<p>Un texte fouill\u00e9 b\u00e9n\u00e9ficiant des ressources des sites historiques de l\u2019Internet et une riche iconographie souvent in\u00e9dite de plus de 300 images, rehaussent par leur t\u00e9moignage original l\u2019image de la ville actuelle, dont nous n\u2019avions pour seule vision que celle des documents classiques de son histoire ant\u00e9rieure. L\u2019ensemble donne un sens \u00e0 l\u2019\u00e9lan nouveau avec lequel Saint-Germain-en-Laye aborde un deuxi\u00e8me mill\u00e9naire d\u2019existence que l\u2019on pressent aussi actif et f\u00e9cond que le pr\u00e9c\u00e9dent.<br><br>Entrez donc dans ce livre qui vous offre les cl\u00e9s d\u2019un abord attirant dans la connaissance de la vie et du charme de Saint-Germain-en-Laye.<\/p>\n\n\n\n<div style=\"height:18px\" aria-hidden=\"true\" class=\"wp-block-spacer\"><\/div>\n\n\n\n<figure class=\"wp-block-image aligncenter size-large\"><img loading=\"lazy\" decoding=\"async\" width=\"589\" height=\"1024\" src=\"http:\/\/saint-germain.us\/wp-content\/uploads\/2023\/07\/Rue-Saint-Christophe-1-589x1024.jpg\" alt=\"\" class=\"wp-image-1298\" srcset=\"https:\/\/saint-germain.us\/wp-content\/uploads\/2023\/07\/Rue-Saint-Christophe-1-589x1024.jpg 589w, https:\/\/saint-germain.us\/wp-content\/uploads\/2023\/07\/Rue-Saint-Christophe-1-173x300.jpg 173w, https:\/\/saint-germain.us\/wp-content\/uploads\/2023\/07\/Rue-Saint-Christophe-1-768x1335.jpg 768w, https:\/\/saint-germain.us\/wp-content\/uploads\/2023\/07\/Rue-Saint-Christophe-1-883x1536.jpg 883w, https:\/\/saint-germain.us\/wp-content\/uploads\/2023\/07\/Rue-Saint-Christophe-1-1178x2048.jpg 1178w, https:\/\/saint-germain.us\/wp-content\/uploads\/2023\/07\/Rue-Saint-Christophe-1-scaled.jpg 1472w\" sizes=\"auto, (max-width: 589px) 100vw, 589px\" \/><figcaption class=\"wp-element-caption\">Rue Saint Christophe (@Philippe GOUT)<\/figcaption><\/figure>\n\n\n\n<hr class=\"wp-block-separator has-alpha-channel-opacity\"\/>\n\n\n\n<h5 class=\"wp-block-heading\">Localisation<\/h5>\n\n\n\n<p><\/p>\n\n\n\n<figure class=\"wp-block-table\"><table><tbody><tr><td>Sujet <\/td><td>Les rues de Saint Germain (et les places)<\/td><\/tr><tr><td>Lien<\/td><td><a href=\"https:\/\/www.annuaire-mairie.fr\/rue-saint-germain-en-laye.html\">Ici<\/a><\/td><\/tr><tr><td>Origine<\/td><td>Annuaire mairie<\/td><\/tr><tr><td><\/td><td><\/td><\/tr><tr><td>Date de r\u00e9vision<\/td><td>13\/08\/2023<\/td><\/tr><\/tbody><\/table><\/figure>\n\n\n\n<p>Nous avons r\u00e9f\u00e9renc\u00e9 198 rues, 28 places, 19 all\u00e9es, 18 routes, 16 avenues et 9 impasses sur&nbsp;<strong>Saint-Germain-en-Laye<\/strong>.<\/p>\n\n\n\n<hr class=\"wp-block-separator has-alpha-channel-opacity\"\/>\n\n\n\n<h5 class=\"wp-block-heading\">commentaires :<a href=\"http:\/\/saint-germain.us\/index.php\/page-d-exemple\/\"> ICI<\/a><\/h5>\n\n\n\n<hr class=\"wp-block-separator has-alpha-channel-opacity\"\/>\n","protected":false},"excerpt":{"rendered":"<p>Les rues de Saint-Germain-en-Laye La page pr\u00e9sente : Un dessin de Juliette Talahari inspir\u00e9 du livre \u00ab\u00a0Au fil des rues\u00a0\u00bb de Robert Ha\u00efat et Jacques Berlie (Editions Les presses Franciliennes\u00a0\u00bb. Derri\u00e8re l&rsquo;avenue de Winchester. Carte du livre : Toutes Vous pouvez laisser des commentaires en bas de page. Sujet Au fil des rues Lien Ici [&hellip;]<\/p>\n","protected":false},"author":1,"featured_media":0,"parent":0,"menu_order":0,"comment_status":"closed","ping_status":"closed","template":"","meta":{"footnotes":""},"class_list":["post-900","page","type-page","status-publish","hentry"],"_links":{"self":[{"href":"https:\/\/saint-germain.us\/index.php\/wp-json\/wp\/v2\/pages\/900","targetHints":{"allow":["GET"]}}],"collection":[{"href":"https:\/\/saint-germain.us\/index.php\/wp-json\/wp\/v2\/pages"}],"about":[{"href":"https:\/\/saint-germain.us\/index.php\/wp-json\/wp\/v2\/types\/page"}],"author":[{"embeddable":true,"href":"https:\/\/saint-germain.us\/index.php\/wp-json\/wp\/v2\/users\/1"}],"replies":[{"embeddable":true,"href":"https:\/\/saint-germain.us\/index.php\/wp-json\/wp\/v2\/comments?post=900"}],"version-history":[{"count":19,"href":"https:\/\/saint-germain.us\/index.php\/wp-json\/wp\/v2\/pages\/900\/revisions"}],"predecessor-version":[{"id":2731,"href":"https:\/\/saint-germain.us\/index.php\/wp-json\/wp\/v2\/pages\/900\/revisions\/2731"}],"wp:attachment":[{"href":"https:\/\/saint-germain.us\/index.php\/wp-json\/wp\/v2\/media?parent=900"}],"curies":[{"name":"wp","href":"https:\/\/api.w.org\/{rel}","templated":true}]}}