{"id":904,"date":"2023-06-01T17:19:22","date_gmt":"2023-06-01T15:19:22","guid":{"rendered":"http:\/\/saint-germain.us\/?page_id=904"},"modified":"2023-09-22T16:45:59","modified_gmt":"2023-09-22T14:45:59","slug":"p39","status":"publish","type":"page","link":"https:\/\/saint-germain.us\/index.php\/p39\/","title":{"rendered":"P39"},"content":{"rendered":"\n<h2 class=\"wp-block-heading\">Environnement<\/h2>\n\n\n\n<hr class=\"wp-block-separator has-alpha-channel-opacity\"\/>\n\n\n<p><span style=\"color: #333399;\">La page pr\u00e9sente :<\/span><\/p>\n<ul>\n<li><span style=\"color: #000080;\">La mare aux canes,<\/span><\/li>\n<li><span style=\"color: #000080;\">La chaufferie bois, implant\u00e9e dans un espace r\u00e9duit, cette installation, fournit 60 % de la chaleur des abonn\u00e9s au r\u00e9seau chaleur de la ville,<\/span><\/li>\n<li><span style=\"color: #000080;\">Le tram de la ligne T13,<\/span><\/li>\n<li><span style=\"color: #000080;\">Un cycliste rue L\u00e9on D\u00e9soyer,<\/span><\/li>\n<li><span style=\"color: #000080;\">Le quai des possibles, un collectif optimiste pour une transition \u00e9cologique et solidaire\u200b.<\/span><\/li>\n<li><span style=\"color: #000080;\">Le plan d&rsquo;eau du jardin des eaux.<\/span><\/li>\n<\/ul>\n<p><span style=\"color: #333399;\">Carte du livre : &#8230;<\/span><\/p>\n<p><span style=\"color: #333399;\">Adresse : &#8230;<\/span><\/p>\n<p><em><span style=\"color: #333399;\">Vous pouvez ajouter des commentaires en bas de page.<\/span><\/em><\/p>\n\n\n<div style=\"height:19px\" aria-hidden=\"true\" class=\"wp-block-spacer\"><\/div>\n\n\n\n<figure class=\"wp-block-image size-large\"><img loading=\"lazy\" decoding=\"async\" width=\"703\" height=\"1024\" src=\"http:\/\/saint-germain.us\/wp-content\/uploads\/2023\/08\/Bon-air-703x1024.jpg\" alt=\"\" class=\"wp-image-2633\" srcset=\"https:\/\/saint-germain.us\/wp-content\/uploads\/2023\/08\/Bon-air-703x1024.jpg 703w, https:\/\/saint-germain.us\/wp-content\/uploads\/2023\/08\/Bon-air-206x300.jpg 206w, https:\/\/saint-germain.us\/wp-content\/uploads\/2023\/08\/Bon-air-768x1118.jpg 768w, https:\/\/saint-germain.us\/wp-content\/uploads\/2023\/08\/Bon-air.jpg 785w\" sizes=\"auto, (max-width: 703px) 100vw, 703px\" \/><figcaption class=\"wp-element-caption\">MONTAGNE &amp; BON AIR (Am\u00e9lior\u00e9e Philippe GOUT)<\/figcaption><\/figure>\n\n\n\n<figure class=\"wp-block-image size-large\"><img loading=\"lazy\" decoding=\"async\" width=\"768\" height=\"1024\" src=\"http:\/\/saint-germain.us\/wp-content\/uploads\/2023\/07\/Developpement-durable-768x1024.jpg\" alt=\"\" class=\"wp-image-1551\" srcset=\"https:\/\/saint-germain.us\/wp-content\/uploads\/2023\/07\/Developpement-durable-768x1024.jpg 768w, https:\/\/saint-germain.us\/wp-content\/uploads\/2023\/07\/Developpement-durable-225x300.jpg 225w, https:\/\/saint-germain.us\/wp-content\/uploads\/2023\/07\/Developpement-durable-1152x1536.jpg 1152w, https:\/\/saint-germain.us\/wp-content\/uploads\/2023\/07\/Developpement-durable-1536x2048.jpg 1536w, https:\/\/saint-germain.us\/wp-content\/uploads\/2023\/07\/Developpement-durable-scaled.jpg 1920w\" sizes=\"auto, (max-width: 768px) 100vw, 768px\" \/><figcaption class=\"wp-element-caption\">D\u00e9veloppement durable (photo @Philippe GOUT)<\/figcaption><\/figure>\n\n\n\n<figure class=\"wp-block-image aligncenter size-large\"><img loading=\"lazy\" decoding=\"async\" width=\"381\" height=\"1024\" src=\"http:\/\/saint-germain.us\/wp-content\/uploads\/2023\/08\/Eaux-Fourqueux-381x1024.jpg\" alt=\"\" class=\"wp-image-1909\" srcset=\"https:\/\/saint-germain.us\/wp-content\/uploads\/2023\/08\/Eaux-Fourqueux-381x1024.jpg 381w, https:\/\/saint-germain.us\/wp-content\/uploads\/2023\/08\/Eaux-Fourqueux-112x300.jpg 112w, https:\/\/saint-germain.us\/wp-content\/uploads\/2023\/08\/Eaux-Fourqueux-768x2066.jpg 768w, https:\/\/saint-germain.us\/wp-content\/uploads\/2023\/08\/Eaux-Fourqueux-571x1536.jpg 571w, https:\/\/saint-germain.us\/wp-content\/uploads\/2023\/08\/Eaux-Fourqueux-761x2048.jpg 761w, https:\/\/saint-germain.us\/wp-content\/uploads\/2023\/08\/Eaux-Fourqueux-scaled.jpg 952w\" sizes=\"auto, (max-width: 381px) 100vw, 381px\" \/><figcaption class=\"wp-element-caption\">Jardin des eaux (@Philippe GOUT)<\/figcaption><\/figure>\n\n\n\n<figure class=\"wp-block-image size-large\"><img loading=\"lazy\" decoding=\"async\" width=\"1024\" height=\"768\" src=\"http:\/\/saint-germain.us\/wp-content\/uploads\/2023\/09\/IMG_6296-1024x768.jpg\" alt=\"\" class=\"wp-image-3198\" srcset=\"https:\/\/saint-germain.us\/wp-content\/uploads\/2023\/09\/IMG_6296-1024x768.jpg 1024w, https:\/\/saint-germain.us\/wp-content\/uploads\/2023\/09\/IMG_6296-300x225.jpg 300w, https:\/\/saint-germain.us\/wp-content\/uploads\/2023\/09\/IMG_6296-768x576.jpg 768w, https:\/\/saint-germain.us\/wp-content\/uploads\/2023\/09\/IMG_6296-1536x1152.jpg 1536w, https:\/\/saint-germain.us\/wp-content\/uploads\/2023\/09\/IMG_6296-2048x1536.jpg 2048w\" sizes=\"auto, (max-width: 1024px) 100vw, 1024px\" \/><figcaption class=\"wp-element-caption\">Jardin des eaux (@Philippe GOUT)<\/figcaption><\/figure>\n\n\n\n<figure class=\"wp-block-image aligncenter size-large\"><img loading=\"lazy\" decoding=\"async\" width=\"1024\" height=\"532\" src=\"http:\/\/saint-germain.us\/wp-content\/uploads\/2023\/08\/Eaux-fourqueux-2-1024x532.jpg\" alt=\"\" class=\"wp-image-2010\" srcset=\"https:\/\/saint-germain.us\/wp-content\/uploads\/2023\/08\/Eaux-fourqueux-2-1024x532.jpg 1024w, https:\/\/saint-germain.us\/wp-content\/uploads\/2023\/08\/Eaux-fourqueux-2-300x156.jpg 300w, https:\/\/saint-germain.us\/wp-content\/uploads\/2023\/08\/Eaux-fourqueux-2-768x399.jpg 768w, https:\/\/saint-germain.us\/wp-content\/uploads\/2023\/08\/Eaux-fourqueux-2-1536x798.jpg 1536w, https:\/\/saint-germain.us\/wp-content\/uploads\/2023\/08\/Eaux-fourqueux-2-2048x1064.jpg 2048w\" sizes=\"auto, (max-width: 1024px) 100vw, 1024px\" \/><figcaption class=\"wp-element-caption\">Moissonneuse du jardin des eaux \u00e0 Fourqueux (@Philippe GOUT)<\/figcaption><\/figure>\n\n\n\n<figure class=\"wp-block-image size-large\"><img loading=\"lazy\" decoding=\"async\" width=\"1024\" height=\"601\" src=\"http:\/\/saint-germain.us\/wp-content\/uploads\/2023\/08\/Tram-2-1024x601.jpg\" alt=\"\" class=\"wp-image-1998\" srcset=\"https:\/\/saint-germain.us\/wp-content\/uploads\/2023\/08\/Tram-2-1024x601.jpg 1024w, https:\/\/saint-germain.us\/wp-content\/uploads\/2023\/08\/Tram-2-300x176.jpg 300w, https:\/\/saint-germain.us\/wp-content\/uploads\/2023\/08\/Tram-2-768x451.jpg 768w, https:\/\/saint-germain.us\/wp-content\/uploads\/2023\/08\/Tram-2-1536x901.jpg 1536w, https:\/\/saint-germain.us\/wp-content\/uploads\/2023\/08\/Tram-2-2048x1202.jpg 2048w\" sizes=\"auto, (max-width: 1024px) 100vw, 1024px\" \/><figcaption class=\"wp-element-caption\">Cabine du tram de la ligne T13 (@Philippe GOUT)\n<\/figcaption><\/figure>\n\n\n\n<hr class=\"wp-block-separator has-alpha-channel-opacity\"\/>\n\n\n\n<div style=\"height:17px\" aria-hidden=\"true\" class=\"wp-block-spacer\"><\/div>\n\n\n\n<figure class=\"wp-block-table\"><table><tbody><tr><td>Sujet <\/td><td>Marianne d&rsquo;or<\/td><\/tr><tr><td>Lien<\/td><td><a href=\"https:\/\/actu.fr\/ile-de-france\/saint-germain-en-laye_78551\/saint-germain-en-laye-obtient-la-marianne-d-or-du-developpement-durable_49577251.html\">Ici<\/a><\/td><\/tr><tr><td>Origine<\/td><td>78 actu<\/td><\/tr><tr><td><\/td><td><\/td><\/tr><tr><td>Date de r\u00e9vision<\/td><td>3\/08\/2023<\/td><\/tr><\/tbody><\/table><\/figure>\n\n\n\n<h5 class=\"wp-block-heading\">Saint-Germain-en-Laye obtient la Marianne d\u2019or du d\u00e9veloppement durable&nbsp;<\/h5>\n\n\n\n<p>Saint-Germain-en-Laye (Yvelines) a re\u00e7u la Marianne d\u2019or du d\u00e9veloppement durable le 12 mars. Un prix qui r\u00e9compense les diff\u00e9rentes actions d\u2019une ville en mati\u00e8re d&rsquo;environnement.<\/p>\n\n\n\n<p>Depuis de nombreuses ann\u00e9es,&nbsp;<strong>Saint-Germain-en-Laye<\/strong>&nbsp;a amorc\u00e9 plusieurs projets afin de r\u00e9pondre aux probl\u00e9matiques de&nbsp;<strong>d\u00e9veloppement durable<\/strong>. Des actions qui lui ont valu d\u2019\u00eatre r\u00e9compens\u00e9e cette ann\u00e9e de la&nbsp;<strong>Marianne d\u2019or<\/strong>&nbsp;du 36e palmar\u00e8s du Concours national.<\/p>\n\n\n\n<blockquote class=\"wp-block-quote is-layout-flow wp-block-quote-is-layout-flow\">\n<p>\u00ab&nbsp;Cette r\u00e9compense couronne \u00e0 la fois des d\u00e9marches initi\u00e9es il y a une dizaine d\u2019ann\u00e9es, les actions en cours de d\u00e9ploiement et les projets pr\u00e9parant l\u2019avenir.&nbsp;\u00bb<strong>Arnaud P\u00e9ricard<\/strong> Maire de Saint Germain<\/p>\n<\/blockquote>\n\n\n\n<p>Retour sur les diff\u00e9rentes actions qui font de Saint-Germain-en-Laye une ville plus responsable en mati\u00e8re&nbsp;<strong>d\u2019environnement<\/strong>.<\/p>\n\n\n\n<h6 class=\"wp-block-heading\">Pr\u00e9server la for\u00eat domaniale<\/h6>\n\n\n\n<p>Des \u00c9tats g\u00e9n\u00e9raux de la for\u00eat de Saint-Germain ont \u00e9t\u00e9 lanc\u00e9s en 2017 afin de trouver des financements pour la protection des&nbsp;<strong>3&nbsp;500&nbsp;ha du massif forestier<\/strong>.<\/p>\n\n\n\n<p>L\u2019ensemble des partenaires concern\u00e9s ont \u00e9t\u00e9 r\u00e9unis (ONF, financeur, association, collectivit\u00e9\u2026) autour d\u2019actions prioritaires \u00e0 mener comme&nbsp;: un meilleur accueil et meilleure sensibilisation du public en mati\u00e8re de gestion des d\u00e9placements et des d\u00e9chets&nbsp;; pr\u00e9server et reconstituer la biodiversit\u00e9&nbsp;; le statut de \u00ab&nbsp;for\u00eat de protection&nbsp;\u00bb que la for\u00eat domaniale s\u2019est vue attribuer le 7&nbsp;novembre 2019.<\/p>\n\n\n\n<p>\u00ab&nbsp;Une demande \u00e9galement fa\u00eete r\u00e9cemment pour la for\u00eat de Marly, continuit\u00e9 naturelle de celle de Saint-Germain&nbsp;\u00bb, indique la mairie.<\/p>\n\n\n\n<h6 class=\"wp-block-heading\">Plaine de la Jonction<\/h6>\n\n\n\n<p>En partenariat avec le d\u00e9partement des Yvelines, la Ville a amorc\u00e9, d\u00e8s 2015, le r\u00e9am\u00e9nagement de l\u2019Espace Naturel Sensible des Pl\u00e2tri\u00e8res (pr\u00e8s de 6&nbsp;ha). Des jardins familiaux et partag\u00e9s en&nbsp;<strong>permaculture<\/strong>&nbsp;sont ainsi implant\u00e9s dans le site class\u00e9 de la Plaine de la Jonction.<\/p>\n\n\n\n<p>Ce terrain, ouvert au public, sert \u00e9galement de support p\u00e9dagogique \u00e0 diff\u00e9rents modules d\u2019enseignement, en lien avec&nbsp;<strong><a href=\"http:\/\/saint-germain.us\/index.php\/p75\/\">Agrocampus<\/a><\/strong>, le lyc\u00e9e agricole et horticole.<br>La commune a \u00e9galement cr\u00e9\u00e9 un Groupement d\u2019Int\u00e9r\u00eat Public avec l\u2019\u00e9tablissement scolaire pour la production locale de toutes ces plantes d\u2019ornement.<\/p>\n\n\n\n<blockquote class=\"wp-block-quote is-layout-flow wp-block-quote-is-layout-flow\">\n<p>\u00ab&nbsp;Une initiative qui met en valeur le savoir-faire local et r\u00e9duit drastiquement la production de CO2 li\u00e9s au transport de plantes.&nbsp;\u00bb<strong>Mairie de Saint-Germain-en-Laye<\/strong><\/p>\n<\/blockquote>\n\n\n\n<h6 class=\"wp-block-heading\">Investir l\u2019ensemble des citoyens<\/h6>\n\n\n\n<p>La cit\u00e9 a mis en \u0153uvre plusieurs actions afin que les nouvelles g\u00e9n\u00e9rations soient acteurs du d\u00e9veloppement durable. Ainsi, plusieurs campagnes de sensibilisation (au gaspillage notamment) ont vu le jour.<\/p>\n\n\n\n<p>Dans les \u00e9coles, il a \u00e9t\u00e9 mis en place des menus faisant la part belle au&nbsp;<strong>bio et au circuit court<\/strong>, la chasse au plastique dans les cantines (passage au tout inox pour r\u00e9chauffer les plats). De plus, les biod\u00e9chets issus de la collectivit\u00e9 b\u00e9n\u00e9ficient d\u2019une revalorisation par la m\u00e9thanisation.<\/p>\n\n\n\n<p>Compos\u00e9 de citoyens experts ou simplement int\u00e9ress\u00e9 de tous les quartiers, la mairie a cr\u00e9\u00e9 le Conseil consultatif du d\u00e9veloppement durable qui a vocation \u00e0 \u00ab&nbsp;\u00eatre force de proposition et force de r\u00e9action sur les questions relatives \u00e0 l\u2019environnement et au projet de la municipalit\u00e9&nbsp;\u00bb.<\/p>\n\n\n\n<h6 class=\"wp-block-heading\">Des d\u00e9placements plus respectueux<\/h6>\n\n\n\n<p>La Ville a essay\u00e9 de favoriser au maximum les mobilit\u00e9s douces. \u00ab&nbsp;Elle marque durablement l\u2019engagement de la Ville.&nbsp;\u00bb<\/p>\n\n\n\n<p>La flotte de v\u00e9hicules \u00e0 \u00e9nergie combustible a progressivement \u00e9t\u00e9 remplac\u00e9e par des&nbsp;<strong>v\u00e9hicules \u00e9lectrique ou hybride<\/strong>&nbsp;et le personnel dot\u00e9 de v\u00e9lo \u00e9lectrique ou m\u00e9canique pour se d\u00e9placer sur le territoire intra-muros. Parmi le personnel, beaucoup ont \u00e9t\u00e9 aussi form\u00e9s \u00e0 l\u2019\u00e9co-conduite. Ils ont \u00e9galement \u00e9t\u00e9 incit\u00e9s au covoiturage via une plate-forme d\u00e9di\u00e9e sur l\u2019intranet.<\/p>\n\n\n\n<p>Parmi les actions concr\u00e8tes, on peut relever&nbsp;: l\u2019\u00e9largissement des trottoirs, la pi\u00e9tonnisation de la rue de Poissy, la cr\u00e9ation des passerelles au-dessus de la RN13, la gratuit\u00e9 des transports pour les plus de 65&nbsp;ans, le parking v\u00e9lo du RER A d\u00e9di\u00e9 aux seuls deux roues et la mise en circulation de navette \u00e9lectrique.<\/p>\n\n\n\n<h6 class=\"wp-block-heading\">D\u00e9chets et \u00e9nergie<\/h6>\n\n\n\n<p>D\u00e8s 2012, la ville a command\u00e9 un audit de son bilan carbone. Il fallait alors r\u00e9duire un maximum la production de CO2 partout o\u00f9 la collectivit\u00e9 pouvait agir. Une attention particuli\u00e8re a \u00e9t\u00e9 port\u00e9e sur la gestion des d\u00e9chets et des grands efforts de sensibilisation des citoyens au tri et au compostage.<\/p>\n\n\n\n<p>Les Saint-Germanois ont en outre pu b\u00e9n\u00e9ficier de conseil en mati\u00e8re de financement des travaux d\u2019isolation et de r\u00e9duction globale de leur consommation d\u2019\u00e9nergie. L\u2019administration a, de son c\u00f4t\u00e9, r\u00e9nov\u00e9 son propre patrimoine immobilier avec notamment les cr\u00e8ches et les \u00e9coles, jug\u00e9es trop \u00e9nergivores.<\/p>\n\n\n\n<p>Des \u00e9coquartiers ont enfin \u00e9t\u00e9 cr\u00e9\u00e9s et\/ou labellis\u00e9s comme le<a href=\"http:\/\/saint-germain.us\/index.php\/p58\/\"> Bel-Air,<\/a> Lisi\u00e8re Pereire et bient\u00f4t celui de l\u2019h\u00f4pital et du Clos Saint-Louis.<\/p>\n\n\n\n<hr class=\"wp-block-separator has-alpha-channel-opacity\"\/>\n\n\n\n<div style=\"height:17px\" aria-hidden=\"true\" class=\"wp-block-spacer\"><\/div>\n\n\n\n<figure class=\"wp-block-table\"><table><tbody><tr><td>Sujet <\/td><td>15 km de pistes et de bandes cyclables<\/td><\/tr><tr><td>Lien<\/td><td><a href=\"https:\/\/actu.fr\/ile-de-france\/saint-germain-en-laye_78551\/15-km-pistes-bandes-cyclables-saint-germain-laye_13468577.html\">Ici<\/a><\/td><\/tr><tr><td>Origine<\/td><td>78 actu<\/td><\/tr><tr><td><\/td><td><\/td><\/tr><tr><td>Date de r\u00e9vision<\/td><td>15\/08\/2023<\/td><\/tr><\/tbody><\/table><\/figure>\n\n\n\n<h5 class=\"wp-block-heading\">15&nbsp;km de pistes et de bandes cyclables \u00e0 Saint-Germain-en-Laye&nbsp;<\/h5>\n\n\n\n<p>Avec pr\u00e8s de 15&nbsp;km de pistes et de bandes cyclables, Saint-Germain-en-Laye fait figure de tr\u00e8s bon \u00e9l\u00e8ve en mati\u00e8re de place faite aux v\u00e9los.<\/p>\n\n\n\n<p>Dans le secteur,&nbsp;<strong>Saint-Germain-en-Laye<\/strong>&nbsp;fait figure de tr\u00e8s bon \u00e9l\u00e8ve en mati\u00e8re de place faite aux&nbsp;<strong>v\u00e9los<\/strong>. Aujourd\u2019hui, la commune affiche un total de pr\u00e8s de 15&nbsp;km de&nbsp;<strong>pistes<\/strong>&nbsp;et de&nbsp;<strong>bandes cyclables<\/strong>. \u00ab&nbsp;L\u2019objectif est d\u2019encourager les mobilit\u00e9s douces et donc de lutter contre la pollution, indique&nbsp;<strong>Priscille Peugnet<\/strong>, maire adjointe charg\u00e9e des travaux et de la voirie. D\u00e8s que nous le pouvons, par exemple quand nous requalifions des rues, nous avons en t\u00eate la place \u00e0 faire aux v\u00e9los.&nbsp;\u00bb<\/p>\n\n\n\n<h5 class=\"wp-block-heading\">Les cyclistes associ\u00e9s<\/h5>\n\n\n\n<p>Initi\u00e9e il y a de tr\u00e8s nombreuses ann\u00e9es, la politique en faveur de ce type de d\u00e9placement demeure toujours aussi volontariste, et ce, malgr\u00e9 de nombreuses contraintes&nbsp;: c\u0153ur historique aux rues tr\u00e8s \u00e9troites ou pr\u00e9sence de talus sur son territoire. La Ville s\u2019est jou\u00e9e de ces difficult\u00e9s g\u00e9ographiques notamment avec la passerelle longeant le Viaduc, r\u00e9serv\u00e9e aux pi\u00e9tons et&nbsp;<strong>cyclistes<\/strong>, assurant une liaison entre le centre-ville et le quartier du Bel Air.<\/p>\n\n\n\n<p>\u00ab&nbsp;Nous travaillons toujours en lien avec un comit\u00e9 v\u00e9lo compos\u00e9 de cyclistes, ajoute Priscille Peugnet. Nous leur faisons des propositions, nous discutons ensemble et ils nous font un retour avec des propositions. C\u2019est important pour nous d\u2019associer les utilisateurs.&nbsp;\u00bb<\/p>\n\n\n\n<h5 class=\"wp-block-heading\">Deux cents arceaux pour v\u00e9los<\/h5>\n\n\n\n<p>Ces derni\u00e8res ann\u00e9es, ce travail en commun a notamment abouti \u00e0 la mise en place de \u00ab&nbsp;tourne \u00e0 droite&nbsp;\u00bb permettant aux cyclistes de franchir un feu rouge ou des \u00ab&nbsp;doubles sens&nbsp;\u00bb dans certaines des rues du centre-ville o\u00f9 la vitesse est limit\u00e9e \u00e0 30&nbsp;km\/h. \u00ab&nbsp;En c\u0153ur de ville, tout ne peut pas toujours \u00eatre fait, car c\u2019est trop \u00e9troit&nbsp;\u00bb, pr\u00e9cise l\u2019\u00e9lue.<\/p>\n\n\n\n<p>Parall\u00e8lement, la municipalit\u00e9 d\u00e9veloppe les stationnements d\u00e9di\u00e9s en am\u00e9nageant des arceaux pour v\u00e9los \u00e0 proximit\u00e9, entre autres, des \u00e9tablissements publics. Il en existe actuellement pr\u00e8s de deux cents permettant d\u2019y accrocher deux v\u00e9los.<\/p>\n\n\n\n<hr class=\"wp-block-separator has-alpha-channel-opacity\"\/>\n","protected":false},"excerpt":{"rendered":"<p>Environnement La page pr\u00e9sente : La mare aux canes, La chaufferie bois, implant\u00e9e dans un espace r\u00e9duit, cette installation, fournit 60 % de la chaleur des abonn\u00e9s au r\u00e9seau chaleur de la ville, Le tram de la ligne T13, Un cycliste rue L\u00e9on D\u00e9soyer, Le quai des possibles, un collectif optimiste pour une transition \u00e9cologique [&hellip;]<\/p>\n","protected":false},"author":1,"featured_media":0,"parent":0,"menu_order":0,"comment_status":"closed","ping_status":"closed","template":"","meta":{"footnotes":""},"class_list":["post-904","page","type-page","status-publish","hentry"],"_links":{"self":[{"href":"https:\/\/saint-germain.us\/index.php\/wp-json\/wp\/v2\/pages\/904","targetHints":{"allow":["GET"]}}],"collection":[{"href":"https:\/\/saint-germain.us\/index.php\/wp-json\/wp\/v2\/pages"}],"about":[{"href":"https:\/\/saint-germain.us\/index.php\/wp-json\/wp\/v2\/types\/page"}],"author":[{"embeddable":true,"href":"https:\/\/saint-germain.us\/index.php\/wp-json\/wp\/v2\/users\/1"}],"replies":[{"embeddable":true,"href":"https:\/\/saint-germain.us\/index.php\/wp-json\/wp\/v2\/comments?post=904"}],"version-history":[{"count":17,"href":"https:\/\/saint-germain.us\/index.php\/wp-json\/wp\/v2\/pages\/904\/revisions"}],"predecessor-version":[{"id":3199,"href":"https:\/\/saint-germain.us\/index.php\/wp-json\/wp\/v2\/pages\/904\/revisions\/3199"}],"wp:attachment":[{"href":"https:\/\/saint-germain.us\/index.php\/wp-json\/wp\/v2\/media?parent=904"}],"curies":[{"name":"wp","href":"https:\/\/api.w.org\/{rel}","templated":true}]}}