{"id":912,"date":"2023-06-01T17:27:18","date_gmt":"2023-06-01T15:27:18","guid":{"rendered":"http:\/\/saint-germain.us\/?page_id=912"},"modified":"2023-09-14T18:54:38","modified_gmt":"2023-09-14T16:54:38","slug":"p34","status":"publish","type":"page","link":"https:\/\/saint-germain.us\/index.php\/p34\/","title":{"rendered":"P34"},"content":{"rendered":"\n<h2 class=\"wp-block-heading\">D\u00e9part en for\u00eat<\/h2>\n\n\n\n<hr class=\"wp-block-separator has-alpha-channel-opacity\"\/>\n\n\n<p><span style=\"color: #333399;\">La page pr\u00e9sente :<\/span><\/p>\n<ul>\n<li><span style=\"color: #000080;\">Une photo \u00e0 partir de la porte Dauphine,<\/span><\/li>\n<li><span style=\"color: #000080;\">Des arbres remarquables de la For\u00eat.<\/span><\/li>\n<\/ul>\n<p><span style=\"color: #333399;\">Carte du livre : B<\/span><\/p>\n<p><span style=\"color: #333399;\">Adresse : Porte Dauphine<\/span><\/p>\n<p><em><span style=\"color: #333399;\">Vous pouvez ajouter des commentaires en bas de page.<\/span><\/em><\/p>\n\n\n<hr class=\"wp-block-separator has-alpha-channel-opacity\"\/>\n\n\n\n<div style=\"height:18px\" aria-hidden=\"true\" class=\"wp-block-spacer\"><\/div>\n\n\n\n<figure class=\"wp-block-image aligncenter size-large\"><img loading=\"lazy\" decoding=\"async\" width=\"1024\" height=\"704\" src=\"http:\/\/saint-germain.us\/wp-content\/uploads\/2023\/07\/Porte-Dauphine-1024x704.jpg\" alt=\"\" class=\"wp-image-1458\" srcset=\"https:\/\/saint-germain.us\/wp-content\/uploads\/2023\/07\/Porte-Dauphine-1024x704.jpg 1024w, https:\/\/saint-germain.us\/wp-content\/uploads\/2023\/07\/Porte-Dauphine-300x206.jpg 300w, https:\/\/saint-germain.us\/wp-content\/uploads\/2023\/07\/Porte-Dauphine-768x528.jpg 768w, https:\/\/saint-germain.us\/wp-content\/uploads\/2023\/07\/Porte-Dauphine-1536x1056.jpg 1536w, https:\/\/saint-germain.us\/wp-content\/uploads\/2023\/07\/Porte-Dauphine-2048x1409.jpg 2048w\" sizes=\"auto, (max-width: 1024px) 100vw, 1024px\" \/><figcaption class=\"wp-element-caption\">Porte Dauphine (Am\u00e9lior\u00e9e @Philippe GOUT)<\/figcaption><\/figure>\n\n\n\n<figure class=\"wp-block-image size-large\"><img loading=\"lazy\" decoding=\"async\" width=\"934\" height=\"1024\" src=\"http:\/\/saint-germain.us\/wp-content\/uploads\/2023\/07\/Arbres-remarquables-934x1024.jpg\" alt=\"\" class=\"wp-image-1222\" srcset=\"https:\/\/saint-germain.us\/wp-content\/uploads\/2023\/07\/Arbres-remarquables-934x1024.jpg 934w, https:\/\/saint-germain.us\/wp-content\/uploads\/2023\/07\/Arbres-remarquables-274x300.jpg 274w, https:\/\/saint-germain.us\/wp-content\/uploads\/2023\/07\/Arbres-remarquables-768x842.jpg 768w, https:\/\/saint-germain.us\/wp-content\/uploads\/2023\/07\/Arbres-remarquables-1401x1536.jpg 1401w, https:\/\/saint-germain.us\/wp-content\/uploads\/2023\/07\/Arbres-remarquables-1867x2048.jpg 1867w\" sizes=\"auto, (max-width: 934px) 100vw, 934px\" \/><figcaption class=\"wp-element-caption\">Arbres remarquables (@Philippe GOUT)<\/figcaption><\/figure>\n\n\n\n<figure class=\"wp-block-image size-large\"><img loading=\"lazy\" decoding=\"async\" width=\"768\" height=\"1024\" src=\"http:\/\/saint-germain.us\/wp-content\/uploads\/2023\/07\/arbre-rearquable-768x1024.jpg\" alt=\"\" class=\"wp-image-1770\" srcset=\"https:\/\/saint-germain.us\/wp-content\/uploads\/2023\/07\/arbre-rearquable-768x1024.jpg 768w, https:\/\/saint-germain.us\/wp-content\/uploads\/2023\/07\/arbre-rearquable-225x300.jpg 225w, https:\/\/saint-germain.us\/wp-content\/uploads\/2023\/07\/arbre-rearquable-1152x1536.jpg 1152w, https:\/\/saint-germain.us\/wp-content\/uploads\/2023\/07\/arbre-rearquable-1536x2048.jpg 1536w, https:\/\/saint-germain.us\/wp-content\/uploads\/2023\/07\/arbre-rearquable-scaled.jpg 1920w\" sizes=\"auto, (max-width: 768px) 100vw, 768px\" \/><figcaption class=\"wp-element-caption\">Arbre remarquable (@Philippe GOUT)<\/figcaption><\/figure>\n\n\n\n<figure class=\"wp-block-image aligncenter size-large\"><img loading=\"lazy\" decoding=\"async\" width=\"1024\" height=\"576\" src=\"http:\/\/saint-germain.us\/wp-content\/uploads\/2023\/08\/Parc-du-chateau-nb-1024x576.jpg\" alt=\"\" class=\"wp-image-1971\" srcset=\"https:\/\/saint-germain.us\/wp-content\/uploads\/2023\/08\/Parc-du-chateau-nb-1024x576.jpg 1024w, https:\/\/saint-germain.us\/wp-content\/uploads\/2023\/08\/Parc-du-chateau-nb-300x169.jpg 300w, https:\/\/saint-germain.us\/wp-content\/uploads\/2023\/08\/Parc-du-chateau-nb-768x432.jpg 768w, https:\/\/saint-germain.us\/wp-content\/uploads\/2023\/08\/Parc-du-chateau-nb-1536x864.jpg 1536w, https:\/\/saint-germain.us\/wp-content\/uploads\/2023\/08\/Parc-du-chateau-nb-2048x1152.jpg 2048w\" sizes=\"auto, (max-width: 1024px) 100vw, 1024px\" \/><figcaption class=\"wp-element-caption\">Parc du ch\u00e2teau (@Philippe GOUT)\n<\/figcaption><\/figure>\n\n\n\n<figure class=\"wp-block-image aligncenter size-large\"><img loading=\"lazy\" decoding=\"async\" width=\"1024\" height=\"576\" src=\"http:\/\/saint-germain.us\/wp-content\/uploads\/2023\/08\/Maison-forestiere-1024x576.jpg\" alt=\"\" class=\"wp-image-1969\" srcset=\"https:\/\/saint-germain.us\/wp-content\/uploads\/2023\/08\/Maison-forestiere-1024x576.jpg 1024w, https:\/\/saint-germain.us\/wp-content\/uploads\/2023\/08\/Maison-forestiere-300x169.jpg 300w, https:\/\/saint-germain.us\/wp-content\/uploads\/2023\/08\/Maison-forestiere-768x432.jpg 768w, https:\/\/saint-germain.us\/wp-content\/uploads\/2023\/08\/Maison-forestiere-1536x864.jpg 1536w, https:\/\/saint-germain.us\/wp-content\/uploads\/2023\/08\/Maison-forestiere-2048x1152.jpg 2048w\" sizes=\"auto, (max-width: 1024px) 100vw, 1024px\" \/><figcaption class=\"wp-element-caption\">Maison foresti\u00e8re de la Porte Dauphine (@Philippe GOUT)<\/figcaption><\/figure>\n\n\n\n<figure class=\"wp-block-table\"><table><tbody><tr><td>Sujet <\/td><td>Randonn\u00e9e p\u00e9destre<\/td><\/tr><tr><td>Lien<\/td><td><a href=\"https:\/\/www.seine-saintgermain.fr\/fr\/a-voir-a-faire\/sorties-et-loisirs\/randonnees-balades\/a-pied\/randonnee-pedestre-en-foret-de-saint-germain\/\">Ici<\/a><\/td><\/tr><tr><td>Origine<\/td><td>Office de Tourisme Saint Germain Boucles de Seine<\/td><\/tr><tr><td><\/td><td><\/td><\/tr><tr><td>Date de r\u00e9vision<\/td><td>13\/08\/2023<\/td><\/tr><\/tbody><\/table><\/figure>\n\n\n\n<p>Visitez et d\u00e9couvrez au cours d\u2019une balade p\u00e9destre le \u00ab&nbsp;poumon vert&nbsp;\u00bb de notre r\u00e9gion. Facilement accessible depuis le centre ville, la For\u00eat de Saint-Germain-en-Laye vous tend les bras sur 3553 hectares.<\/p>\n\n\n\n<hr class=\"wp-block-separator has-alpha-channel-opacity\"\/>\n\n\n\n<h5 class=\"wp-block-heading\">commentaires :<a href=\"http:\/\/saint-germain.us\/index.php\/page-d-exemple\/\"> ICI<\/a><\/h5>\n","protected":false},"excerpt":{"rendered":"<p>D\u00e9part en for\u00eat La page pr\u00e9sente : Une photo \u00e0 partir de la porte Dauphine, Des arbres remarquables de la For\u00eat. Carte du livre : B Adresse : Porte Dauphine Vous pouvez ajouter des commentaires en bas de page. Sujet Randonn\u00e9e p\u00e9destre Lien Ici Origine Office de Tourisme Saint Germain Boucles de Seine Date de [&hellip;]<\/p>\n","protected":false},"author":1,"featured_media":0,"parent":0,"menu_order":0,"comment_status":"closed","ping_status":"closed","template":"","meta":{"footnotes":""},"class_list":["post-912","page","type-page","status-publish","hentry"],"_links":{"self":[{"href":"https:\/\/saint-germain.us\/index.php\/wp-json\/wp\/v2\/pages\/912","targetHints":{"allow":["GET"]}}],"collection":[{"href":"https:\/\/saint-germain.us\/index.php\/wp-json\/wp\/v2\/pages"}],"about":[{"href":"https:\/\/saint-germain.us\/index.php\/wp-json\/wp\/v2\/types\/page"}],"author":[{"embeddable":true,"href":"https:\/\/saint-germain.us\/index.php\/wp-json\/wp\/v2\/users\/1"}],"replies":[{"embeddable":true,"href":"https:\/\/saint-germain.us\/index.php\/wp-json\/wp\/v2\/comments?post=912"}],"version-history":[{"count":13,"href":"https:\/\/saint-germain.us\/index.php\/wp-json\/wp\/v2\/pages\/912\/revisions"}],"predecessor-version":[{"id":3053,"href":"https:\/\/saint-germain.us\/index.php\/wp-json\/wp\/v2\/pages\/912\/revisions\/3053"}],"wp:attachment":[{"href":"https:\/\/saint-germain.us\/index.php\/wp-json\/wp\/v2\/media?parent=912"}],"curies":[{"name":"wp","href":"https:\/\/api.w.org\/{rel}","templated":true}]}}