{"id":93,"date":"2023-04-29T09:11:38","date_gmt":"2023-04-29T07:11:38","guid":{"rendered":"http:\/\/saint-germain.us\/?page_id=93"},"modified":"2023-08-09T17:52:05","modified_gmt":"2023-08-09T15:52:05","slug":"p31","status":"publish","type":"page","link":"https:\/\/saint-germain.us\/index.php\/p31\/","title":{"rendered":"P31"},"content":{"rendered":"\n<h2 class=\"wp-block-heading\">Couvent des Augustines<\/h2>\n\n\n\n<hr class=\"wp-block-separator has-alpha-channel-opacity\"\/>\n\n\n<p><span style=\"color: #333399;\">La page pr\u00e9sente le couvent des Augustines \u00e0 l&rsquo;origine (carte postale) et en 2023 (dessin).<\/span><\/p>\n<p><span style=\"color: #333399;\">Carte du livre : D<\/span><\/p>\n<p><span style=\"color: #333399;\"><em>Vous pouvez ajouter des commentaires en bas de page.<\/em><\/span><\/p>\n\n\n<hr class=\"wp-block-separator has-alpha-channel-opacity\"\/>\n\n\n\n<div style=\"height:18px\" aria-hidden=\"true\" class=\"wp-block-spacer\"><\/div>\n\n\n\n<figure class=\"wp-block-image size-large\"><img loading=\"lazy\" decoding=\"async\" width=\"1024\" height=\"703\" src=\"http:\/\/saint-germain.us\/wp-content\/uploads\/2023\/07\/Ursulines-2-1024x703.jpg\" alt=\"\" class=\"wp-image-1746\" srcset=\"https:\/\/saint-germain.us\/wp-content\/uploads\/2023\/07\/Ursulines-2-1024x703.jpg 1024w, https:\/\/saint-germain.us\/wp-content\/uploads\/2023\/07\/Ursulines-2-300x206.jpg 300w, https:\/\/saint-germain.us\/wp-content\/uploads\/2023\/07\/Ursulines-2-768x527.jpg 768w, https:\/\/saint-germain.us\/wp-content\/uploads\/2023\/07\/Ursulines-2-1536x1054.jpg 1536w, https:\/\/saint-germain.us\/wp-content\/uploads\/2023\/07\/Ursulines-2-2048x1406.jpg 2048w\" sizes=\"auto, (max-width: 1024px) 100vw, 1024px\" \/><figcaption class=\"wp-element-caption\">Ancien couvent des Augustines (@Philippe GOUT)<\/figcaption><\/figure>\n\n\n\n<figure class=\"wp-block-image aligncenter size-large\"><img loading=\"lazy\" decoding=\"async\" width=\"1024\" height=\"576\" src=\"http:\/\/saint-germain.us\/wp-content\/uploads\/2023\/07\/Augustines-1024x576.jpg\" alt=\"\" class=\"wp-image-1223\" srcset=\"https:\/\/saint-germain.us\/wp-content\/uploads\/2023\/07\/Augustines-1024x576.jpg 1024w, https:\/\/saint-germain.us\/wp-content\/uploads\/2023\/07\/Augustines-300x169.jpg 300w, https:\/\/saint-germain.us\/wp-content\/uploads\/2023\/07\/Augustines-768x432.jpg 768w, https:\/\/saint-germain.us\/wp-content\/uploads\/2023\/07\/Augustines-1536x864.jpg 1536w, https:\/\/saint-germain.us\/wp-content\/uploads\/2023\/07\/Augustines-2048x1152.jpg 2048w\" sizes=\"auto, (max-width: 1024px) 100vw, 1024px\" \/><figcaption class=\"wp-element-caption\">Les Augustines (@Philippe GOUT)<\/figcaption><\/figure>\n\n\n\n<figure class=\"wp-block-image aligncenter size-large\"><img loading=\"lazy\" decoding=\"async\" width=\"1024\" height=\"576\" src=\"http:\/\/saint-germain.us\/wp-content\/uploads\/2023\/07\/Saint-Augustin-1024x576.jpg\" alt=\"\" class=\"wp-image-1713\" srcset=\"https:\/\/saint-germain.us\/wp-content\/uploads\/2023\/07\/Saint-Augustin-1024x576.jpg 1024w, https:\/\/saint-germain.us\/wp-content\/uploads\/2023\/07\/Saint-Augustin-300x169.jpg 300w, https:\/\/saint-germain.us\/wp-content\/uploads\/2023\/07\/Saint-Augustin-768x432.jpg 768w, https:\/\/saint-germain.us\/wp-content\/uploads\/2023\/07\/Saint-Augustin-1536x864.jpg 1536w, https:\/\/saint-germain.us\/wp-content\/uploads\/2023\/07\/Saint-Augustin-2048x1152.jpg 2048w\" sizes=\"auto, (max-width: 1024px) 100vw, 1024px\" \/><figcaption class=\"wp-element-caption\">Ancien couvent des Augustines (@Philippe GOUT)<\/figcaption><\/figure>\n\n\n\n<hr class=\"wp-block-separator has-alpha-channel-opacity\"\/>\n\n\n\n<div style=\"height:18px\" aria-hidden=\"true\" class=\"wp-block-spacer\"><\/div>\n\n\n\n<figure class=\"wp-block-table\"><table><tbody><tr><td>Sujet <\/td><td>Couvent des Augustines<\/td><\/tr><tr><td>Lien<\/td><td><a href=\"https:\/\/www.pop.culture.gouv.fr\/notice\/merimee\/IA78000045\">Ici<\/a><\/td><\/tr><tr><td>Origine<\/td><td>Minist\u00e8re de la culture<\/td><\/tr><tr><td><\/td><td>Maison de retraite des soeurs Augustines <\/td><\/tr><tr><td>Date de r\u00e9vision<\/td><td>02\/005\/2023<\/td><\/tr><\/tbody><\/table><\/figure>\n\n\n<p>En 1858, installation des soeurs augustines du Saint-Coeur-de-Marie \u00e0 l&#8217;emplacement d&rsquo;une ancienne tannerie. Conservation d&rsquo;une partie des maisons probablement construites vers le milieu du 19e si\u00e8cle, actuellement corps de b\u00e2timent lat\u00e9ral situ\u00e9 rue d&rsquo;Ourches. Au cours de la 2e moiti\u00e9 du 19e si\u00e8cle, construction du corps de b\u00e2timent principal place lamant et de la chapelle. En 1903, agrandissement du corps de b\u00e2timent lat\u00e9ral par l&rsquo;adjonction du corps de b\u00e2timent nord-ouest. Au cours de la 1\u00e8re moiti\u00e9 du 20e si\u00e8cle, construction d&rsquo;une nouvelle aile est, place Lamant, doublant la premi\u00e8re, avec insertion de la chapelle dans les nouveaux b\u00e2timents. Int\u00e9rieur de la chapelle compl\u00e8tement remani\u00e9 vers le milieu du 20e si\u00e8cle.<\/p>\n<\/p>\n\n\n<hr class=\"wp-block-separator has-alpha-channel-opacity\"\/>\n\n\n\n<div style=\"height:18px\" aria-hidden=\"true\" class=\"wp-block-spacer\"><\/div>\n\n\n\n<figure class=\"wp-block-table\"><table><tbody><tr><td>Sujet <\/td><td>Couvent des Augustines<\/td><\/tr><tr><td>Lien<\/td><td><a href=\"http:\/\/stgermaincommerce.over-blog.com\/article-couvent-des-dames-augustines-1-place-lamant-78100-st-germain-en-layecouvent-des-dames-augustines-108293670.html\">Ici<\/a><\/td><\/tr><tr><td>Origine<\/td><td>Blog : les commerces de Saint-Germain-en-Laye<\/td><\/tr><tr><td><\/td><td>Maison de retraite des soeurs Augustines <\/td><\/tr><tr><td>Date de r\u00e9vision<\/td><td>02\/005\/2023<\/td><\/tr><\/tbody><\/table><figcaption class=\"wp-element-caption\"><br><p style=\"white-space: normal; margin: 0px; padding: 0px 0px 5px 30px; box-sizing: border-box; caret-color: rgb(0, 0, 0); color: rgb(0, 0, 0); font-family: &quot;book antiqua&quot;; font-size: 14px; text-align: left;\"><\/p><\/figcaption><\/figure>\n\n\n<div>\n<p>La Communaut\u00e9 religieuse des Augustines&nbsp;du Saint C\u0153ur de Marie s\u2019est implant\u00e9e, en 1858, \u00e0 Saint Germain en Laye, place Lamant,&nbsp;pr\u00e8s de l\u2019h\u00f4pital, dans&nbsp;<em>une ancienne tannerie<\/em>. Autour de cette maison, f\u00fbt b\u00e2tit peu \u00e0 peu&nbsp;l\u2019immeuble actuel.<\/p>\n<\/div>\n<div>\n<p>La fondatrice,&nbsp;Madame Marie Louise HAIS FONTAINE,&nbsp;en religion, M\u00e8re Saint Louis, venait de la Communaut\u00e9 des Augustines&nbsp;desservant l\u2019h\u00f4pital de Saumur.&nbsp;Aujourd&rsquo;hui, maison de Retraite, l\u2019\u00e9tablissement est g\u00e9r\u00e9 par 10 s\u0153urs.<\/p>\n<\/div>\n<div>\n<p>Il s\u2019agit de s\u0153urs hospitali\u00e8res suivant la r\u00e8gle de St Augustin. &nbsp;<span style=\"font-size: revert; color: var(--wp--preset--color--foreground); font-family: var(--wp--preset--font-family--system-font); background-color: var(--wp--preset--color--background);\">La r\u00e8gle est simple : pri\u00e8re, services et louanges.<\/span><\/p>\n<\/div>\n<div>\n<p>&nbsp;Ces s\u0153urs ont choisi de se d\u00e9vouer au Seigneur et au service des autres.<\/p>\n<\/div>\n\n\n<hr class=\"wp-block-separator has-alpha-channel-opacity\"\/>\n\n\n\n<h5 class=\"wp-block-heading\">commentaires :<a href=\"http:\/\/saint-germain.us\/index.php\/page-d-exemple\/\"> ICI<\/a><\/h5>\n\n\n\n<hr class=\"wp-block-separator has-alpha-channel-opacity\"\/>\n","protected":false},"excerpt":{"rendered":"<p>Couvent des Augustines La page pr\u00e9sente le couvent des Augustines \u00e0 l&rsquo;origine (carte postale) et en 2023 (dessin). Carte du livre : D Vous pouvez ajouter des commentaires en bas de page. Sujet Couvent des Augustines Lien Ici Origine Minist\u00e8re de la culture Maison de retraite des soeurs Augustines Date de r\u00e9vision 02\/005\/2023 En 1858, [&hellip;]<\/p>\n","protected":false},"author":1,"featured_media":0,"parent":0,"menu_order":0,"comment_status":"closed","ping_status":"closed","template":"","meta":{"footnotes":""},"class_list":["post-93","page","type-page","status-publish","hentry"],"_links":{"self":[{"href":"https:\/\/saint-germain.us\/index.php\/wp-json\/wp\/v2\/pages\/93","targetHints":{"allow":["GET"]}}],"collection":[{"href":"https:\/\/saint-germain.us\/index.php\/wp-json\/wp\/v2\/pages"}],"about":[{"href":"https:\/\/saint-germain.us\/index.php\/wp-json\/wp\/v2\/types\/page"}],"author":[{"embeddable":true,"href":"https:\/\/saint-germain.us\/index.php\/wp-json\/wp\/v2\/users\/1"}],"replies":[{"embeddable":true,"href":"https:\/\/saint-germain.us\/index.php\/wp-json\/wp\/v2\/comments?post=93"}],"version-history":[{"count":17,"href":"https:\/\/saint-germain.us\/index.php\/wp-json\/wp\/v2\/pages\/93\/revisions"}],"predecessor-version":[{"id":2141,"href":"https:\/\/saint-germain.us\/index.php\/wp-json\/wp\/v2\/pages\/93\/revisions\/2141"}],"wp:attachment":[{"href":"https:\/\/saint-germain.us\/index.php\/wp-json\/wp\/v2\/media?parent=93"}],"curies":[{"name":"wp","href":"https:\/\/api.w.org\/{rel}","templated":true}]}}