{"id":95,"date":"2023-04-29T09:11:53","date_gmt":"2023-04-29T07:11:53","guid":{"rendered":"http:\/\/saint-germain.us\/?page_id=95"},"modified":"2023-09-11T17:33:47","modified_gmt":"2023-09-11T15:33:47","slug":"p36","status":"publish","type":"page","link":"https:\/\/saint-germain.us\/index.php\/p36\/","title":{"rendered":"P36"},"content":{"rendered":"\n<h2 class=\"wp-block-heading\">La loge de la Bonne Foi<\/h2>\n\n\n\n<hr class=\"wp-block-separator has-alpha-channel-opacity\"\/>\n\n\n<p><span style=\"color: #333399;\">La page pr\u00e9sente :<\/span><\/p>\n<ul>\n<li><span style=\"color: #000080;\">Le fanion,<\/span><\/li>\n<li><span style=\"color: #000080;\">Un temple.<\/span><\/li>\n<\/ul>\n<p><span style=\"color: #333399;\">Carte du livre : B<\/span><\/p>\n<p><span style=\"color: #333399;\">Adresse : 46 rue du Mar\u00e9chal Joffre<\/span><\/p>\n<p><em><span style=\"color: #333399;\">Vous pouvez ajouter des commentaires en bas de page.<\/span><\/em><\/p>\n\n\n<hr class=\"wp-block-separator has-alpha-channel-opacity\"\/>\n\n\n\n<div style=\"height:18px\" aria-hidden=\"true\" class=\"wp-block-spacer\"><\/div>\n\n\n\n<figure class=\"wp-block-image aligncenter size-full\"><img loading=\"lazy\" decoding=\"async\" width=\"640\" height=\"360\" src=\"http:\/\/saint-germain.us\/wp-content\/uploads\/2023\/07\/Salle-loge.jpg\" alt=\"\" class=\"wp-image-1757\" srcset=\"https:\/\/saint-germain.us\/wp-content\/uploads\/2023\/07\/Salle-loge.jpg 640w, https:\/\/saint-germain.us\/wp-content\/uploads\/2023\/07\/Salle-loge-300x169.jpg 300w\" sizes=\"auto, (max-width: 640px) 100vw, 640px\" \/><figcaption class=\"wp-element-caption\">Salle de la Loge (@Philippe GOUT)<\/figcaption><\/figure>\n\n\n\n<figure class=\"wp-block-image aligncenter size-large\"><img loading=\"lazy\" decoding=\"async\" width=\"1024\" height=\"768\" src=\"http:\/\/saint-germain.us\/wp-content\/uploads\/2023\/07\/MUSEE-LOGE-1024x768.jpg\" alt=\"\" class=\"wp-image-1427\" srcset=\"https:\/\/saint-germain.us\/wp-content\/uploads\/2023\/07\/MUSEE-LOGE-1024x768.jpg 1024w, https:\/\/saint-germain.us\/wp-content\/uploads\/2023\/07\/MUSEE-LOGE-300x225.jpg 300w, https:\/\/saint-germain.us\/wp-content\/uploads\/2023\/07\/MUSEE-LOGE-768x576.jpg 768w, https:\/\/saint-germain.us\/wp-content\/uploads\/2023\/07\/MUSEE-LOGE-1536x1152.jpg 1536w, https:\/\/saint-germain.us\/wp-content\/uploads\/2023\/07\/MUSEE-LOGE-2048x1536.jpg 2048w\" sizes=\"auto, (max-width: 1024px) 100vw, 1024px\" \/><figcaption class=\"wp-element-caption\">Mus\u00e9e de la Loge de la bonne foi (@Philippe GOUT)<\/figcaption><\/figure>\n\n\n\n<figure class=\"wp-block-image aligncenter size-full\"><img loading=\"lazy\" decoding=\"async\" width=\"440\" height=\"640\" src=\"http:\/\/saint-germain.us\/wp-content\/uploads\/2023\/07\/Alphabet-loge.jpg\" alt=\"\" class=\"wp-image-1758\" srcset=\"https:\/\/saint-germain.us\/wp-content\/uploads\/2023\/07\/Alphabet-loge.jpg 440w, https:\/\/saint-germain.us\/wp-content\/uploads\/2023\/07\/Alphabet-loge-206x300.jpg 206w\" sizes=\"auto, (max-width: 440px) 100vw, 440px\" \/><figcaption class=\"wp-element-caption\">Alphabet de la Loge (@Philippe GOUT)<\/figcaption><\/figure>\n\n\n\n<figure class=\"wp-block-image aligncenter size-full\"><img loading=\"lazy\" decoding=\"async\" width=\"458\" height=\"640\" src=\"http:\/\/saint-germain.us\/wp-content\/uploads\/2023\/07\/Annuaire-loge.jpg\" alt=\"\" class=\"wp-image-1756\" srcset=\"https:\/\/saint-germain.us\/wp-content\/uploads\/2023\/07\/Annuaire-loge.jpg 458w, https:\/\/saint-germain.us\/wp-content\/uploads\/2023\/07\/Annuaire-loge-215x300.jpg 215w\" sizes=\"auto, (max-width: 458px) 100vw, 458px\" \/><figcaption class=\"wp-element-caption\">Annuaire de la Loge (@Philippe GOUT)<\/figcaption><\/figure>\n\n\n\n<figure class=\"wp-block-image aligncenter size-full\"><img loading=\"lazy\" decoding=\"async\" width=\"640\" height=\"347\" src=\"http:\/\/saint-germain.us\/wp-content\/uploads\/2023\/07\/Grade-loge.jpg\" alt=\"\" class=\"wp-image-1755\" srcset=\"https:\/\/saint-germain.us\/wp-content\/uploads\/2023\/07\/Grade-loge.jpg 640w, https:\/\/saint-germain.us\/wp-content\/uploads\/2023\/07\/Grade-loge-300x163.jpg 300w\" sizes=\"auto, (max-width: 640px) 100vw, 640px\" \/><figcaption class=\"wp-element-caption\">Grades (@Philippe GOUT)\n<\/figcaption><\/figure>\n\n\n\n<hr class=\"wp-block-separator has-alpha-channel-opacity\"\/>\n\n\n\n<div style=\"height:18px\" aria-hidden=\"true\" class=\"wp-block-spacer\"><\/div>\n\n\n\n<figure class=\"wp-block-table\"><table><tbody><tr><td>Sujet <\/td><td>Une Loge tr\u00e8s ancienne<\/td><\/tr><tr><td>Lien<\/td><td><a href=\"https:\/\/www.leparisien.fr\/yvelines-78\/une-loge-tres-ancienne-08-12-2012-2390315.php\">Ici<\/a><\/td><\/tr><tr><td>Origine<\/td><td>Le Parisien<\/td><\/tr><tr><td><\/td><td><\/td><\/tr><tr><td>Date de r\u00e9vision<\/td><td>1\/08\/2023<\/td><\/tr><\/tbody><\/table><\/figure>\n\n\n\n<p>Avec la Bonne Foi, Saint-Germain compte une des plus anciennes loges de France. \u00ab&nbsp;Lorsque Louis&nbsp;XIV a re\u00e7u, \u00e0 la fin du XVIIe&nbsp;si\u00e8cle, son beau-fr\u00e8re et roi d&rsquo;Angleterre, Jacques Stuart&nbsp;II, \u00e0 Saint-Germain, il est venu avec 30000&nbsp;soldats et la franc-ma\u00e7onnerie qui \u00e9tait d&rsquo;abord militaire&nbsp;\u00bb, explique Herv\u00e9 Quinquis. Deux loges, qui fusionneront plus tard, sont cr\u00e9\u00e9es&nbsp;: la Parfaite Egalit\u00e9 et la Bonne Foy. Cette derni\u00e8re perdra son Y final, mais perdurera jusqu&rsquo;\u00e0 aujourd&rsquo;hui. Le centre de Saint-Germain compte d&rsquo;ailleurs un mus\u00e9e, deux temples, une biblioth\u00e8que de 1500&nbsp;ouvrages, dont certains rares, mais aussi une salle de restauration pour les \u00ab&nbsp;agapes&nbsp;\u00bb, ces repas suivant les deux tenues ma\u00e7onniques mensuelles de chaque \u00ab&nbsp;atelier&nbsp;\u00bb (loge).<\/p>\n\n\n\n<hr class=\"wp-block-separator has-alpha-channel-opacity\"\/>\n\n\n\n<div style=\"height:18px\" aria-hidden=\"true\" class=\"wp-block-spacer\"><\/div>\n\n\n\n<figure class=\"wp-block-table\"><table><tbody><tr><td>Sujet <\/td><td><strong>Saint-Germain-en-Laye&nbsp;<\/strong>et son Ch\u00e2teau,&nbsp;<br>r\u00e9sidence des rois Stuarts&nbsp;<\/td><\/tr><tr><td>Lien<\/td><td>En attente de v\u00e9rification<\/td><\/tr><tr><td>Origine<\/td><td>GLFREP<\/td><\/tr><tr><td><\/td><td><\/td><\/tr><tr><td>Date de r\u00e9vision<\/td><td>1\/08\/2023<\/td><\/tr><\/tbody><\/table><\/figure>\n\n\n\n<p>C\u2019est \u00e0 Saint-Germain-en-Laye que s\u2019installe l\u2019une des premi\u00e8res loges francs-ma\u00e7onnes fran\u00e7aises, au tournant des XVII\u00b0 et XVIII\u00b0 si\u00e8cles.<\/p>\n\n\n\n<p>\u2026..Janvier 1689. A Saint-Germain-en-Laye, c\u2019est l\u2019agitation g\u00e9n\u00e9rale&nbsp;: chass\u00e9 du tr\u00f4ne d\u2019Angleterre par sa fille Marie et son \u00e9poux Guillaume d\u2019Orange, Jacques Stuart, ci-devant Jacques II d\u2019Angleterre (1633-1701), vient s\u2019installer avec sa cour et deux r\u00e9giments, bien d\u00e9cid\u00e9 \u00e0 prendre sa revanche. Le bruit court en ville que, parmi les officiers \u00e9trangers, certains se livrent le soir \u00e0 d\u2019\u00e9tranges c\u00e9r\u00e9monies. On parle de militaires portant tabliers et sautoirs orn\u00e9s de symboles inconnus, qui se r\u00e9unissent dans une pi\u00e8ce dont le sol est marqu\u00e9 par un damier. Au plafond, des \u00e9toiles d\u2019argent&nbsp;; suspendus aux tentures, une lune, un soleil\u2026 Un temple franc-ma\u00e7on&nbsp;? C\u2019est l\u2019hypoth\u00e8se formul\u00e9e en 1908 par l\u2019un des premiers historiens cr\u00e9dibles de la franc-ma\u00e7onnerie, Gustave Bord&nbsp;: \u00ab&nbsp;Tout porte \u00e0 croire, \u00e9crit-il dans la Franc-Ma\u00e7onnerie en France des origines \u00e0 1815, que la premi\u00e8re loge battant maillet en France fut La Bonne Foi \u00e0 l\u2019Orient des gardes \u00e9cossaises du roi d\u2019Angleterre (r\u00e9giment de Dillon).<\/p>\n\n\n\n<p>&nbsp; &nbsp; Certes de l\u2019aveu m\u00eame de ce farouche adversaire de la franc-ma\u00e7onnerie, les preuves manquent. Mais cela lui semble plus vraisemblable que la version donn\u00e9e par le Grand Orient de France, principale organisation franc-ma\u00e7onne, qui situe plut\u00f4t en 1688 la cr\u00e9ation de la premi\u00e8re loge, la Parfaite Egalit\u00e9, par le r\u00e9giment irlandais de Walsh, lui aussi jacobite \u2013 fid\u00e8le du roi Jacques, de son nom latin Jacobus, et de son fils \u2013 toujours \u00e0 Saint-Germain-en-Laye. Dans les Ducs sous l\u2019acacia ou les premiers pas de la franc-ma\u00e7onnerie fran\u00e7aise (1725-1743), l\u2019un des ouvrages de r\u00e9f\u00e9rence en la mati\u00e8re, Pierre Chevallier doute fort de l\u2019existence de cette Parfaite Egalit\u00e9. L\u2019hypoth\u00e8se de la Bonne Foi lui para\u00eet plus vraisemblable. [\u2026] Pour Pierre Mollier, directeur de la biblioth\u00e8que et du mus\u00e9e du Grand Orient, la seule chose dont on soit s\u00fbr, c\u2019est qu\u2019il y avait en France des loges ma\u00e7onniques dans les ann\u00e9es 1720-1730, probablement form\u00e9es de Jacobites.<\/p>\n\n\n\n<hr class=\"wp-block-separator has-alpha-channel-opacity\"\/>\n\n\n\n<h5 class=\"wp-block-heading\">commentaires :<a href=\"http:\/\/saint-germain.us\/index.php\/page-d-exemple\/\"> ICI<\/a><\/h5>\n\n\n\n<hr class=\"wp-block-separator has-alpha-channel-opacity\"\/>\n","protected":false},"excerpt":{"rendered":"<p>La loge de la Bonne Foi La page pr\u00e9sente : Le fanion, Un temple. Carte du livre : B Adresse : 46 rue du Mar\u00e9chal Joffre Vous pouvez ajouter des commentaires en bas de page. Sujet Une Loge tr\u00e8s ancienne Lien Ici Origine Le Parisien Date de r\u00e9vision 1\/08\/2023 Avec la Bonne Foi, Saint-Germain compte [&hellip;]<\/p>\n","protected":false},"author":1,"featured_media":0,"parent":0,"menu_order":0,"comment_status":"closed","ping_status":"closed","template":"","meta":{"footnotes":""},"class_list":["post-95","page","type-page","status-publish","hentry"],"_links":{"self":[{"href":"https:\/\/saint-germain.us\/index.php\/wp-json\/wp\/v2\/pages\/95","targetHints":{"allow":["GET"]}}],"collection":[{"href":"https:\/\/saint-germain.us\/index.php\/wp-json\/wp\/v2\/pages"}],"about":[{"href":"https:\/\/saint-germain.us\/index.php\/wp-json\/wp\/v2\/types\/page"}],"author":[{"embeddable":true,"href":"https:\/\/saint-germain.us\/index.php\/wp-json\/wp\/v2\/users\/1"}],"replies":[{"embeddable":true,"href":"https:\/\/saint-germain.us\/index.php\/wp-json\/wp\/v2\/comments?post=95"}],"version-history":[{"count":12,"href":"https:\/\/saint-germain.us\/index.php\/wp-json\/wp\/v2\/pages\/95\/revisions"}],"predecessor-version":[{"id":2904,"href":"https:\/\/saint-germain.us\/index.php\/wp-json\/wp\/v2\/pages\/95\/revisions\/2904"}],"wp:attachment":[{"href":"https:\/\/saint-germain.us\/index.php\/wp-json\/wp\/v2\/media?parent=95"}],"curies":[{"name":"wp","href":"https:\/\/api.w.org\/{rel}","templated":true}]}}